{"id":18560,"date":"2023-03-01T15:20:16","date_gmt":"2023-03-01T15:20:16","guid":{"rendered":"https:\/\/urosassociats.com\/ibiza-uros-associats\/"},"modified":"2026-04-10T06:16:47","modified_gmt":"2026-04-10T06:16:47","slug":"ibiza-uros-associats","status":"publish","type":"page","link":"https:\/\/urosassociats.com\/ca\/ibiza-uros-associats\/","title":{"rendered":"Ibiza Uros Associats"},"content":{"rendered":"<div id=\"cmsmasters_row_vh23rlrkol\" class=\"cmsmasters_row cmsmasters_color_scheme_default cmsmasters_row_top_default cmsmasters_row_bot_default cmsmasters_row_boxed\">\n<div class=\"cmsmasters_row_outer_parent\">\n<div class=\"cmsmasters_row_outer\">\n<div class=\"cmsmasters_row_inner\">\n<div class=\"cmsmasters_row_margin\">\n<div id=\"cmsmasters_column_4qyqigny0k\" class=\"cmsmasters_column one_first\">\n<div class=\"cmsmasters_column_inner\"><\/div><\/div>\n<\/div>\n<\/div>\n<\/div>\n<\/div>\n<\/div>\n<div id=\"cmsmasters_row_za7uprz95b\" class=\"cmsmasters_row cmsmasters_color_scheme_default cmsmasters_row_top_default cmsmasters_row_bot_default cmsmasters_row_boxed\">\n<div class=\"cmsmasters_row_outer_parent\">\n<div class=\"cmsmasters_row_outer\">\n<div class=\"cmsmasters_row_inner\">\n<div class=\"cmsmasters_row_margin\">\n<div id=\"cmsmasters_column_ut6z5aaz8n\" class=\"cmsmasters_column one_half\">\n<div class=\"cmsmasters_column_inner\"><div class=\"cmsmasters_text\">\n<h2 class=\"widgettitle\"><\/h2>\n<p><strong>Uros Associats s&#8217; incorpora com l&#8217; equip d&#8217; UROLOGIA del<\/strong><\/p>\n<\/div>\n<div class=\"cmsmasters_img  cmsmasters_image_n imgLogo-contacto-ibizaUros\"><img decoding=\"async\" src=\"https:\/\/urosassociats.com\/wp-content\/uploads\/2023\/03\/Logo-ibizaUros.png\" \/><\/div><div class=\"cmsmasters_text\">\n<p><strong>un grup empresarial l\u00edder en serveis sanitaris a Eivissa i Formentera<\/strong><\/p>\n<\/div>\n\n<div class=\"cmsmasters_sidebar sidebar_layout_11\"><aside id=\"custom-contact-info-25\" class=\"widget widget_custom_contact_info_entries\"><h3 class=\"widgettitle\">Per a concertar una cita:<\/h3><a class=\"adr adress_wrap cmsmasters_theme_icon_user_address\" href=\"https:\/\/www.google.com\/maps\/search\/?api=1&#038;query=Via+Romana+S%2FN%2C+07800+Ibiza%2C+Illes+Balears%2C+Espanya\" target=\"_blank\" rel=\"noopener\"><span class=\"street-address contact_widget_address\">Via Romana S\/N, 07800 Ibiza, Illes Balears, Espanya<\/span><\/a><span class=\"contact_widget_email cmsmasters_theme_icon_user_mail\"><a class=\"email\" href=\"mailto:%69n&#102;o&#64;g%72u%70&#111;&#112;o&#108;%69&#99;l%69&#110;i&#99;%61&#46;e&#115;\">&#105;n&#102;o&#64;grupo&#112;oli&#99;l&#105;&#110;ica.e&#115;<\/a><\/span><span class=\"contact_widget_phone cmsmasters_theme_icon_user_phone\"><a class=\"tel\" href=\"tel:+34971302354\">+34 971 30 23 54<\/a><\/span><\/aside><div class=\"cl\"><\/div>\n<\/div>\n<div class=\"cmsmasters_content_slider_wrap\" style=\"max-width:px;\"><div id=\"cmsmasters_slider_5gxhrf3vb\" class=\"cmsmasters_owl_slider owl-carousel cmsmasters_content_slider\" data-auto-play=\"false\" data-stop-on-hover=\"false\" data-rewind-nav=\"false\" data-slide-speed=\"600\" data-pagination-speed=\"600\" data-rewind-speed=\"1000\" data-transition-style=\"false\" data-pagination=\"false\" data-navigation=\"false\" data-navigation-prev=\"<span><\/span>\" data-navigation-next=\"<span><\/span>\"><div class=\"cmsmasters_owl_slider_item cmsmasters_content_slider_item\"><img fetchpriority=\"high\" decoding=\"async\" width=\"2000\" height=\"1331\" src=\"https:\/\/urosassociats.com\/wp-content\/uploads\/2023\/03\/CRosario151122027_web.jpg\" class=\"attachment-full size-full\" alt=\"\" srcset=\"https:\/\/urosassociats.com\/wp-content\/uploads\/2023\/03\/CRosario151122027_web.jpg 2000w, https:\/\/urosassociats.com\/wp-content\/uploads\/2023\/03\/CRosario151122027_web-300x200.jpg 300w, https:\/\/urosassociats.com\/wp-content\/uploads\/2023\/03\/CRosario151122027_web-1024x681.jpg 1024w, https:\/\/urosassociats.com\/wp-content\/uploads\/2023\/03\/CRosario151122027_web-768x511.jpg 768w, https:\/\/urosassociats.com\/wp-content\/uploads\/2023\/03\/CRosario151122027_web-1536x1022.jpg 1536w, https:\/\/urosassociats.com\/wp-content\/uploads\/2023\/03\/CRosario151122027_web-580x386.jpg 580w, https:\/\/urosassociats.com\/wp-content\/uploads\/2023\/03\/CRosario151122027_web-860x572.jpg 860w, https:\/\/urosassociats.com\/wp-content\/uploads\/2023\/03\/CRosario151122027_web-1160x772.jpg 1160w, https:\/\/urosassociats.com\/wp-content\/uploads\/2023\/03\/CRosario151122027_web-1320x878.jpg 1320w, https:\/\/urosassociats.com\/wp-content\/uploads\/2023\/03\/CRosario151122027_web-600x399.jpg 600w\" sizes=\"(max-width: 2000px) 100vw, 2000px\" \/><\/div><\/div>\n<\/div>\n<\/div><\/div>\n<div id=\"cmsmasters_column_lbhiui67el\" class=\"cmsmasters_column one_half\">\n<div class=\"cmsmasters_column_inner\"><div id=\"cmsmasters_heading_tafy6t9eho\" class=\"cmsmasters_heading_wrap cmsmasters_heading_align_left\">\n\t<h2 class=\"cmsmasters_heading\">Contacti&#8217;ns<\/h2>\n<\/div>\n<div class=\"cmsmasters_contact_form\">\n<div class=\"wpcf7 no-js\" id=\"wpcf7-f41775-o1\" lang=\"ca\" dir=\"ltr\" data-wpcf7-id=\"41775\">\n<div class=\"screen-reader-response\"><p role=\"status\" aria-live=\"polite\" aria-atomic=\"true\"><\/p> <ul><\/ul><\/div>\n<form action=\"\/ca\/wp-json\/wp\/v2\/pages\/18560#wpcf7-f41775-o1\" method=\"post\" class=\"wpcf7-form init\" aria-label=\"Formulari de contacte\" novalidate=\"novalidate\" data-status=\"init\">\n<fieldset class=\"hidden-fields-container\"><input type=\"hidden\" name=\"_wpcf7\" value=\"41775\" \/><input type=\"hidden\" name=\"_wpcf7_version\" value=\"6.1.1\" \/><input type=\"hidden\" name=\"_wpcf7_locale\" value=\"ca\" \/><input type=\"hidden\" name=\"_wpcf7_unit_tag\" value=\"wpcf7-f41775-o1\" \/><input type=\"hidden\" name=\"_wpcf7_container_post\" value=\"0\" \/><input type=\"hidden\" name=\"_wpcf7_posted_data_hash\" value=\"\" \/><input type=\"hidden\" name=\"_wpcf7_recaptcha_response\" value=\"\" \/>\n<\/fieldset>\n<p><span class=\"wpcf7-form-control-wrap\" data-name=\"your-name\"><input size=\"40\" maxlength=\"400\" class=\"wpcf7-form-control wpcf7-text wpcf7-validates-as-required\" aria-required=\"true\" aria-invalid=\"false\" placeholder=\"Nom i Cognoms\" value=\"\" type=\"text\" name=\"your-name\" \/><\/span>\n<\/p>\n<p><span class=\"wpcf7-form-control-wrap\" data-name=\"phone\"><input size=\"40\" maxlength=\"400\" class=\"wpcf7-form-control wpcf7-tel wpcf7-validates-as-required wpcf7-text wpcf7-validates-as-tel\" aria-required=\"true\" aria-invalid=\"false\" placeholder=\"Tel\u00e8fon\" value=\"\" type=\"tel\" name=\"phone\" \/><\/span>\n<\/p>\n<p><span class=\"wpcf7-form-control-wrap\" data-name=\"email-301\"><input size=\"40\" maxlength=\"400\" class=\"wpcf7-form-control wpcf7-email wpcf7-validates-as-required wpcf7-text wpcf7-validates-as-email\" aria-required=\"true\" aria-invalid=\"false\" placeholder=\"Email\" value=\"\" type=\"email\" name=\"email-301\" \/><\/span>\n<\/p>\n<p><span class=\"wpcf7-form-control-wrap\" data-name=\"textarea-753\"><textarea cols=\"40\" rows=\"3\" maxlength=\"2000\" class=\"wpcf7-form-control wpcf7-textarea wpcf7-validates-as-required\" aria-required=\"true\" aria-invalid=\"false\" placeholder=\"Missatge\" name=\"textarea-753\"><\/textarea><\/span>\n<\/p>\n<p><small>El Grup Uros com a responsable del tractament tractar\u00e0 les seves dades amb la finalitat d'atendre la seva consulta o petici\u00f3. Pots accedir, rectificar i suprimir les teves dades, aix\u00ed com exercir altres drets consultant la informaci\u00f3 addicional i detallada sobre protecci\u00f3 de dades en la nostra Pol\u00edtica de Privacitat.e no ets un robot.<br \/>\n<\/small>\n<\/p>\n<p><span class=\"wpcf7-form-control-wrap\" data-name=\"acceptance-1\"><span class=\"wpcf7-form-control wpcf7-acceptance optional\"><span class=\"wpcf7-list-item\"><label><input type=\"checkbox\" name=\"acceptance-1\" value=\"1\" aria-invalid=\"false\" \/><span class=\"wpcf7-list-item-label\">Vull rebre newsletters de Uros<\/span><\/label><\/span><\/span><\/span>\n<\/p>\n<p><span class=\"wpcf7-form-control-wrap\" data-name=\"acceptance-2\"><span class=\"wpcf7-form-control wpcf7-acceptance\"><span class=\"wpcf7-list-item\"><label><input type=\"checkbox\" name=\"acceptance-2\" value=\"1\" aria-invalid=\"false\" \/><span class=\"wpcf7-list-item-label\">He llegit i accepto la <a href='https:\/\/urosassociats.com\/ca\/politica-de-privacitat\/' target='_blank'>Pol\u00edtica de Privacitat<\/a>.<\/span><\/label><\/span><\/span><\/span>\n<\/p>\n<span class=\"wpcf7-form-control-wrap recaptcha\" data-name=\"recaptcha\"><span data-sitekey=\"6LepheMfAAAAAJrUEy-IRirqel3mlJCyzGNnH1Ew\" class=\"wpcf7-form-control wpcf7-recaptcha g-recaptcha\"><\/span>\r\n<noscript>\r\n\t<div class=\"grecaptcha-noscript\">\r\n\t\t<iframe src=\"https:\/\/www.recaptcha.net\/recaptcha\/api\/fallback?k=6LepheMfAAAAAJrUEy-IRirqel3mlJCyzGNnH1Ew\" frameborder=\"0\" scrolling=\"no\" width=\"310\" height=\"430\">\r\n\t\t<\/iframe>\r\n\t\t<textarea name=\"g-recaptcha-response\" rows=\"3\" cols=\"40\" placeholder=\"reCaptcha Response Here\">\r\n\t\t<\/textarea>\r\n\t<\/div>\r\n<\/noscript>\r\n<\/span>\n<p><span id=\"wpcf7-69ea3e929c2fc-wrapper\" class=\"wpcf7-form-control-wrap email-228-wrap\" ><label for=\"wpcf7-69ea3e929c2fc-field\" class=\"hp-message\">Deixeu aquest camp buit.<\/label><input id=\"wpcf7-69ea3e929c2fc-field\"  class=\"wpcf7-form-control wpcf7-text\" type=\"text\" name=\"email-228\" value=\"\" size=\"40\" tabindex=\"-1\" autocomplete=\"new-password\" \/><\/span>\n<\/p>\n<p><input class=\"wpcf7-form-control wpcf7-submit has-spinner\" type=\"submit\" value=\"Enviar\" \/>\n<\/p><div class=\"wpcf7-response-output\" aria-hidden=\"true\"><\/div>\n<\/form>\n<\/div>\n<\/div>\n<\/div><\/div>\n<\/div>\n<\/div>\n<\/div>\n<\/div>\n<\/div>\n<div id=\"cmsmasters_row_9204gkphqs\" class=\"cmsmasters_row cmsmasters_color_scheme_default cmsmasters_row_top_default cmsmasters_row_bot_default cmsmasters_row_boxed\">\n<div class=\"cmsmasters_row_outer_parent\">\n<div class=\"cmsmasters_row_outer\">\n<div class=\"cmsmasters_row_inner\">\n<div class=\"cmsmasters_row_margin\">\n<div id=\"cmsmasters_column_ughk3fu99\" class=\"cmsmasters_column one_first\">\n<div class=\"cmsmasters_column_inner\"><div class=\"custom_html\">\n<iframe src=\"https:\/\/www.google.com\/maps\/embed?pb=!1m18!1m12!1m3!1d3104.738350722498!2d1.4259313151829223!3d38.907098279569134!2m3!1f0!2f0!3f0!3m2!1i1024!2i768!4f13.1!3m3!1m2!1s0x129946bcbfb14a6b%3A0x27b17866d1f0cb72!2sEiviconsulta.%20Consultas%20externas%20de%20Grupo%20Policl%C3%ADnica!5e0!3m2!1ses!2ses!4v1679057275873!5m2!1ses!2ses\" width=\"6200\" height=\"450\" frameborder=\"0\" style=\"border:0;\" allowfullscreen=\"\" loading=\"lazy\" referrerpolicy=\"no-referrer-when-downgrade\"><\/iframe>\n<\/div>\n<\/div><\/div>\n<\/div>\n<\/div>\n<\/div>\n<\/div>\n<\/div>\n<div id=\"cmsmasters_row_1t6rcgp6f\" class=\"cmsmasters_row cmsmasters_color_scheme_default cmsmasters_row_top_default cmsmasters_row_bot_default cmsmasters_row_boxed\">\n<div class=\"cmsmasters_row_outer_parent\">\n<div class=\"cmsmasters_row_outer\">\n<div class=\"cmsmasters_row_inner\">\n<div class=\"cmsmasters_row_margin\">\n<div id=\"cmsmasters_column_gpt64jbc69\" class=\"cmsmasters_column one_first\">\n<div class=\"cmsmasters_column_inner\"><div class=\"cmsmasters_text\">\n<p class=\"cmsmasters_heading\" style=\"font-size: 24px; font-weight: normal; display: inline-block; margin: 0; text-align: left; color: #222222; font-family: 'Open Sans', Arial, Helvetica, 'Nimbus Sans L', sans-serif; padding: 0; background: transparent; border: 0; vertical-align: baseline; outline: none; box-sizing: border-box; margin-bottom: -20px;\">M\u00fatues m\u00e8diques<\/p>\n<\/div>\n<div class=\"cmsmasters_clients_slider_wrap enable_slider_control\">\n<div id=\"cmsmasters_clients_cj78859h6u\" class=\"cmsmasters_owl_slider owl-carousel cmsmasters_clients_slider enable_slides_control\" data-items=\"5\" data-single-item=\"false\" data-auto-play=\"5000\" data-slide-speed=\"5000\" data-pagination-speed=\"5000\" data-pagination=\"true\" data-navigation=\"false\"><div class=\"cmsmasters_clients_item item cmsmasters_owl_slider_item\"><img decoding=\"async\" src=\"https:\/\/urosassociats.com\/wp-content\/uploads\/2020\/06\/1.-adelsas.jpg\" alt=\"Adeslas\" title=\"Adeslas\" \/><\/div><div class=\"cmsmasters_clients_item item cmsmasters_owl_slider_item\"><img decoding=\"async\" src=\"https:\/\/urosassociats.com\/wp-content\/uploads\/2020\/06\/3.-allianz.jpg\" alt=\"Allianz\" title=\"Allianz\" \/><\/div><div class=\"cmsmasters_clients_item item cmsmasters_owl_slider_item\"><img decoding=\"async\" src=\"https:\/\/urosassociats.com\/wp-content\/uploads\/2020\/06\/4.-asefa.jpg\" alt=\"Asefa\" title=\"Asefa\" \/><\/div><div class=\"cmsmasters_clients_item item cmsmasters_owl_slider_item\"><img decoding=\"async\" src=\"https:\/\/urosassociats.com\/wp-content\/uploads\/2020\/06\/5.-assistencia_sanitaria_collegial.jpg\" alt=\"Assist\u00e8ncia Sanit\u00e0ria Collegial\" title=\"Assist\u00e8ncia Sanit\u00e0ria Collegial\" \/><\/div><div class=\"cmsmasters_clients_item item cmsmasters_owl_slider_item\"><img decoding=\"async\" src=\"https:\/\/urosassociats.com\/wp-content\/uploads\/2020\/06\/6.-axa-winterthur-salud.jpg\" alt=\"AXA\" title=\"AXA\" \/><\/div><div class=\"cmsmasters_clients_item item cmsmasters_owl_slider_item\"><img decoding=\"async\" src=\"https:\/\/urosassociats.com\/wp-content\/uploads\/2020\/06\/7.-caser.jpg\" alt=\"Caser\" title=\"Caser\" \/><\/div><div class=\"cmsmasters_clients_item item cmsmasters_owl_slider_item\"><img decoding=\"async\" src=\"https:\/\/urosassociats.com\/wp-content\/uploads\/2020\/06\/8.-CIGNA-logo.jpg\" alt=\"Cigna\" title=\"Cigna\" \/><\/div><div class=\"cmsmasters_clients_item item cmsmasters_owl_slider_item\"><img decoding=\"async\" src=\"https:\/\/urosassociats.com\/wp-content\/uploads\/2020\/06\/9.-clinicum.jpg\" alt=\"Clinicum\" title=\"Clinicum\" \/><\/div><div class=\"cmsmasters_clients_item item cmsmasters_owl_slider_item\"><img decoding=\"async\" src=\"https:\/\/urosassociats.com\/wp-content\/uploads\/2020\/06\/10.-dkv.jpg\" alt=\"DKV\" title=\"DKV\" \/><\/div><div class=\"cmsmasters_clients_item item cmsmasters_owl_slider_item\"><img decoding=\"async\" src=\"https:\/\/urosassociats.com\/wp-content\/uploads\/2020\/06\/11.-latina.jpg\" alt=\"Llatina\" title=\"Llatina\" \/><\/div><div class=\"cmsmasters_clients_item item cmsmasters_owl_slider_item\"><img decoding=\"async\" src=\"https:\/\/urosassociats.com\/wp-content\/uploads\/2020\/06\/12.-MEDIFIATC.jpg\" alt=\"Medifiatc\" title=\"Medifiatc\" \/><\/div><div class=\"cmsmasters_clients_item item cmsmasters_owl_slider_item\"><img decoding=\"async\" src=\"https:\/\/urosassociats.com\/wp-content\/uploads\/2020\/06\/13.-generali.jpg\" alt=\"Generali\" title=\"Generali\" \/><\/div><div class=\"cmsmasters_clients_item item cmsmasters_owl_slider_item\"><img decoding=\"async\" src=\"https:\/\/urosassociats.com\/wp-content\/uploads\/2020\/06\/14.-groupama.jpg\" alt=\"Groupama\" title=\"Groupama\" \/><\/div><div class=\"cmsmasters_clients_item item cmsmasters_owl_slider_item\"><img decoding=\"async\" src=\"https:\/\/urosassociats.com\/wp-content\/uploads\/2020\/06\/15.-mapfre.jpg\" alt=\"Mapfre\" title=\"Mapfre\" \/><\/div><div class=\"cmsmasters_clients_item item cmsmasters_owl_slider_item\"><img decoding=\"async\" src=\"https:\/\/urosassociats.com\/wp-content\/uploads\/2020\/06\/16.-MUTUA-TRANSPORTE.jpg\" alt=\"M\u00fatua Transport\" title=\"M\u00fatua Transport\" \/><\/div><div class=\"cmsmasters_clients_item item cmsmasters_owl_slider_item\"><img decoding=\"async\" src=\"https:\/\/urosassociats.com\/wp-content\/uploads\/2020\/06\/17.-MUTUA-GRAL-CATALUNYA.jpg\" alt=\"M\u00fatua General Catalunya\" title=\"M\u00fatua General Catalunya\" \/><\/div><div class=\"cmsmasters_clients_item item cmsmasters_owl_slider_item\"><img decoding=\"async\" src=\"https:\/\/urosassociats.com\/wp-content\/uploads\/2020\/06\/18.-MUTUA-MANRESANA.jpg\" alt=\"M\u00fatua Manresana\" title=\"M\u00fatua Manresana\" \/><\/div><div class=\"cmsmasters_clients_item item cmsmasters_owl_slider_item\"><img decoding=\"async\" src=\"https:\/\/urosassociats.com\/wp-content\/uploads\/2020\/06\/19.-SANITAS.jpg\" alt=\"Sanitas\" title=\"Sanitas\" \/><\/div><div class=\"cmsmasters_clients_item item cmsmasters_owl_slider_item\"><img decoding=\"async\" src=\"https:\/\/urosassociats.com\/wp-content\/uploads\/2020\/06\/20.-cosalud.jpg\" alt=\"Cosalud\" title=\"Cosalud\" \/><\/div><\/div>\n<\/div>\n<\/div><\/div>\n<\/div>\n<\/div>\n<\/div>\n<\/div>\n<\/div>\n<div id=\"cmsmasters_row_mc5uzajudc\" class=\"cmsmasters_row cmsmasters_color_scheme_default cmsmasters_row_top_default cmsmasters_row_bot_default cmsmasters_row_boxed\">\n<div class=\"cmsmasters_row_outer_parent\">\n<div class=\"cmsmasters_row_outer\">\n<div class=\"cmsmasters_row_inner\">\n<div class=\"cmsmasters_row_margin\">\n<div id=\"cmsmasters_column_k5l4x7pkgr\" class=\"cmsmasters_column one_first\">\n<div class=\"cmsmasters_column_inner\"><\/div><\/div>\n<\/div>\n<\/div>\n<\/div>\n<\/div>\n<\/div>\n<div id=\"cmsmasters_row_9v47yzveba\" class=\"cmsmasters_row cmsmasters_color_scheme_default cmsmasters_row_top_default cmsmasters_row_bot_default cmsmasters_row_boxed\">\n<div class=\"cmsmasters_row_outer_parent\">\n<div class=\"cmsmasters_row_outer\">\n<div class=\"cmsmasters_row_inner\">\n<div class=\"cmsmasters_row_margin\">\n<div id=\"cmsmasters_column_bzrszgxfoc\" class=\"cmsmasters_column one_first\">\n<div class=\"cmsmasters_column_inner\"><div id=\"cmsmasters_heading_yjjneupmhd\" class=\"cmsmasters_heading_wrap cmsmasters_heading_align_left\">\n\t<h2 class=\"cmsmasters_heading\">Heading<\/h2>\n<\/div>\n<\/div><\/div>\n<\/div>\n<\/div>\n<\/div>\n<\/div>\n<\/div>\n\n","protected":false},"excerpt":{"rendered":"","protected":false},"author":3,"featured_media":0,"parent":0,"menu_order":0,"comment_status":"closed","ping_status":"closed","template":"","meta":{"footnotes":""},"class_list":["post-18560","page","type-page","status-publish","hentry"],"yoast_head":"<!-- This site is optimized with the Yoast SEO plugin v25.9 - https:\/\/yoast.com\/wordpress\/plugins\/seo\/ -->\n<title>Centre d&#039;urologia a Eivissa &#8211; Uros Associats<\/title>\n<meta name=\"description\" content=\"Uros Associats a Eivissa: especialistes en urologia, diagn\u00f2stic i tractaments avan\u00e7ats. Demana cita al nostre centre m\u00e8dic.\" \/>\n<meta name=\"robots\" content=\"index, follow, max-snippet:-1, max-image-preview:large, max-video-preview:-1\" \/>\n<link rel=\"canonical\" href=\"https:\/\/urosassociats.com\/ca\/ibiza-uros-associats\/\" \/>\n<meta property=\"og:locale\" content=\"ca_ES\" \/>\n<meta property=\"og:type\" content=\"article\" \/>\n<meta property=\"og:title\" content=\"Centre d&#039;urologia a Eivissa &#8211; Uros Associats\" \/>\n<meta property=\"og:description\" content=\"Uros Associats a Eivissa: especialistes en urologia, diagn\u00f2stic i tractaments avan\u00e7ats. Demana cita al nostre centre m\u00e8dic.\" \/>\n<meta property=\"og:url\" content=\"https:\/\/urosassociats.com\/ca\/ibiza-uros-associats\/\" \/>\n<meta property=\"og:site_name\" content=\"Uros Associats\" \/>\n<meta property=\"article:modified_time\" content=\"2026-04-10T06:16:47+00:00\" \/>\n<meta property=\"og:image\" content=\"https:\/\/urosassociats.com\/wp-content\/uploads\/2020\/05\/logo-principal.png\" \/>\n\t<meta property=\"og:image:width\" content=\"688\" \/>\n\t<meta property=\"og:image:height\" content=\"643\" \/>\n\t<meta property=\"og:image:type\" content=\"image\/png\" \/>\n<meta name=\"twitter:card\" content=\"summary_large_image\" \/>\n<meta name=\"twitter:site\" content=\"@uros_associats\" \/>\n<meta name=\"twitter:label1\" content=\"Temps estimat de lectura\" \/>\n\t<meta name=\"twitter:data1\" content=\"2 minuts\" \/>\n<script type=\"application\/ld+json\" class=\"yoast-schema-graph\">{\"@context\":\"https:\/\/schema.org\",\"@graph\":[{\"@type\":\"WebPage\",\"@id\":\"https:\/\/urosassociats.com\/ca\/ibiza-uros-associats\/\",\"url\":\"https:\/\/urosassociats.com\/ca\/ibiza-uros-associats\/\",\"name\":\"Centre d'urologia a Eivissa &#8211; Uros Associats\",\"isPartOf\":{\"@id\":\"https:\/\/urosassociats.com\/#website\"},\"datePublished\":\"2023-03-01T15:20:16+00:00\",\"dateModified\":\"2026-04-10T06:16:47+00:00\",\"description\":\"Uros Associats a Eivissa: especialistes en urologia, diagn\u00f2stic i tractaments avan\u00e7ats. Demana cita al nostre centre m\u00e8dic.\",\"breadcrumb\":{\"@id\":\"https:\/\/urosassociats.com\/ca\/ibiza-uros-associats\/#breadcrumb\"},\"inLanguage\":\"ca\",\"potentialAction\":[{\"@type\":\"ReadAction\",\"target\":[\"https:\/\/urosassociats.com\/ca\/ibiza-uros-associats\/\"]}]},{\"@type\":\"BreadcrumbList\",\"@id\":\"https:\/\/urosassociats.com\/ca\/ibiza-uros-associats\/#breadcrumb\",\"itemListElement\":[{\"@type\":\"ListItem\",\"position\":1,\"name\":\"Inici\",\"item\":\"https:\/\/urosassociats.com\/ca\/uros-associats\/\"},{\"@type\":\"ListItem\",\"position\":2,\"name\":\"Ibiza Uros Associats\"}]},{\"@type\":\"WebSite\",\"@id\":\"https:\/\/urosassociats.com\/#website\",\"url\":\"https:\/\/urosassociats.com\/\",\"name\":\"Uros Associats\",\"description\":\"Ur\u00f3logos en Barcelona y Tarragona. Expertos en todo tipo de tratamientos y patolog\u00edas de Urolog\u00eda | Androlog\u00eda, Chequeos, Cirug\u00eda, Oncolog\u00eda, Litiasis y m\u00e1s.\",\"publisher\":{\"@id\":\"https:\/\/urosassociats.com\/#organization\"},\"potentialAction\":[{\"@type\":\"SearchAction\",\"target\":{\"@type\":\"EntryPoint\",\"urlTemplate\":\"https:\/\/urosassociats.com\/?s={search_term_string}\"},\"query-input\":{\"@type\":\"PropertyValueSpecification\",\"valueRequired\":true,\"valueName\":\"search_term_string\"}}],\"inLanguage\":\"ca\"},{\"@type\":\"Organization\",\"@id\":\"https:\/\/urosassociats.com\/#organization\",\"name\":\"Uros Associats\",\"url\":\"https:\/\/urosassociats.com\/\",\"logo\":{\"@type\":\"ImageObject\",\"inLanguage\":\"ca\",\"@id\":\"https:\/\/urosassociats.com\/#\/schema\/logo\/image\/\",\"url\":\"https:\/\/urosassociats.com\/wp-content\/uploads\/2020\/05\/logo-principal.png\",\"contentUrl\":\"https:\/\/urosassociats.com\/wp-content\/uploads\/2020\/05\/logo-principal.png\",\"width\":688,\"height\":643,\"caption\":\"Uros Associats\"},\"image\":{\"@id\":\"https:\/\/urosassociats.com\/#\/schema\/logo\/image\/\"},\"sameAs\":[\"https:\/\/x.com\/uros_associats\",\"https:\/\/www.instagram.com\/urosassociats_\",\"https:\/\/www.linkedin.com\/company\/uros-associats\"]}]}<\/script>\n<!-- \/ Yoast SEO plugin. -->","yoast_head_json":{"title":"Centre d'urologia a Eivissa &#8211; Uros Associats","description":"Uros Associats a Eivissa: especialistes en urologia, diagn\u00f2stic i tractaments avan\u00e7ats. Demana cita al nostre centre m\u00e8dic.","robots":{"index":"index","follow":"follow","max-snippet":"max-snippet:-1","max-image-preview":"max-image-preview:large","max-video-preview":"max-video-preview:-1"},"canonical":"https:\/\/urosassociats.com\/ca\/ibiza-uros-associats\/","og_locale":"ca_ES","og_type":"article","og_title":"Centre d'urologia a Eivissa &#8211; Uros Associats","og_description":"Uros Associats a Eivissa: especialistes en urologia, diagn\u00f2stic i tractaments avan\u00e7ats. Demana cita al nostre centre m\u00e8dic.","og_url":"https:\/\/urosassociats.com\/ca\/ibiza-uros-associats\/","og_site_name":"Uros Associats","article_modified_time":"2026-04-10T06:16:47+00:00","og_image":[{"width":688,"height":643,"url":"https:\/\/urosassociats.com\/wp-content\/uploads\/2020\/05\/logo-principal.png","type":"image\/png"}],"twitter_card":"summary_large_image","twitter_site":"@uros_associats","twitter_misc":{"Temps estimat de lectura":"2 minuts"},"schema":{"@context":"https:\/\/schema.org","@graph":[{"@type":"WebPage","@id":"https:\/\/urosassociats.com\/ca\/ibiza-uros-associats\/","url":"https:\/\/urosassociats.com\/ca\/ibiza-uros-associats\/","name":"Centre d'urologia a Eivissa &#8211; Uros Associats","isPartOf":{"@id":"https:\/\/urosassociats.com\/#website"},"datePublished":"2023-03-01T15:20:16+00:00","dateModified":"2026-04-10T06:16:47+00:00","description":"Uros Associats a Eivissa: especialistes en urologia, diagn\u00f2stic i tractaments avan\u00e7ats. Demana cita al nostre centre m\u00e8dic.","breadcrumb":{"@id":"https:\/\/urosassociats.com\/ca\/ibiza-uros-associats\/#breadcrumb"},"inLanguage":"ca","potentialAction":[{"@type":"ReadAction","target":["https:\/\/urosassociats.com\/ca\/ibiza-uros-associats\/"]}]},{"@type":"BreadcrumbList","@id":"https:\/\/urosassociats.com\/ca\/ibiza-uros-associats\/#breadcrumb","itemListElement":[{"@type":"ListItem","position":1,"name":"Inici","item":"https:\/\/urosassociats.com\/ca\/uros-associats\/"},{"@type":"ListItem","position":2,"name":"Ibiza Uros Associats"}]},{"@type":"WebSite","@id":"https:\/\/urosassociats.com\/#website","url":"https:\/\/urosassociats.com\/","name":"Uros Associats","description":"Ur\u00f3logos en Barcelona y Tarragona. Expertos en todo tipo de tratamientos y patolog\u00edas de Urolog\u00eda | Androlog\u00eda, Chequeos, Cirug\u00eda, Oncolog\u00eda, Litiasis y m\u00e1s.","publisher":{"@id":"https:\/\/urosassociats.com\/#organization"},"potentialAction":[{"@type":"SearchAction","target":{"@type":"EntryPoint","urlTemplate":"https:\/\/urosassociats.com\/?s={search_term_string}"},"query-input":{"@type":"PropertyValueSpecification","valueRequired":true,"valueName":"search_term_string"}}],"inLanguage":"ca"},{"@type":"Organization","@id":"https:\/\/urosassociats.com\/#organization","name":"Uros Associats","url":"https:\/\/urosassociats.com\/","logo":{"@type":"ImageObject","inLanguage":"ca","@id":"https:\/\/urosassociats.com\/#\/schema\/logo\/image\/","url":"https:\/\/urosassociats.com\/wp-content\/uploads\/2020\/05\/logo-principal.png","contentUrl":"https:\/\/urosassociats.com\/wp-content\/uploads\/2020\/05\/logo-principal.png","width":688,"height":643,"caption":"Uros Associats"},"image":{"@id":"https:\/\/urosassociats.com\/#\/schema\/logo\/image\/"},"sameAs":["https:\/\/x.com\/uros_associats","https:\/\/www.instagram.com\/urosassociats_","https:\/\/www.linkedin.com\/company\/uros-associats"]}]}},"_links":{"self":[{"href":"https:\/\/urosassociats.com\/ca\/wp-json\/wp\/v2\/pages\/18560","targetHints":{"allow":["GET"]}}],"collection":[{"href":"https:\/\/urosassociats.com\/ca\/wp-json\/wp\/v2\/pages"}],"about":[{"href":"https:\/\/urosassociats.com\/ca\/wp-json\/wp\/v2\/types\/page"}],"author":[{"embeddable":true,"href":"https:\/\/urosassociats.com\/ca\/wp-json\/wp\/v2\/users\/3"}],"replies":[{"embeddable":true,"href":"https:\/\/urosassociats.com\/ca\/wp-json\/wp\/v2\/comments?post=18560"}],"version-history":[{"count":11,"href":"https:\/\/urosassociats.com\/ca\/wp-json\/wp\/v2\/pages\/18560\/revisions"}],"predecessor-version":[{"id":42204,"href":"https:\/\/urosassociats.com\/ca\/wp-json\/wp\/v2\/pages\/18560\/revisions\/42204"}],"wp:attachment":[{"href":"https:\/\/urosassociats.com\/ca\/wp-json\/wp\/v2\/media?parent=18560"}],"curies":[{"name":"wp","href":"https:\/\/api.w.org\/{rel}","templated":true}]}}