{"id":20468,"date":"2023-10-16T12:08:33","date_gmt":"2023-10-16T12:08:33","guid":{"rendered":"https:\/\/urosassociats.com\/area-professional\/"},"modified":"2026-01-26T15:07:26","modified_gmt":"2026-01-26T15:07:26","slug":"apren-amb-nosaltres","status":"publish","type":"page","link":"https:\/\/urosassociats.com\/ca\/apren-amb-nosaltres\/","title":{"rendered":"Apr\u00e8n amb nosaltres"},"content":{"rendered":"<div id=\"cmsmasters_row_4602r58uc\" class=\"cmsmasters_row cmsmasters_color_scheme_default flex-3 learn-with-us cmsmasters_row_top_default cmsmasters_row_bot_default cmsmasters_row_boxed\">\n<div class=\"cmsmasters_row_outer_parent\">\n<div class=\"cmsmasters_row_outer\">\n<div class=\"cmsmasters_row_inner\">\n<div class=\"cmsmasters_row_margin\">\n<div id=\"cmsmasters_column_kk9efz9qh2\" class=\"cmsmasters_column one_third bg-1\">\n<div class=\"cmsmasters_column_inner\"><div class=\"custom_html custom_html_col\">\n<p><a href=\"\/ca\/videoteca\/\"><\/p>\n<p>Videoteca<\/p>\n<p>Veure m\u00e9s<\/p>\n<p><\/a><\/p>\n<\/div>\n<\/div><\/div>\n<div id=\"cmsmasters_column_bkycnjxa3\" class=\"cmsmasters_column one_third bg-2\">\n<div class=\"cmsmasters_column_inner\"><div class=\"custom_html custom_html_col\">\n<p><a href=\"\/ca\/testimonis\/\"><\/p>\n<p>Testimonis<\/p>\n<p>Veure m\u00e9s<\/p>\n<p><\/a><\/p>\n<\/div>\n<\/div><\/div>\n<div id=\"cmsmasters_column_fugvn0m42\" class=\"cmsmasters_column one_third\">\n<div class=\"cmsmasters_column_inner\"><div class=\"custom_html custom_html_col\">\n<p><a href=\"\/wp-content\/uploads\/2025\/05\/memoria-pre_2024.pdf\"><\/p>\n<p>Mem\u00f2ria Cient\u00edfica<\/p>\n<p>Descarregar<\/p>\n<p><\/a><\/p>\n<\/div>\n<\/div><\/div>\n<\/div>\n<\/div>\n<\/div>\n<\/div>\n<\/div>\n<div id=\"cmsmasters_row_chmv9nbxpq\" class=\"cmsmasters_row cmsmasters_color_scheme_default cmsmasters_row_top_default cmsmasters_row_bot_default cmsmasters_row_boxed\">\n<div class=\"cmsmasters_row_outer_parent\">\n<div class=\"cmsmasters_row_outer\">\n<div class=\"cmsmasters_row_inner\">\n<div class=\"cmsmasters_row_margin\">\n<div id=\"cmsmasters_column_axpz3772ld\" class=\"cmsmasters_column one_first\">\n<div class=\"cmsmasters_column_inner\"><div class=\"custom_js\">\n<script type=\"text\/javascript\">\ndocument.addEventListener('DOMContentLoaded', function () {\n  console.log('he cargado js');\n  const container = document.querySelector('.flex-3.learn-with-us .cmsmasters_row_margin');\n  console.log('container:', container);\n  if (container) {\n    const columns = container.querySelectorAll('.cmsmasters_column');\n    console.log('columns count:', columns.length);\n    const thirdColumn = columns[2];\n    console.log('thirdColumn:', thirdColumn);\n    if (thirdColumn && !thirdColumn.classList.contains('bg-3')) {\n      thirdColumn.classList.add('bg-3');\n      console.log('bg-3 class added');\n    }\n  }\n});<\/script>\n<\/div>\n<\/div><\/div>\n<\/div>\n<\/div>\n<\/div>\n<\/div>\n<\/div>\n\n","protected":false},"excerpt":{"rendered":"","protected":false},"author":3,"featured_media":0,"parent":0,"menu_order":0,"comment_status":"closed","ping_status":"closed","template":"","meta":{"footnotes":""},"class_list":["post-20468","page","type-page","status-publish","hentry"],"yoast_head":"<!-- This site is optimized with the Yoast SEO plugin v25.9 - https:\/\/yoast.com\/wordpress\/plugins\/seo\/ -->\n<title>Apr\u00e8n amb nosaltres: formaci\u00f3 i activitat &#8211; Uros Associats<\/title>\n<meta name=\"description\" content=\"Formaci\u00f3 i activitats d\u2019Uros Associats: cursos, sessions i recursos per a professionals i pacients sobre urologia i salut urogenital.\" \/>\n<meta name=\"robots\" content=\"index, follow, max-snippet:-1, max-image-preview:large, max-video-preview:-1\" \/>\n<link rel=\"canonical\" href=\"https:\/\/urosassociats.com\/ca\/apren-amb-nosaltres\/\" \/>\n<meta property=\"og:locale\" content=\"ca_ES\" \/>\n<meta property=\"og:type\" content=\"article\" \/>\n<meta property=\"og:title\" content=\"Apr\u00e8n amb nosaltres: formaci\u00f3 i activitat &#8211; Uros Associats\" \/>\n<meta property=\"og:description\" content=\"Formaci\u00f3 i activitats d\u2019Uros Associats: cursos, sessions i recursos per a professionals i pacients sobre urologia i salut urogenital.\" \/>\n<meta property=\"og:url\" content=\"https:\/\/urosassociats.com\/ca\/apren-amb-nosaltres\/\" \/>\n<meta property=\"og:site_name\" content=\"Uros Associats\" \/>\n<meta property=\"article:modified_time\" content=\"2026-01-26T15:07:26+00:00\" \/>\n<meta property=\"og:image\" content=\"https:\/\/urosassociats.com\/wp-content\/uploads\/2020\/05\/logo-principal.png\" \/>\n\t<meta property=\"og:image:width\" content=\"688\" \/>\n\t<meta property=\"og:image:height\" content=\"643\" \/>\n\t<meta property=\"og:image:type\" content=\"image\/png\" \/>\n<meta name=\"twitter:card\" content=\"summary_large_image\" \/>\n<meta name=\"twitter:site\" content=\"@uros_associats\" \/>\n<meta name=\"twitter:label1\" content=\"Temps estimat de lectura\" \/>\n\t<meta name=\"twitter:data1\" content=\"1 minut\" \/>\n<script type=\"application\/ld+json\" class=\"yoast-schema-graph\">{\"@context\":\"https:\/\/schema.org\",\"@graph\":[{\"@type\":\"WebPage\",\"@id\":\"https:\/\/urosassociats.com\/ca\/apren-amb-nosaltres\/\",\"url\":\"https:\/\/urosassociats.com\/ca\/apren-amb-nosaltres\/\",\"name\":\"Apr\u00e8n amb nosaltres: formaci\u00f3 i activitat &#8211; Uros Associats\",\"isPartOf\":{\"@id\":\"https:\/\/urosassociats.com\/#website\"},\"datePublished\":\"2023-10-16T12:08:33+00:00\",\"dateModified\":\"2026-01-26T15:07:26+00:00\",\"description\":\"Formaci\u00f3 i activitats d\u2019Uros Associats: cursos, sessions i recursos per a professionals i pacients sobre urologia i salut urogenital.\",\"breadcrumb\":{\"@id\":\"https:\/\/urosassociats.com\/ca\/apren-amb-nosaltres\/#breadcrumb\"},\"inLanguage\":\"ca\",\"potentialAction\":[{\"@type\":\"ReadAction\",\"target\":[\"https:\/\/urosassociats.com\/ca\/apren-amb-nosaltres\/\"]}]},{\"@type\":\"BreadcrumbList\",\"@id\":\"https:\/\/urosassociats.com\/ca\/apren-amb-nosaltres\/#breadcrumb\",\"itemListElement\":[{\"@type\":\"ListItem\",\"position\":1,\"name\":\"Inici\",\"item\":\"https:\/\/urosassociats.com\/ca\/\"},{\"@type\":\"ListItem\",\"position\":2,\"name\":\"Apr\u00e8n amb nosaltres\"}]},{\"@type\":\"WebSite\",\"@id\":\"https:\/\/urosassociats.com\/#website\",\"url\":\"https:\/\/urosassociats.com\/\",\"name\":\"Uros Associats\",\"description\":\"Ur\u00f3logos en Barcelona y Tarragona. Expertos en todo tipo de tratamientos y patolog\u00edas de Urolog\u00eda | Androlog\u00eda, Chequeos, Cirug\u00eda, Oncolog\u00eda, Litiasis y m\u00e1s.\",\"publisher\":{\"@id\":\"https:\/\/urosassociats.com\/#organization\"},\"potentialAction\":[{\"@type\":\"SearchAction\",\"target\":{\"@type\":\"EntryPoint\",\"urlTemplate\":\"https:\/\/urosassociats.com\/?s={search_term_string}\"},\"query-input\":{\"@type\":\"PropertyValueSpecification\",\"valueRequired\":true,\"valueName\":\"search_term_string\"}}],\"inLanguage\":\"ca\"},{\"@type\":\"Organization\",\"@id\":\"https:\/\/urosassociats.com\/#organization\",\"name\":\"Uros Associats\",\"url\":\"https:\/\/urosassociats.com\/\",\"logo\":{\"@type\":\"ImageObject\",\"inLanguage\":\"ca\",\"@id\":\"https:\/\/urosassociats.com\/#\/schema\/logo\/image\/\",\"url\":\"https:\/\/urosassociats.com\/wp-content\/uploads\/2020\/05\/logo-principal.png\",\"contentUrl\":\"https:\/\/urosassociats.com\/wp-content\/uploads\/2020\/05\/logo-principal.png\",\"width\":688,\"height\":643,\"caption\":\"Uros Associats\"},\"image\":{\"@id\":\"https:\/\/urosassociats.com\/#\/schema\/logo\/image\/\"},\"sameAs\":[\"https:\/\/x.com\/uros_associats\",\"https:\/\/www.instagram.com\/urosassociats_\",\"https:\/\/www.linkedin.com\/company\/uros-associats\"]}]}<\/script>\n<!-- \/ Yoast SEO plugin. -->","yoast_head_json":{"title":"Apr\u00e8n amb nosaltres: formaci\u00f3 i activitat &#8211; Uros Associats","description":"Formaci\u00f3 i activitats d\u2019Uros Associats: cursos, sessions i recursos per a professionals i pacients sobre urologia i salut urogenital.","robots":{"index":"index","follow":"follow","max-snippet":"max-snippet:-1","max-image-preview":"max-image-preview:large","max-video-preview":"max-video-preview:-1"},"canonical":"https:\/\/urosassociats.com\/ca\/apren-amb-nosaltres\/","og_locale":"ca_ES","og_type":"article","og_title":"Apr\u00e8n amb nosaltres: formaci\u00f3 i activitat &#8211; Uros Associats","og_description":"Formaci\u00f3 i activitats d\u2019Uros Associats: cursos, sessions i recursos per a professionals i pacients sobre urologia i salut urogenital.","og_url":"https:\/\/urosassociats.com\/ca\/apren-amb-nosaltres\/","og_site_name":"Uros Associats","article_modified_time":"2026-01-26T15:07:26+00:00","og_image":[{"width":688,"height":643,"url":"https:\/\/urosassociats.com\/wp-content\/uploads\/2020\/05\/logo-principal.png","type":"image\/png"}],"twitter_card":"summary_large_image","twitter_site":"@uros_associats","twitter_misc":{"Temps estimat de lectura":"1 minut"},"schema":{"@context":"https:\/\/schema.org","@graph":[{"@type":"WebPage","@id":"https:\/\/urosassociats.com\/ca\/apren-amb-nosaltres\/","url":"https:\/\/urosassociats.com\/ca\/apren-amb-nosaltres\/","name":"Apr\u00e8n amb nosaltres: formaci\u00f3 i activitat &#8211; Uros Associats","isPartOf":{"@id":"https:\/\/urosassociats.com\/#website"},"datePublished":"2023-10-16T12:08:33+00:00","dateModified":"2026-01-26T15:07:26+00:00","description":"Formaci\u00f3 i activitats d\u2019Uros Associats: cursos, sessions i recursos per a professionals i pacients sobre urologia i salut urogenital.","breadcrumb":{"@id":"https:\/\/urosassociats.com\/ca\/apren-amb-nosaltres\/#breadcrumb"},"inLanguage":"ca","potentialAction":[{"@type":"ReadAction","target":["https:\/\/urosassociats.com\/ca\/apren-amb-nosaltres\/"]}]},{"@type":"BreadcrumbList","@id":"https:\/\/urosassociats.com\/ca\/apren-amb-nosaltres\/#breadcrumb","itemListElement":[{"@type":"ListItem","position":1,"name":"Inici","item":"https:\/\/urosassociats.com\/ca\/"},{"@type":"ListItem","position":2,"name":"Apr\u00e8n amb nosaltres"}]},{"@type":"WebSite","@id":"https:\/\/urosassociats.com\/#website","url":"https:\/\/urosassociats.com\/","name":"Uros Associats","description":"Ur\u00f3logos en Barcelona y Tarragona. Expertos en todo tipo de tratamientos y patolog\u00edas de Urolog\u00eda | Androlog\u00eda, Chequeos, Cirug\u00eda, Oncolog\u00eda, Litiasis y m\u00e1s.","publisher":{"@id":"https:\/\/urosassociats.com\/#organization"},"potentialAction":[{"@type":"SearchAction","target":{"@type":"EntryPoint","urlTemplate":"https:\/\/urosassociats.com\/?s={search_term_string}"},"query-input":{"@type":"PropertyValueSpecification","valueRequired":true,"valueName":"search_term_string"}}],"inLanguage":"ca"},{"@type":"Organization","@id":"https:\/\/urosassociats.com\/#organization","name":"Uros Associats","url":"https:\/\/urosassociats.com\/","logo":{"@type":"ImageObject","inLanguage":"ca","@id":"https:\/\/urosassociats.com\/#\/schema\/logo\/image\/","url":"https:\/\/urosassociats.com\/wp-content\/uploads\/2020\/05\/logo-principal.png","contentUrl":"https:\/\/urosassociats.com\/wp-content\/uploads\/2020\/05\/logo-principal.png","width":688,"height":643,"caption":"Uros Associats"},"image":{"@id":"https:\/\/urosassociats.com\/#\/schema\/logo\/image\/"},"sameAs":["https:\/\/x.com\/uros_associats","https:\/\/www.instagram.com\/urosassociats_","https:\/\/www.linkedin.com\/company\/uros-associats"]}]}},"_links":{"self":[{"href":"https:\/\/urosassociats.com\/ca\/wp-json\/wp\/v2\/pages\/20468","targetHints":{"allow":["GET"]}}],"collection":[{"href":"https:\/\/urosassociats.com\/ca\/wp-json\/wp\/v2\/pages"}],"about":[{"href":"https:\/\/urosassociats.com\/ca\/wp-json\/wp\/v2\/types\/page"}],"author":[{"embeddable":true,"href":"https:\/\/urosassociats.com\/ca\/wp-json\/wp\/v2\/users\/3"}],"replies":[{"embeddable":true,"href":"https:\/\/urosassociats.com\/ca\/wp-json\/wp\/v2\/comments?post=20468"}],"version-history":[{"count":30,"href":"https:\/\/urosassociats.com\/ca\/wp-json\/wp\/v2\/pages\/20468\/revisions"}],"predecessor-version":[{"id":34553,"href":"https:\/\/urosassociats.com\/ca\/wp-json\/wp\/v2\/pages\/20468\/revisions\/34553"}],"wp:attachment":[{"href":"https:\/\/urosassociats.com\/ca\/wp-json\/wp\/v2\/media?parent=20468"}],"curies":[{"name":"wp","href":"https:\/\/api.w.org\/{rel}","templated":true}]}}