{"id":21339,"date":"2023-11-29T15:41:33","date_gmt":"2023-11-29T15:41:33","guid":{"rendered":"https:\/\/urosassociats.com\/politica-de-privacidad-2\/"},"modified":"2026-02-26T14:46:53","modified_gmt":"2026-02-26T14:46:53","slug":"politica-de-privacitat","status":"publish","type":"page","link":"https:\/\/urosassociats.com\/ca\/politica-de-privacitat\/","title":{"rendered":"Pol\u00edtica de privacitat"},"content":{"rendered":"\t\t<div data-elementor-type=\"wp-page\" data-elementor-id=\"21339\" class=\"elementor elementor-21339 elementor-21333\">\n\t\t\t\t\t\t<section class=\"elementor-section elementor-top-section elementor-element elementor-element-6630345b elementor-section-boxed elementor-section-height-default elementor-section-height-default\" data-id=\"6630345b\" data-element_type=\"section\">\n\t\t\t\t\t\t<div class=\"elementor-container elementor-column-gap-default\">\n\t\t\t\t\t<div class=\"elementor-column elementor-col-100 elementor-top-column elementor-element elementor-element-700eddcd\" data-id=\"700eddcd\" data-element_type=\"column\">\n\t\t\t<div class=\"elementor-widget-wrap elementor-element-populated\">\n\t\t\t\t\t\t<div class=\"elementor-element elementor-element-6cf68d94 elementor-widget elementor-widget-shortcode\" data-id=\"6cf68d94\" data-element_type=\"widget\" data-widget_type=\"shortcode.default\">\n\t\t\t\t<div class=\"elementor-widget-container\">\n\t\t\t\t\t\t\t<div class=\"elementor-shortcode\"><div id=\"cmsmasters_row_8lfyz259l\" class=\"cmsmasters_row cmsmasters_color_scheme_default cmsmasters_row_top_default cmsmasters_row_bot_default cmsmasters_row_boxed\">\n<div class=\"cmsmasters_row_outer_parent\">\n<div class=\"cmsmasters_row_outer\">\n<div class=\"cmsmasters_row_inner\">\n<div class=\"cmsmasters_row_margin\">\n<\/div>\n<\/div>\n<\/div>\n<\/div>\n<\/div>\n<div id=\"cmsmasters_column_2810kfkyvb\" class=\"cmsmasters_column one_first\">\n<div class=\"cmsmasters_column_inner\"><\/div><\/div>\n<div class=\"cmsmasters_text\">\n<h3>Datos del propietario de la web:<\/h3>\n<\/div>\n<div class=\"cmsmasters_wrap_table\"><table class=\"cmsmasters_table\"><caption><\/caption><tr><td class=\"cmsmasters_table_cell_alignleft\">RAZ\u00d3N SOCIAL<\/td><td class=\"cmsmasters_table_cell_alignleft\">UROS MEDICAL S.L.P, CSF UROS ASSOCIATS SLP, TK UROS ASSOCIATS SLP, BDN Uros Associats S.L.P., IB Uros Associats S.L.P. y Centre Uroandrologic de Tarragona<\/td><\/tr><tr><td class=\"cmsmasters_table_cell_alignleft\">NIF<\/td><td class=\"cmsmasters_table_cell_alignleft\"> B72912348, B65211955, B66490863, B72942287, B44573913 y B55556112<\/td><\/tr><tr><td class=\"cmsmasters_table_cell_alignleft\">DIRECCI\u00d3N POSTAL<\/td><td class=\"cmsmasters_table_cell_alignleft\">Ronda General Mitre 101, bajos<\/td><\/tr><tr><td class=\"cmsmasters_table_cell_alignleft\">DIRECCI\u00d3N ELECTR\u00d3NICA<\/td><td class=\"cmsmasters_table_cell_alignleft\"><a href=\"mailto:info@urosassociats.com\">info@urosassociats.com<\/a><\/td><\/tr><tr><td class=\"cmsmasters_table_cell_alignleft\">TEL\u00c9FONOS<\/td><td class=\"cmsmasters_table_cell_alignleft\"><a href=\"tel:936558565\">936558565<\/a><\/td><\/tr><tr><td class=\"cmsmasters_table_cell_alignleft\">REGISTRO MERCANTIL<\/td><td class=\"cmsmasters_table_cell_alignleft\">TOMO 41562, FOLIO 1, HOJA B 388884, INSCRIPCION 1 y TOMO 44856, FOLIO 132, HOJA B 469557, INSCRIPCION 1<\/td><\/tr><tr><td class=\"cmsmasters_table_cell_alignleft\">OBJETO PRINCIPAL<\/td><td class=\"cmsmasters_table_cell_alignleft\">SANIDAD PRIVADA<\/td><\/tr><\/table><\/div><div class=\"cmsmasters_text\">\n<p><strong>Protecci\u00f3n de datos<\/strong><\/p>\n<p>De conformidad con la normativa vigente y aplicable en protecci\u00f3n de datos de car\u00e1cter personal, le informamos que sus datos ser\u00e1n incorporados al sistema de tratamiento titularidad de CSF UROS ASSOCIATS SLP y TK UROS ASSOCIATS SLP con NIF B65211955 y B66490863 y domicilio social sito en TORRES I PUJALT 11-29 2.9 08022 BARCELONA, y que a continuaci\u00f3n se relacionan sus respectivas finalidades, plazos de conservaci\u00f3n y bases legitimadoras. Para aquellos tratamientos que lo requieran, se informa tambi\u00e9n de la posible elaboraci\u00f3n de perfiles y decisiones automatizadas, as\u00ed como las posibles cesiones y las transferencias internacionales que CSF UROS ASSOCIATS SLP Y TK UROS ASSOCIATS SLP tiene previsto realizar:<\/p>\n<\/div>\n<div class=\"cmsmasters_wrap_table\"><table class=\"cmsmasters_table\"><caption><\/caption><thead><tr class=\"cmsmasters_table_row_header\"><th class=\"cmsmasters_table_cell_alignleft\">TRATAMIENTOS REALIZADOS<\/th><th class=\"cmsmasters_table_cell_alignleft\"><\/th><\/tr><\/thead><tr><td class=\"cmsmasters_table_cell_alignleft\">Gesti\u00f3n de la p\u00e1gina web<\/td><td class=\"cmsmasters_table_cell_alignleft\">\n\nFinalidad: Tratamiento y gesti\u00f3n de los datos necesarios para la\nfuncionalidad de la p\u00e1gina web\nPlazo de conservaci\u00f3n: mientras perdure el consentimiento prestado\nBase leg\u00edtima: El consentimiento del interesado\nTipolog\u00eda de Datos: Datos meramente identificativos\nCesiones: No se prev\u00e9n, <u><a href=\"#\">salvo mediante el uso de cookies (Pol\u00edtica de Cookies).<\/a><\/u>\nTransferencias internacionales: No se prev\u00e9n, <u><a href=\"#\">salvo mediante el uso de cookies (Pol\u00edtica de Cookies).<\/a><\/u>\nElaboraciones de perfiles: No se prev\u00e9n\n\n<\/td><\/tr><tr><td class=\"cmsmasters_table_cell_alignleft\">Formularios web<\/td><td class=\"cmsmasters_table_cell_alignleft\">\n\nFinalidad: Atender sus consultas y\/o solicitudes\nPlazo de conservaci\u00f3n: mientras sea necesario para atender tu solicitud o\npetici\u00f3n.\nBase leg\u00edtima: El consentimiento del interesado, o bien el contrato del\ncual el interesado es parte, bien para el cumplimiento de una obligaci\u00f3n\nlegal o bien para la defensa de nuestros intereses leg\u00edtimos.\nTipolog\u00eda de Datos: Datos meramente identificativos\nCesiones: Los datos se comunicar\u00e1n en caso de ser necesarios a\nproveedores tecnol\u00f3gicos, de atenci\u00f3n al clientes, as\u00ed como a empresas\nGrupo Uros\nTRATAMIENTOS REALIZADOS\naseguradores con el fin de prestarle el servicio.\nTransferencias internacionales: No se prev\u00e9n\nElaboraciones de perfiles: No se prev\u00e9n\n\nElaboraciones de perfiles: No se prev\u00e9n<\/td><\/tr><tr><td class=\"cmsmasters_table_cell_alignleft\">Gesti\u00f3n del cumplimiento normativo<\/td><td class=\"cmsmasters_table_cell_alignleft\">\n\nFinalidad: Gesti\u00f3n y tramitaci\u00f3n de las obligaciones y deberes que se deriven del cumplimiento de la\nnormativa a la cual est\u00e1 sujeta la entidad\nPlazo de conservaci\u00f3n: conservaci\u00f3n de las copias de los documentos hasta que prescriban las acciones\npara reclamarle una posible responsabilidad\nBase leg\u00edtima: El cumplimiento de una ley\nTipolog\u00eda de Datos: Datos meramente identificativos\nCesiones: sus datos ser\u00e1n comunicados en caso de ser necesario a Organismos y\/o administraci\u00f3n p\u00fablica\ncon competencia en la materia con la finalidad de cumplir con las obligaciones establecidas en la normativa\naplicable. Adem\u00e1s, se informa que la base legitimadora de la cesi\u00f3n es cumplir con las obligaciones\nestablecidas en la normativa aplicable\nTransferencias internacionales: No se prev\u00e9n\nElaboraciones de perfiles: No se prev\u00e9n\n\nElaboraciones de perfiles: No se prev\u00e9n <\/td><\/tr><tr><td class=\"cmsmasters_table_cell_alignleft\">Acciones comerciales<\/td><td class=\"cmsmasters_table_cell_alignleft\">\n\nFinalidad: Captaci\u00f3n, registro y tratamiento de datos con finalidades de publicidad y prospecci\u00f3n comercial\nde nuestros productos y\/o servicios\nPlazo de conservaci\u00f3n: mientras se mantenga el consentimiento prestado, que se podr\u00e1 revocar en cualquier\nmomento\nBase leg\u00edtima: El consentimiento del interesado\nTipolog\u00eda de Datos: Datos meramente identificativos\nCesiones: Ninguna\nTransferencias internacionales: No se prev\u00e9n\nElaboraciones de perfiles: No se prev\u00e9n\n\nElaboraciones de perfiles: No se prev\u00e9n<\/td><\/tr><tr><td class=\"cmsmasters_table_cell_alignleft\">Gesti\u00f3n de la cita previa<\/td><td class=\"cmsmasters_table_cell_alignleft\">\n\nFinalidad: Poder concertar la cita previa\nPlazo de conservaci\u00f3n: mientras perdure el consentimiento prestado\nBase leg\u00edtima: El consentimiento del interesado\nTipolog\u00eda de Datos: Datos meramente identificativos\nCesiones: En determinados casos, los datos se compartir\u00e1n con las compa\u00f1\u00edas aseguradoras del\ninteresado, as\u00ed como a centros m\u00e9dicos para la reserva de determinados espacios.\nTransferencias internacionales: No se prev\u00e9n\nElaboraciones de perfiles: No se prev\u00e9n\n\nElaboraciones de perfiles: No se prev\u00e9n<\/td><\/tr><\/table><\/div><div class=\"cmsmasters_text\">\n<p>A su vez, le informamos que puede contactar con el Delegado de Protecci\u00f3n de Datos, dirigi\u00e9ndose por escrito a la direcci\u00f3n de correo <a href=\"dpd.cliente@conversia.es\">dpd.cliente@conversia.es<\/a> o al tel\u00e9fono <a href=\"tel:902877192\">902 877 192<\/a>.<\/p>\n<\/div>\n<div class=\"cmsmasters_text\">\n<\/div>\n\n\n<strong>DERECHOS DE LAS PERSONAS INTERESADAS<\/strong>\n\nCualquier persona tiene derecho a obtener confirmaci\u00f3n sobre si en UROS se tratan datos\npersonales que le conciernan, o no.\nPor otro lado, cualquier interesado podr\u00e1 solicitar el ejercicio de los siguientes derechos ante\nUROS presentando un escrito a la direcci\u00f3n <a href=\"mailto:lopd@urosassociats.com\">lopd@urosassociats.com<\/a>.\n<ul>\n  <li><strong>Derecho de acceso:<\/strong> permite al interesado conocer y obtener informaci\u00f3n sobre sus\n  datos de car\u00e1cter personal sometidos a tratamiento.<\/li>\n  <li><strong>Derecho de rectificaci\u00f3n o supresi\u00f3n:<\/strong> permite corregir errores, modificar los datos\n  que resulten ser inexactos o incompletos y garantizar la certeza de la informaci\u00f3n\n  objeto del tratamiento.<\/li>\n  <li><strong>Derecho de cancelaci\u00f3n:<\/strong> permite que se supriman los datos que resulten ser\n  inadecuados o excesivos.<\/li>\n  <li><strong>Derecho de oposici\u00f3n:<\/strong> derecho del interesado a que no se lleve a cabo el tratamiento\n  de sus datos de car\u00e1cter personal o se cese en el mismo.<\/li>\n  <li><strong>Limitaci\u00f3n del tratamiento:<\/strong> conlleva el marcado de los datos personales conservados,\n  con la finalidad de limitar su futuro tratamiento.<\/li>\n  <li><strong>Portabilidad de los datos:<\/strong> facilitaci\u00f3n de los datos objeto de tratamiento al interesado,\n  a fin de que \u00e9ste pueda transmitirlos a otro responsable, sin impedimentos.<\/li>\n  <li><strong>Derecho a no ser objeto de decisiones individuales automatizadas (incluida la\n  elaboraci\u00f3n de perfiles):<\/strong> derecho a no ser objeto de una decisi\u00f3n basada en el\n  tratamiento automatizado que produzca efectos o afecte significativamente.<\/li>\n<\/ul>\nEl interesado puede, en cualquier momento, revocar el consentimiento previamente otorgado\npara usar sus datos. En el caso de que revoque el consentimiento para almacenar y procesar\nsus datos, UROS no podr\u00e1 proporcionarle determinados servicios.\nEn caso de desatenci\u00f3n de alguno de los citados derechos el interesado podr\u00e1 interponer la\ncorrespondiente reclamaci\u00f3n de tutela ante la Agencia Espa\u00f1ola de Protecci\u00f3n de Datos.\n\n\n<\/div>\n\t\t\t\t\t\t<\/div>\n\t\t\t\t<\/div>\n\t\t\t\t\t<\/div>\n\t\t<\/div>\n\t\t\t\t\t<\/div>\n\t\t<\/section>\n\t\t\t\t<\/div>\n\t\t","protected":false},"excerpt":{"rendered":"","protected":false},"author":3,"featured_media":0,"parent":0,"menu_order":0,"comment_status":"closed","ping_status":"closed","template":"","meta":{"footnotes":""},"class_list":["post-21339","page","type-page","status-publish","hentry"],"yoast_head":"<!-- This site is optimized with the Yoast SEO plugin v25.9 - https:\/\/yoast.com\/wordpress\/plugins\/seo\/ -->\n<title>Pol\u00edtica de privacitat &#8211; Uros Associats<\/title>\n<meta name=\"description\" content=\"Consulta la pol\u00edtica de privacitat d\u2019Uros Associats: tractament de dades personals, drets dels usuaris i compliment del RGPD.\" \/>\n<meta name=\"robots\" content=\"index, follow, max-snippet:-1, max-image-preview:large, max-video-preview:-1\" \/>\n<link rel=\"canonical\" href=\"https:\/\/urosassociats.com\/ca\/politica-de-privacitat\/\" \/>\n<meta property=\"og:locale\" content=\"ca_ES\" \/>\n<meta property=\"og:type\" content=\"article\" \/>\n<meta property=\"og:title\" content=\"Pol\u00edtica de privacitat &#8211; Uros Associats\" \/>\n<meta property=\"og:description\" content=\"Consulta la pol\u00edtica de privacitat d\u2019Uros Associats: tractament de dades personals, drets dels usuaris i compliment del RGPD.\" \/>\n<meta property=\"og:url\" content=\"https:\/\/urosassociats.com\/ca\/politica-de-privacitat\/\" \/>\n<meta property=\"og:site_name\" content=\"Uros Associats\" \/>\n<meta property=\"article:modified_time\" content=\"2026-02-26T14:46:53+00:00\" \/>\n<meta property=\"og:image\" content=\"https:\/\/urosassociats.com\/wp-content\/uploads\/2020\/05\/logo-principal.png\" \/>\n\t<meta property=\"og:image:width\" content=\"688\" \/>\n\t<meta property=\"og:image:height\" content=\"643\" \/>\n\t<meta property=\"og:image:type\" content=\"image\/png\" \/>\n<meta name=\"twitter:card\" content=\"summary_large_image\" \/>\n<meta name=\"twitter:site\" content=\"@uros_associats\" \/>\n<meta name=\"twitter:label1\" content=\"Temps estimat de lectura\" \/>\n\t<meta name=\"twitter:data1\" content=\"6 minuts\" \/>\n<script type=\"application\/ld+json\" class=\"yoast-schema-graph\">{\"@context\":\"https:\/\/schema.org\",\"@graph\":[{\"@type\":\"WebPage\",\"@id\":\"https:\/\/urosassociats.com\/ca\/politica-de-privacitat\/\",\"url\":\"https:\/\/urosassociats.com\/ca\/politica-de-privacitat\/\",\"name\":\"Pol\u00edtica de privacitat &#8211; Uros Associats\",\"isPartOf\":{\"@id\":\"https:\/\/urosassociats.com\/#website\"},\"datePublished\":\"2023-11-29T15:41:33+00:00\",\"dateModified\":\"2026-02-26T14:46:53+00:00\",\"description\":\"Consulta la pol\u00edtica de privacitat d\u2019Uros Associats: tractament de dades personals, drets dels usuaris i compliment del RGPD.\",\"breadcrumb\":{\"@id\":\"https:\/\/urosassociats.com\/ca\/politica-de-privacitat\/#breadcrumb\"},\"inLanguage\":\"ca\",\"potentialAction\":[{\"@type\":\"ReadAction\",\"target\":[\"https:\/\/urosassociats.com\/ca\/politica-de-privacitat\/\"]}]},{\"@type\":\"BreadcrumbList\",\"@id\":\"https:\/\/urosassociats.com\/ca\/politica-de-privacitat\/#breadcrumb\",\"itemListElement\":[{\"@type\":\"ListItem\",\"position\":1,\"name\":\"Inici\",\"item\":\"https:\/\/urosassociats.com\/ca\/uros-associats\/\"},{\"@type\":\"ListItem\",\"position\":2,\"name\":\"Pol\u00edtica de privacitat\"}]},{\"@type\":\"WebSite\",\"@id\":\"https:\/\/urosassociats.com\/#website\",\"url\":\"https:\/\/urosassociats.com\/\",\"name\":\"Uros Associats\",\"description\":\"Ur\u00f3logos en Barcelona y Tarragona. Expertos en todo tipo de tratamientos y patolog\u00edas de Urolog\u00eda | Androlog\u00eda, Chequeos, Cirug\u00eda, Oncolog\u00eda, Litiasis y m\u00e1s.\",\"publisher\":{\"@id\":\"https:\/\/urosassociats.com\/#organization\"},\"potentialAction\":[{\"@type\":\"SearchAction\",\"target\":{\"@type\":\"EntryPoint\",\"urlTemplate\":\"https:\/\/urosassociats.com\/?s={search_term_string}\"},\"query-input\":{\"@type\":\"PropertyValueSpecification\",\"valueRequired\":true,\"valueName\":\"search_term_string\"}}],\"inLanguage\":\"ca\"},{\"@type\":\"Organization\",\"@id\":\"https:\/\/urosassociats.com\/#organization\",\"name\":\"Uros Associats\",\"url\":\"https:\/\/urosassociats.com\/\",\"logo\":{\"@type\":\"ImageObject\",\"inLanguage\":\"ca\",\"@id\":\"https:\/\/urosassociats.com\/#\/schema\/logo\/image\/\",\"url\":\"https:\/\/urosassociats.com\/wp-content\/uploads\/2020\/05\/logo-principal.png\",\"contentUrl\":\"https:\/\/urosassociats.com\/wp-content\/uploads\/2020\/05\/logo-principal.png\",\"width\":688,\"height\":643,\"caption\":\"Uros Associats\"},\"image\":{\"@id\":\"https:\/\/urosassociats.com\/#\/schema\/logo\/image\/\"},\"sameAs\":[\"https:\/\/x.com\/uros_associats\",\"https:\/\/www.instagram.com\/urosassociats_\",\"https:\/\/www.linkedin.com\/company\/uros-associats\"]}]}<\/script>\n<!-- \/ Yoast SEO plugin. -->","yoast_head_json":{"title":"Pol\u00edtica de privacitat &#8211; Uros Associats","description":"Consulta la pol\u00edtica de privacitat d\u2019Uros Associats: tractament de dades personals, drets dels usuaris i compliment del RGPD.","robots":{"index":"index","follow":"follow","max-snippet":"max-snippet:-1","max-image-preview":"max-image-preview:large","max-video-preview":"max-video-preview:-1"},"canonical":"https:\/\/urosassociats.com\/ca\/politica-de-privacitat\/","og_locale":"ca_ES","og_type":"article","og_title":"Pol\u00edtica de privacitat &#8211; Uros Associats","og_description":"Consulta la pol\u00edtica de privacitat d\u2019Uros Associats: tractament de dades personals, drets dels usuaris i compliment del RGPD.","og_url":"https:\/\/urosassociats.com\/ca\/politica-de-privacitat\/","og_site_name":"Uros Associats","article_modified_time":"2026-02-26T14:46:53+00:00","og_image":[{"width":688,"height":643,"url":"https:\/\/urosassociats.com\/wp-content\/uploads\/2020\/05\/logo-principal.png","type":"image\/png"}],"twitter_card":"summary_large_image","twitter_site":"@uros_associats","twitter_misc":{"Temps estimat de lectura":"6 minuts"},"schema":{"@context":"https:\/\/schema.org","@graph":[{"@type":"WebPage","@id":"https:\/\/urosassociats.com\/ca\/politica-de-privacitat\/","url":"https:\/\/urosassociats.com\/ca\/politica-de-privacitat\/","name":"Pol\u00edtica de privacitat &#8211; Uros Associats","isPartOf":{"@id":"https:\/\/urosassociats.com\/#website"},"datePublished":"2023-11-29T15:41:33+00:00","dateModified":"2026-02-26T14:46:53+00:00","description":"Consulta la pol\u00edtica de privacitat d\u2019Uros Associats: tractament de dades personals, drets dels usuaris i compliment del RGPD.","breadcrumb":{"@id":"https:\/\/urosassociats.com\/ca\/politica-de-privacitat\/#breadcrumb"},"inLanguage":"ca","potentialAction":[{"@type":"ReadAction","target":["https:\/\/urosassociats.com\/ca\/politica-de-privacitat\/"]}]},{"@type":"BreadcrumbList","@id":"https:\/\/urosassociats.com\/ca\/politica-de-privacitat\/#breadcrumb","itemListElement":[{"@type":"ListItem","position":1,"name":"Inici","item":"https:\/\/urosassociats.com\/ca\/uros-associats\/"},{"@type":"ListItem","position":2,"name":"Pol\u00edtica de privacitat"}]},{"@type":"WebSite","@id":"https:\/\/urosassociats.com\/#website","url":"https:\/\/urosassociats.com\/","name":"Uros Associats","description":"Ur\u00f3logos en Barcelona y Tarragona. Expertos en todo tipo de tratamientos y patolog\u00edas de Urolog\u00eda | Androlog\u00eda, Chequeos, Cirug\u00eda, Oncolog\u00eda, Litiasis y m\u00e1s.","publisher":{"@id":"https:\/\/urosassociats.com\/#organization"},"potentialAction":[{"@type":"SearchAction","target":{"@type":"EntryPoint","urlTemplate":"https:\/\/urosassociats.com\/?s={search_term_string}"},"query-input":{"@type":"PropertyValueSpecification","valueRequired":true,"valueName":"search_term_string"}}],"inLanguage":"ca"},{"@type":"Organization","@id":"https:\/\/urosassociats.com\/#organization","name":"Uros Associats","url":"https:\/\/urosassociats.com\/","logo":{"@type":"ImageObject","inLanguage":"ca","@id":"https:\/\/urosassociats.com\/#\/schema\/logo\/image\/","url":"https:\/\/urosassociats.com\/wp-content\/uploads\/2020\/05\/logo-principal.png","contentUrl":"https:\/\/urosassociats.com\/wp-content\/uploads\/2020\/05\/logo-principal.png","width":688,"height":643,"caption":"Uros Associats"},"image":{"@id":"https:\/\/urosassociats.com\/#\/schema\/logo\/image\/"},"sameAs":["https:\/\/x.com\/uros_associats","https:\/\/www.instagram.com\/urosassociats_","https:\/\/www.linkedin.com\/company\/uros-associats"]}]}},"_links":{"self":[{"href":"https:\/\/urosassociats.com\/ca\/wp-json\/wp\/v2\/pages\/21339","targetHints":{"allow":["GET"]}}],"collection":[{"href":"https:\/\/urosassociats.com\/ca\/wp-json\/wp\/v2\/pages"}],"about":[{"href":"https:\/\/urosassociats.com\/ca\/wp-json\/wp\/v2\/types\/page"}],"author":[{"embeddable":true,"href":"https:\/\/urosassociats.com\/ca\/wp-json\/wp\/v2\/users\/3"}],"replies":[{"embeddable":true,"href":"https:\/\/urosassociats.com\/ca\/wp-json\/wp\/v2\/comments?post=21339"}],"version-history":[{"count":3,"href":"https:\/\/urosassociats.com\/ca\/wp-json\/wp\/v2\/pages\/21339\/revisions"}],"predecessor-version":[{"id":21352,"href":"https:\/\/urosassociats.com\/ca\/wp-json\/wp\/v2\/pages\/21339\/revisions\/21352"}],"wp:attachment":[{"href":"https:\/\/urosassociats.com\/ca\/wp-json\/wp\/v2\/media?parent=21339"}],"curies":[{"name":"wp","href":"https:\/\/api.w.org\/{rel}","templated":true}]}}