{"id":22642,"date":"2024-02-09T10:41:46","date_gmt":"2024-02-09T10:41:46","guid":{"rendered":"https:\/\/urosassociats.com\/missio-visio-i-valors\/"},"modified":"2024-02-09T10:41:46","modified_gmt":"2024-02-09T10:41:46","slug":"missio-visio-i-valors","status":"publish","type":"page","link":"https:\/\/urosassociats.com\/ca\/missio-visio-i-valors\/","title":{"rendered":"Missi\u00f3, visi\u00f3 i valors"},"content":{"rendered":"<p>          <div id=\"cmsmasters_row_ipnapwweqp\" class=\"cmsmasters_row cmsmasters_color_scheme_default cmsmasters_row_top_default cmsmasters_row_bot_default cmsmasters_row_boxed\">\n<div class=\"cmsmasters_row_outer_parent\">\n<div class=\"cmsmasters_row_outer\">\n<div class=\"cmsmasters_row_inner cmsmasters_row_no_margin\">\n<div class=\"cmsmasters_row_margin\">\n\n            <div id=\"cmsmasters_column_kzv63j544q\" class=\"cmsmasters_column one_first\">\n<div class=\"cmsmasters_column_inner\"><div class=\"cmsmasters_text\">\n<p style=\"padding: 20px;\">\n                  <span style=\"font-size: 21px; font-weight: bold; color: #ffffff;\">MISSI\u00d3<\/span>\n                <\/p>\n<\/div>\n<\/div><\/div>\n\n          <\/div>\n<\/div>\n<\/div>\n<\/div>\n<\/div>\n\n          <div id=\"cmsmasters_row_lacp9fvva\" class=\"cmsmasters_row cmsmasters_color_scheme_default cmsmasters_row_top_default cmsmasters_row_bot_default cmsmasters_row_boxed\">\n<div class=\"cmsmasters_row_outer_parent\">\n<div class=\"cmsmasters_row_outer\">\n<div class=\"cmsmasters_row_inner\">\n<div class=\"cmsmasters_row_margin\">\n\n            <div id=\"cmsmasters_column_5phmjnt3d\" class=\"cmsmasters_column one_first\">\n<div class=\"cmsmasters_column_inner\"><div class=\"cmsmasters_text\">\n<p style=\"font-size: 16px;\">\n                  <span style=\"color: #000000;\">Proporcionar als nostres pacients una atenci\u00f3 m\u00e8dica d&#8217;excel\u00b7l\u00e8ncia. El pacient \u00e9s el primer.<\/span>\n                <\/p>\n<\/div>\n<\/div><\/div>\n\n          <\/div>\n<\/div>\n<\/div>\n<\/div>\n<\/div>\n\n          <div id=\"cmsmasters_row_xdi5n1hsji\" class=\"cmsmasters_row cmsmasters_color_scheme_default cmsmasters_row_top_default cmsmasters_row_bot_default cmsmasters_row_boxed\">\n<div class=\"cmsmasters_row_outer_parent\">\n<div class=\"cmsmasters_row_outer\">\n<div class=\"cmsmasters_row_inner cmsmasters_row_no_margin\">\n<div class=\"cmsmasters_row_margin\">\n\n            <div id=\"cmsmasters_column_bte8os2hfn\" class=\"cmsmasters_column one_first\">\n<div class=\"cmsmasters_column_inner\"><div class=\"cmsmasters_text\">\n<p style=\"padding: 20px;\">\n                  <span style=\"font-size: 21px; font-weight: bold; color: #ffffff;\">LA NOSTRA VISI\u00d3<\/span>\n                <\/p>\n<\/div>\n<\/div><\/div>\n\n          <\/div>\n<\/div>\n<\/div>\n<\/div>\n<\/div>\n\n          <div id=\"cmsmasters_row_gdtns98lh\" class=\"cmsmasters_row cmsmasters_color_scheme_default cmsmasters_row_top_default cmsmasters_row_bot_default cmsmasters_row_boxed\">\n<div class=\"cmsmasters_row_outer_parent\">\n<div class=\"cmsmasters_row_outer\">\n<div class=\"cmsmasters_row_inner\">\n<div class=\"cmsmasters_row_margin\">\n\n            <div id=\"cmsmasters_column_17n9r1jy7g\" class=\"cmsmasters_column one_first\">\n<div class=\"cmsmasters_column_inner\"><div class=\"cmsmasters_text\">\n<p style=\"font-size: 16px;\">\n                  <span style=\"color: #000000;\">Continuar expandint-nos com a resultat del reconeixement dels nostres pacients, no nom\u00e9s per la nostra qualitat sin\u00f3 tamb\u00e9 per la nostra humanitat. Incrementar la nostra pres\u00e8ncia en f\u00f2rums cient\u00edfics i ser reconeguts en les societats cient\u00edfiques d&#8217; acord amb el volum i qualitat de l&#8217; atenci\u00f3 que donem.<\/span>\n                <\/p>\n<\/div>\n<\/div><\/div>\n\n          <\/div>\n<\/div>\n<\/div>\n<\/div>\n<\/div>\n\n          <div id=\"cmsmasters_row_3bsjt7eji\" class=\"cmsmasters_row cmsmasters_color_scheme_default cmsmasters_row_top_default cmsmasters_row_bot_default cmsmasters_row_boxed\">\n<div class=\"cmsmasters_row_outer_parent\">\n<div class=\"cmsmasters_row_outer\">\n<div class=\"cmsmasters_row_inner cmsmasters_row_no_margin\">\n<div class=\"cmsmasters_row_margin\">\n\n            <div id=\"cmsmasters_column_6syaoihfk\" class=\"cmsmasters_column one_first\">\n<div class=\"cmsmasters_column_inner\"><div class=\"cmsmasters_text\">\n<p style=\"padding: 20px;\">\n                  <span style=\"font-size: 21px; font-weight: bold; color: #ffffff;\">VALORS<\/span>\n                <\/p>\n<\/div>\n<\/div><\/div>\n\n          <\/div>\n<\/div>\n<\/div>\n<\/div>\n<\/div>\n\n          <div id=\"cmsmasters_row_vmj584fga\" class=\"cmsmasters_row cmsmasters_color_scheme_default cmsmasters_row_top_default cmsmasters_row_bot_default cmsmasters_row_boxed\">\n<div id=\"list-anim\" class=\"cmsmasters_row_outer_parent\">\n<div class=\"cmsmasters_row_outer\">\n<div class=\"cmsmasters_row_inner\">\n<div class=\"cmsmasters_row_margin\">\n\n            <div id=\"cmsmasters_column_b79ydunjen\" class=\"cmsmasters_column one_first\">\n<div class=\"cmsmasters_column_inner\"><div class=\"cmsmasters_text\">\n<ol style=\"font-size: 16px; color: #000000;\">\n<li><span style=\"color: #000000;\"><strong>Tracte hum\u00e0:<\/strong> Sempre situem les persones al centre de tot.<\/span><\/li>\n<li><span style=\"color: #000000;\"><strong>Excel\u00b7l\u00e8ncia:<\/strong> Tenim com a norma revisar tots els casos quir\u00fargics i els casos complicats es revisen en les nostres sessions cl\u00edniques di\u00e0ries. A m\u00e9s, no deixem de banda assistir a congressos i cursos per continuar oferint una atenci\u00f3 m\u00e8dica de qualitat i innovadora.<\/span><\/li>\n<li><span style=\"color: #000000;\"><strong>Comprom\u00eds:<\/strong> Tenim la capacitat de complir amb la nostra promesa, ajudar-te.<\/span><\/li>\n<li><span style=\"color: #000000;\"><strong>Professionalitat:<\/strong> Exercim la nostra feina com un repte personal, la nostra autoexig\u00e8ncia i passi\u00f3 ens guia a aconseguir la nostra missi\u00f3.<\/span><\/li>\n<li><span style=\"color: #000000;\"><strong>Humilitat:<\/strong> Ens posem al lloc de la persona que tenim davant.<\/span><\/li>\n<li><span style=\"color: #000000;\"><strong>Sentit Com\u00fa:<\/strong> \u00c9s una eina fonamental que utilitzem en totes les nostres decisions.<\/span><\/li>\n<li><span style=\"color: #000000;\"><strong>Respecte:<\/strong> Promovem un ambient inclusiu que valori les capacitats i contribucions de cada persona.<\/span><\/li>\n<\/ol>\n<\/div>\n<\/div><\/div>\n\n          <\/div>\n<\/div>\n<\/div>\n<\/div>\n<\/div>\n\n          <div id=\"cmsmasters_row_vsstpsdfd7\" class=\"cmsmasters_row cmsmasters_color_scheme_default equipo-admin-images cmsmasters_row_top_default cmsmasters_row_bot_default cmsmasters_row_boxed\">\n<div class=\"cmsmasters_row_outer_parent\">\n<div class=\"cmsmasters_row_outer\">\n<div class=\"cmsmasters_row_inner\">\n<div class=\"cmsmasters_row_margin\">\n\n            <div id=\"cmsmasters_column_b9gr9ae2na\" class=\"cmsmasters_column one_half\">\n<div class=\"cmsmasters_column_inner\"><div class=\"cmsmasters_img  cmsmasters_image_n\"><img decoding=\"async\" src=\"https:\/\/urosassociats.com\/wp-content\/uploads\/2024\/01\/01.webp\" \/><\/div><div class=\"cmsmasters_img  cmsmasters_image_n\"><img decoding=\"async\" src=\"https:\/\/urosassociats.com\/wp-content\/uploads\/2024\/01\/IMG-2199-scaled.webp\" \/><\/div>\n<\/div><\/div>\n\n            <div id=\"cmsmasters_column_xq6glf2gtv\" class=\"cmsmasters_column one_half\">\n<div class=\"cmsmasters_column_inner\"><div class=\"cmsmasters_img  cmsmasters_image_n\"><img decoding=\"async\" src=\"https:\/\/urosassociats.com\/wp-content\/uploads\/2024\/01\/TEKNON-2.webp\" \/><\/div><div class=\"cmsmasters_img  cmsmasters_image_n\"><img decoding=\"async\" src=\"https:\/\/urosassociats.com\/wp-content\/uploads\/2024\/01\/TARRAGONA-scaled.webp\" \/><\/div>\n<\/div><\/div>\n\n          <\/div>\n<\/div>\n<\/div>\n<\/div>\n<\/div>\n\n          <div id=\"cmsmasters_row_5he014ba2\" class=\"cmsmasters_row cmsmasters_color_scheme_default cmsmasters_row_top_default cmsmasters_row_bot_default cmsmasters_row_boxed\">\n<div class=\"cmsmasters_row_outer_parent\">\n<div class=\"cmsmasters_row_outer\">\n<div class=\"cmsmasters_row_inner\">\n<div class=\"cmsmasters_row_margin\">\n\n            <div id=\"cmsmasters_column_7yu47e3vfw\" class=\"cmsmasters_column one_first\">\n<div class=\"cmsmasters_column_inner\"><div class=\"cmsmasters_text\">\n<p style=\"text-align: center; font-size: 16px;\">\n                  <span style=\"color: #000000;\">Si est\u00e0s interessat\/a a treballar amb nosaltres, envia&#8217;ns el teu Curr\u00edculum al seg\u00fcent correu electr\u00f2nic:<\/span>\n                <\/p>\n<p style=\"text-align: center; font-size: 16px;\">\n                  <a style=\"font-size: 16px;\" href=\"mailto:people@urosassociats.com\">people@urosassociats.com<\/a>\n                <\/p>\n<p style=\"text-align: center; font-size: 16px;\">\n                  <span style=\"color: #000000;\">Esperem con\u00e8ixer-te!<\/span>\n                <\/p>\n<\/div>\n<\/div><\/div>\n\n          <\/div>\n<\/div>\n<\/div>\n<\/div>\n<\/div>\n\n          <div id=\"cmsmasters_row_3pi024u9bb\" class=\"cmsmasters_row cmsmasters_color_scheme_default cmsmasters_row_top_default cmsmasters_row_bot_default cmsmasters_row_boxed\">\n<div class=\"cmsmasters_row_outer_parent\">\n<div class=\"cmsmasters_row_outer\">\n<div class=\"cmsmasters_row_inner\">\n<div class=\"cmsmasters_row_margin\">\n\n            <div id=\"cmsmasters_column_x321u8h9b\" class=\"cmsmasters_column one_first\">\n<div class=\"cmsmasters_column_inner\"><\/div><\/div>\n\n          <\/div>\n<\/div>\n<\/div>\n<\/div>\n<\/div>\n\n","protected":false},"excerpt":{"rendered":"","protected":false},"author":3,"featured_media":0,"parent":0,"menu_order":0,"comment_status":"closed","ping_status":"closed","template":"","meta":{"footnotes":""},"class_list":["post-22642","page","type-page","status-publish","hentry"],"yoast_head":"<!-- This site is optimized with the Yoast SEO plugin v25.9 - https:\/\/yoast.com\/wordpress\/plugins\/seo\/ -->\n<title>Missi\u00f3, visi\u00f3 i valors &#8211; Uros Associats<\/title>\n<meta name=\"robots\" content=\"index, follow, max-snippet:-1, max-image-preview:large, max-video-preview:-1\" \/>\n<link rel=\"canonical\" href=\"https:\/\/urosassociats.com\/missio-visio-i-valors\/\" \/>\n<meta property=\"og:locale\" content=\"ca_ES\" \/>\n<meta property=\"og:type\" content=\"article\" \/>\n<meta property=\"og:title\" content=\"Missi\u00f3, visi\u00f3 i valors &#8211; Uros Associats\" \/>\n<meta property=\"og:url\" content=\"https:\/\/urosassociats.com\/missio-visio-i-valors\/\" \/>\n<meta property=\"og:site_name\" content=\"Uros Associats\" \/>\n<meta property=\"og:image\" content=\"https:\/\/urosassociats.com\/wp-content\/uploads\/2020\/05\/logo-principal.png\" \/>\n\t<meta property=\"og:image:width\" content=\"688\" \/>\n\t<meta property=\"og:image:height\" content=\"643\" \/>\n\t<meta property=\"og:image:type\" content=\"image\/png\" \/>\n<meta name=\"twitter:card\" content=\"summary_large_image\" \/>\n<meta name=\"twitter:site\" content=\"@uros_associats\" \/>\n<meta name=\"twitter:label1\" content=\"Temps estimat de lectura\" \/>\n\t<meta name=\"twitter:data1\" content=\"6 minuts\" \/>\n<script type=\"application\/ld+json\" class=\"yoast-schema-graph\">{\"@context\":\"https:\/\/schema.org\",\"@graph\":[{\"@type\":\"WebPage\",\"@id\":\"https:\/\/urosassociats.com\/missio-visio-i-valors\/\",\"url\":\"https:\/\/urosassociats.com\/missio-visio-i-valors\/\",\"name\":\"Missi\u00f3, visi\u00f3 i valors &#8211; Uros Associats\",\"isPartOf\":{\"@id\":\"https:\/\/urosassociats.com\/#website\"},\"datePublished\":\"2024-02-09T10:41:46+00:00\",\"breadcrumb\":{\"@id\":\"https:\/\/urosassociats.com\/missio-visio-i-valors\/#breadcrumb\"},\"inLanguage\":\"ca\",\"potentialAction\":[{\"@type\":\"ReadAction\",\"target\":[\"https:\/\/urosassociats.com\/missio-visio-i-valors\/\"]}]},{\"@type\":\"BreadcrumbList\",\"@id\":\"https:\/\/urosassociats.com\/missio-visio-i-valors\/#breadcrumb\",\"itemListElement\":[{\"@type\":\"ListItem\",\"position\":1,\"name\":\"Inici\",\"item\":\"https:\/\/urosassociats.com\/ca\/\"},{\"@type\":\"ListItem\",\"position\":2,\"name\":\"Missi\u00f3, visi\u00f3 i valors\"}]},{\"@type\":\"WebSite\",\"@id\":\"https:\/\/urosassociats.com\/#website\",\"url\":\"https:\/\/urosassociats.com\/\",\"name\":\"Uros Associats\",\"description\":\"Ur\u00f3logos en Barcelona y Tarragona. Expertos en todo tipo de tratamientos y patolog\u00edas de Urolog\u00eda | Androlog\u00eda, Chequeos, Cirug\u00eda, Oncolog\u00eda, Litiasis y m\u00e1s.\",\"publisher\":{\"@id\":\"https:\/\/urosassociats.com\/#organization\"},\"potentialAction\":[{\"@type\":\"SearchAction\",\"target\":{\"@type\":\"EntryPoint\",\"urlTemplate\":\"https:\/\/urosassociats.com\/?s={search_term_string}\"},\"query-input\":{\"@type\":\"PropertyValueSpecification\",\"valueRequired\":true,\"valueName\":\"search_term_string\"}}],\"inLanguage\":\"ca\"},{\"@type\":\"Organization\",\"@id\":\"https:\/\/urosassociats.com\/#organization\",\"name\":\"Uros Associats\",\"url\":\"https:\/\/urosassociats.com\/\",\"logo\":{\"@type\":\"ImageObject\",\"inLanguage\":\"ca\",\"@id\":\"https:\/\/urosassociats.com\/#\/schema\/logo\/image\/\",\"url\":\"https:\/\/urosassociats.com\/wp-content\/uploads\/2020\/05\/logo-principal.png\",\"contentUrl\":\"https:\/\/urosassociats.com\/wp-content\/uploads\/2020\/05\/logo-principal.png\",\"width\":688,\"height\":643,\"caption\":\"Uros Associats\"},\"image\":{\"@id\":\"https:\/\/urosassociats.com\/#\/schema\/logo\/image\/\"},\"sameAs\":[\"https:\/\/x.com\/uros_associats\",\"https:\/\/www.instagram.com\/urosassociats_\",\"https:\/\/www.linkedin.com\/company\/uros-associats\"]}]}<\/script>\n<!-- \/ Yoast SEO plugin. -->","yoast_head_json":{"title":"Missi\u00f3, visi\u00f3 i valors &#8211; Uros Associats","robots":{"index":"index","follow":"follow","max-snippet":"max-snippet:-1","max-image-preview":"max-image-preview:large","max-video-preview":"max-video-preview:-1"},"canonical":"https:\/\/urosassociats.com\/missio-visio-i-valors\/","og_locale":"ca_ES","og_type":"article","og_title":"Missi\u00f3, visi\u00f3 i valors &#8211; Uros Associats","og_url":"https:\/\/urosassociats.com\/missio-visio-i-valors\/","og_site_name":"Uros Associats","og_image":[{"width":688,"height":643,"url":"https:\/\/urosassociats.com\/wp-content\/uploads\/2020\/05\/logo-principal.png","type":"image\/png"}],"twitter_card":"summary_large_image","twitter_site":"@uros_associats","twitter_misc":{"Temps estimat de lectura":"6 minuts"},"schema":{"@context":"https:\/\/schema.org","@graph":[{"@type":"WebPage","@id":"https:\/\/urosassociats.com\/missio-visio-i-valors\/","url":"https:\/\/urosassociats.com\/missio-visio-i-valors\/","name":"Missi\u00f3, visi\u00f3 i valors &#8211; Uros Associats","isPartOf":{"@id":"https:\/\/urosassociats.com\/#website"},"datePublished":"2024-02-09T10:41:46+00:00","breadcrumb":{"@id":"https:\/\/urosassociats.com\/missio-visio-i-valors\/#breadcrumb"},"inLanguage":"ca","potentialAction":[{"@type":"ReadAction","target":["https:\/\/urosassociats.com\/missio-visio-i-valors\/"]}]},{"@type":"BreadcrumbList","@id":"https:\/\/urosassociats.com\/missio-visio-i-valors\/#breadcrumb","itemListElement":[{"@type":"ListItem","position":1,"name":"Inici","item":"https:\/\/urosassociats.com\/ca\/"},{"@type":"ListItem","position":2,"name":"Missi\u00f3, visi\u00f3 i valors"}]},{"@type":"WebSite","@id":"https:\/\/urosassociats.com\/#website","url":"https:\/\/urosassociats.com\/","name":"Uros Associats","description":"Ur\u00f3logos en Barcelona y Tarragona. Expertos en todo tipo de tratamientos y patolog\u00edas de Urolog\u00eda | Androlog\u00eda, Chequeos, Cirug\u00eda, Oncolog\u00eda, Litiasis y m\u00e1s.","publisher":{"@id":"https:\/\/urosassociats.com\/#organization"},"potentialAction":[{"@type":"SearchAction","target":{"@type":"EntryPoint","urlTemplate":"https:\/\/urosassociats.com\/?s={search_term_string}"},"query-input":{"@type":"PropertyValueSpecification","valueRequired":true,"valueName":"search_term_string"}}],"inLanguage":"ca"},{"@type":"Organization","@id":"https:\/\/urosassociats.com\/#organization","name":"Uros Associats","url":"https:\/\/urosassociats.com\/","logo":{"@type":"ImageObject","inLanguage":"ca","@id":"https:\/\/urosassociats.com\/#\/schema\/logo\/image\/","url":"https:\/\/urosassociats.com\/wp-content\/uploads\/2020\/05\/logo-principal.png","contentUrl":"https:\/\/urosassociats.com\/wp-content\/uploads\/2020\/05\/logo-principal.png","width":688,"height":643,"caption":"Uros Associats"},"image":{"@id":"https:\/\/urosassociats.com\/#\/schema\/logo\/image\/"},"sameAs":["https:\/\/x.com\/uros_associats","https:\/\/www.instagram.com\/urosassociats_","https:\/\/www.linkedin.com\/company\/uros-associats"]}]}},"_links":{"self":[{"href":"https:\/\/urosassociats.com\/ca\/wp-json\/wp\/v2\/pages\/22642","targetHints":{"allow":["GET"]}}],"collection":[{"href":"https:\/\/urosassociats.com\/ca\/wp-json\/wp\/v2\/pages"}],"about":[{"href":"https:\/\/urosassociats.com\/ca\/wp-json\/wp\/v2\/types\/page"}],"author":[{"embeddable":true,"href":"https:\/\/urosassociats.com\/ca\/wp-json\/wp\/v2\/users\/3"}],"replies":[{"embeddable":true,"href":"https:\/\/urosassociats.com\/ca\/wp-json\/wp\/v2\/comments?post=22642"}],"version-history":[{"count":0,"href":"https:\/\/urosassociats.com\/ca\/wp-json\/wp\/v2\/pages\/22642\/revisions"}],"wp:attachment":[{"href":"https:\/\/urosassociats.com\/ca\/wp-json\/wp\/v2\/media?parent=22642"}],"curies":[{"name":"wp","href":"https:\/\/api.w.org\/{rel}","templated":true}]}}