{"id":17530,"date":"2020-05-29T13:34:40","date_gmt":"2020-05-29T13:34:40","guid":{"rendered":"https:\/\/urosassociats.com\/gallery\/"},"modified":"2023-01-12T08:56:03","modified_gmt":"2023-01-12T08:56:03","slug":"gallery","status":"publish","type":"page","link":"https:\/\/urosassociats.com\/en\/gallery\/","title":{"rendered":"Gallery"},"content":{"rendered":"<div id=\"cmsmasters_row_1790adc753\" class=\"cmsmasters_row cmsmasters_color_scheme_default cmsmasters_row_top_default cmsmasters_row_bot_default cmsmasters_row_boxed\">\n<div class=\"cmsmasters_row_outer_parent\">\n<div class=\"cmsmasters_row_outer\">\n<div class=\"cmsmasters_row_inner\">\n<div class=\"cmsmasters_row_margin\">\n<div id=\"cmsmasters_column_02e82c107f\" class=\"cmsmasters_column one_first\">\n<div class=\"cmsmasters_column_inner\"><div id=\"cmsmasters_heading_137211a972\" class=\"cmsmasters_heading_wrap cmsmasters_heading_align_left\">\n\t<h2 class=\"cmsmasters_heading\">Teknon<\/h2>\n<\/div> <div class=\"cmsmasters_content_slider_wrap\" style=\"max-width:px;\"><div id=\"cmsmasters_slider_3b30a1b204\" class=\"cmsmasters_owl_slider owl-carousel cmsmasters_content_slider\" data-auto-play=\"false\" data-stop-on-hover=\"false\" data-rewind-nav=\"false\" data-slide-speed=\"600\" data-pagination-speed=\"600\" data-rewind-speed=\"1000\" data-transition-style=\"false\" data-pagination=\"false\" data-navigation=\"true\" data-navigation-prev=\"<span><\/span>\" data-navigation-next=\"<span><\/span>\"><div class=\"cmsmasters_owl_slider_item cmsmasters_content_slider_item\"><\/div><div class=\"cmsmasters_owl_slider_item cmsmasters_content_slider_item\"><img fetchpriority=\"high\" decoding=\"async\" width=\"2560\" height=\"1803\" src=\"https:\/\/urosassociats.com\/wp-content\/uploads\/2020\/05\/www.estelacamprubi.com900teknon2005-scaled.jpg\" class=\"attachment-full size-full\" alt=\"\" srcset=\"https:\/\/urosassociats.com\/wp-content\/uploads\/2020\/05\/www.estelacamprubi.com900teknon2005-scaled.jpg 2560w, https:\/\/urosassociats.com\/wp-content\/uploads\/2020\/05\/www.estelacamprubi.com900teknon2005-scaled-600x423.jpg 600w, https:\/\/urosassociats.com\/wp-content\/uploads\/2020\/05\/www.estelacamprubi.com900teknon2005-300x211.jpg 300w, https:\/\/urosassociats.com\/wp-content\/uploads\/2020\/05\/www.estelacamprubi.com900teknon2005-1024x721.jpg 1024w, https:\/\/urosassociats.com\/wp-content\/uploads\/2020\/05\/www.estelacamprubi.com900teknon2005-768x541.jpg 768w, https:\/\/urosassociats.com\/wp-content\/uploads\/2020\/05\/www.estelacamprubi.com900teknon2005-1536x1082.jpg 1536w, https:\/\/urosassociats.com\/wp-content\/uploads\/2020\/05\/www.estelacamprubi.com900teknon2005-2048x1442.jpg 2048w, https:\/\/urosassociats.com\/wp-content\/uploads\/2020\/05\/www.estelacamprubi.com900teknon2005-580x409.jpg 580w, https:\/\/urosassociats.com\/wp-content\/uploads\/2020\/05\/www.estelacamprubi.com900teknon2005-860x606.jpg 860w, https:\/\/urosassociats.com\/wp-content\/uploads\/2020\/05\/www.estelacamprubi.com900teknon2005-1160x817.jpg 1160w, https:\/\/urosassociats.com\/wp-content\/uploads\/2020\/05\/www.estelacamprubi.com900teknon2005-1320x930.jpg 1320w\" sizes=\"(max-width: 2560px) 100vw, 2560px\" \/><\/div><div class=\"cmsmasters_owl_slider_item cmsmasters_content_slider_item\"><img decoding=\"async\" width=\"2560\" height=\"1703\" src=\"https:\/\/urosassociats.com\/wp-content\/uploads\/2020\/05\/www.estelacamprubi.com553teknon2002-scaled.jpg\" class=\"attachment-full size-full\" alt=\"\" srcset=\"https:\/\/urosassociats.com\/wp-content\/uploads\/2020\/05\/www.estelacamprubi.com553teknon2002-scaled.jpg 2560w, https:\/\/urosassociats.com\/wp-content\/uploads\/2020\/05\/www.estelacamprubi.com553teknon2002-scaled-600x399.jpg 600w, https:\/\/urosassociats.com\/wp-content\/uploads\/2020\/05\/www.estelacamprubi.com553teknon2002-300x200.jpg 300w, https:\/\/urosassociats.com\/wp-content\/uploads\/2020\/05\/www.estelacamprubi.com553teknon2002-1024x681.jpg 1024w, https:\/\/urosassociats.com\/wp-content\/uploads\/2020\/05\/www.estelacamprubi.com553teknon2002-768x511.jpg 768w, https:\/\/urosassociats.com\/wp-content\/uploads\/2020\/05\/www.estelacamprubi.com553teknon2002-1536x1022.jpg 1536w, https:\/\/urosassociats.com\/wp-content\/uploads\/2020\/05\/www.estelacamprubi.com553teknon2002-2048x1363.jpg 2048w, https:\/\/urosassociats.com\/wp-content\/uploads\/2020\/05\/www.estelacamprubi.com553teknon2002-580x386.jpg 580w, https:\/\/urosassociats.com\/wp-content\/uploads\/2020\/05\/www.estelacamprubi.com553teknon2002-860x572.jpg 860w, https:\/\/urosassociats.com\/wp-content\/uploads\/2020\/05\/www.estelacamprubi.com553teknon2002-1160x772.jpg 1160w, https:\/\/urosassociats.com\/wp-content\/uploads\/2020\/05\/www.estelacamprubi.com553teknon2002-1320x878.jpg 1320w\" sizes=\"(max-width: 2560px) 100vw, 2560px\" \/><\/div><div class=\"cmsmasters_owl_slider_item cmsmasters_content_slider_item\"><img decoding=\"async\" width=\"2560\" height=\"1703\" src=\"https:\/\/urosassociats.com\/wp-content\/uploads\/2020\/05\/www.estelacamprubi.com428teknon2007-scaled.jpg\" class=\"attachment-full size-full\" alt=\"\" srcset=\"https:\/\/urosassociats.com\/wp-content\/uploads\/2020\/05\/www.estelacamprubi.com428teknon2007-scaled.jpg 2560w, https:\/\/urosassociats.com\/wp-content\/uploads\/2020\/05\/www.estelacamprubi.com428teknon2007-scaled-600x399.jpg 600w, https:\/\/urosassociats.com\/wp-content\/uploads\/2020\/05\/www.estelacamprubi.com428teknon2007-300x200.jpg 300w, https:\/\/urosassociats.com\/wp-content\/uploads\/2020\/05\/www.estelacamprubi.com428teknon2007-1024x681.jpg 1024w, https:\/\/urosassociats.com\/wp-content\/uploads\/2020\/05\/www.estelacamprubi.com428teknon2007-768x511.jpg 768w, https:\/\/urosassociats.com\/wp-content\/uploads\/2020\/05\/www.estelacamprubi.com428teknon2007-1536x1022.jpg 1536w, https:\/\/urosassociats.com\/wp-content\/uploads\/2020\/05\/www.estelacamprubi.com428teknon2007-2048x1363.jpg 2048w, https:\/\/urosassociats.com\/wp-content\/uploads\/2020\/05\/www.estelacamprubi.com428teknon2007-580x386.jpg 580w, https:\/\/urosassociats.com\/wp-content\/uploads\/2020\/05\/www.estelacamprubi.com428teknon2007-860x572.jpg 860w, https:\/\/urosassociats.com\/wp-content\/uploads\/2020\/05\/www.estelacamprubi.com428teknon2007-1160x772.jpg 1160w, https:\/\/urosassociats.com\/wp-content\/uploads\/2020\/05\/www.estelacamprubi.com428teknon2007-1320x878.jpg 1320w\" sizes=\"(max-width: 2560px) 100vw, 2560px\" \/><\/div><div class=\"cmsmasters_owl_slider_item cmsmasters_content_slider_item\"><img loading=\"lazy\" decoding=\"async\" width=\"2560\" height=\"1703\" src=\"https:\/\/urosassociats.com\/wp-content\/uploads\/2020\/05\/www.estelacamprubi.com544teknon2004-scaled.jpg\" class=\"attachment-full size-full\" alt=\"\" srcset=\"https:\/\/urosassociats.com\/wp-content\/uploads\/2020\/05\/www.estelacamprubi.com544teknon2004-scaled.jpg 2560w, https:\/\/urosassociats.com\/wp-content\/uploads\/2020\/05\/www.estelacamprubi.com544teknon2004-scaled-600x399.jpg 600w, https:\/\/urosassociats.com\/wp-content\/uploads\/2020\/05\/www.estelacamprubi.com544teknon2004-300x200.jpg 300w, https:\/\/urosassociats.com\/wp-content\/uploads\/2020\/05\/www.estelacamprubi.com544teknon2004-1024x681.jpg 1024w, https:\/\/urosassociats.com\/wp-content\/uploads\/2020\/05\/www.estelacamprubi.com544teknon2004-768x511.jpg 768w, https:\/\/urosassociats.com\/wp-content\/uploads\/2020\/05\/www.estelacamprubi.com544teknon2004-1536x1022.jpg 1536w, https:\/\/urosassociats.com\/wp-content\/uploads\/2020\/05\/www.estelacamprubi.com544teknon2004-2048x1363.jpg 2048w, https:\/\/urosassociats.com\/wp-content\/uploads\/2020\/05\/www.estelacamprubi.com544teknon2004-580x386.jpg 580w, https:\/\/urosassociats.com\/wp-content\/uploads\/2020\/05\/www.estelacamprubi.com544teknon2004-860x572.jpg 860w, https:\/\/urosassociats.com\/wp-content\/uploads\/2020\/05\/www.estelacamprubi.com544teknon2004-1160x772.jpg 1160w, https:\/\/urosassociats.com\/wp-content\/uploads\/2020\/05\/www.estelacamprubi.com544teknon2004-1320x878.jpg 1320w\" sizes=\"(max-width: 2560px) 100vw, 2560px\" \/><\/div><div class=\"cmsmasters_owl_slider_item cmsmasters_content_slider_item\"><img loading=\"lazy\" decoding=\"async\" width=\"2560\" height=\"1703\" src=\"https:\/\/urosassociats.com\/wp-content\/uploads\/2020\/05\/www.estelacamprubi.com660teknon2006-1-scaled.jpg\" class=\"attachment-full size-full\" alt=\"\" srcset=\"https:\/\/urosassociats.com\/wp-content\/uploads\/2020\/05\/www.estelacamprubi.com660teknon2006-1-scaled.jpg 2560w, https:\/\/urosassociats.com\/wp-content\/uploads\/2020\/05\/www.estelacamprubi.com660teknon2006-1-scaled-600x399.jpg 600w, https:\/\/urosassociats.com\/wp-content\/uploads\/2020\/05\/www.estelacamprubi.com660teknon2006-1-300x200.jpg 300w, https:\/\/urosassociats.com\/wp-content\/uploads\/2020\/05\/www.estelacamprubi.com660teknon2006-1-1024x681.jpg 1024w, https:\/\/urosassociats.com\/wp-content\/uploads\/2020\/05\/www.estelacamprubi.com660teknon2006-1-768x511.jpg 768w, https:\/\/urosassociats.com\/wp-content\/uploads\/2020\/05\/www.estelacamprubi.com660teknon2006-1-1536x1022.jpg 1536w, https:\/\/urosassociats.com\/wp-content\/uploads\/2020\/05\/www.estelacamprubi.com660teknon2006-1-2048x1363.jpg 2048w, https:\/\/urosassociats.com\/wp-content\/uploads\/2020\/05\/www.estelacamprubi.com660teknon2006-1-580x386.jpg 580w, https:\/\/urosassociats.com\/wp-content\/uploads\/2020\/05\/www.estelacamprubi.com660teknon2006-1-860x572.jpg 860w, https:\/\/urosassociats.com\/wp-content\/uploads\/2020\/05\/www.estelacamprubi.com660teknon2006-1-1160x772.jpg 1160w, https:\/\/urosassociats.com\/wp-content\/uploads\/2020\/05\/www.estelacamprubi.com660teknon2006-1-1320x878.jpg 1320w\" sizes=\"(max-width: 2560px) 100vw, 2560px\" \/><\/div><div class=\"cmsmasters_owl_slider_item cmsmasters_content_slider_item\"><img loading=\"lazy\" decoding=\"async\" width=\"2560\" height=\"1703\" src=\"https:\/\/urosassociats.com\/wp-content\/uploads\/2020\/05\/www.estelacamprubi.com817teknon2001-scaled.jpg\" class=\"attachment-full size-full\" alt=\"\" srcset=\"https:\/\/urosassociats.com\/wp-content\/uploads\/2020\/05\/www.estelacamprubi.com817teknon2001-scaled.jpg 2560w, https:\/\/urosassociats.com\/wp-content\/uploads\/2020\/05\/www.estelacamprubi.com817teknon2001-scaled-600x399.jpg 600w, https:\/\/urosassociats.com\/wp-content\/uploads\/2020\/05\/www.estelacamprubi.com817teknon2001-300x200.jpg 300w, https:\/\/urosassociats.com\/wp-content\/uploads\/2020\/05\/www.estelacamprubi.com817teknon2001-1024x681.jpg 1024w, https:\/\/urosassociats.com\/wp-content\/uploads\/2020\/05\/www.estelacamprubi.com817teknon2001-768x511.jpg 768w, https:\/\/urosassociats.com\/wp-content\/uploads\/2020\/05\/www.estelacamprubi.com817teknon2001-1536x1022.jpg 1536w, https:\/\/urosassociats.com\/wp-content\/uploads\/2020\/05\/www.estelacamprubi.com817teknon2001-2048x1363.jpg 2048w, https:\/\/urosassociats.com\/wp-content\/uploads\/2020\/05\/www.estelacamprubi.com817teknon2001-580x386.jpg 580w, https:\/\/urosassociats.com\/wp-content\/uploads\/2020\/05\/www.estelacamprubi.com817teknon2001-860x572.jpg 860w, https:\/\/urosassociats.com\/wp-content\/uploads\/2020\/05\/www.estelacamprubi.com817teknon2001-1160x772.jpg 1160w, https:\/\/urosassociats.com\/wp-content\/uploads\/2020\/05\/www.estelacamprubi.com817teknon2001-1320x878.jpg 1320w\" sizes=\"(max-width: 2560px) 100vw, 2560px\" \/><\/div><div class=\"cmsmasters_owl_slider_item cmsmasters_content_slider_item\"><img loading=\"lazy\" decoding=\"async\" width=\"2560\" height=\"1803\" src=\"https:\/\/urosassociats.com\/wp-content\/uploads\/2020\/05\/www.estelacamprubi.com900teknon2005-1-scaled.jpg\" class=\"attachment-full size-full\" alt=\"\" srcset=\"https:\/\/urosassociats.com\/wp-content\/uploads\/2020\/05\/www.estelacamprubi.com900teknon2005-1-scaled.jpg 2560w, https:\/\/urosassociats.com\/wp-content\/uploads\/2020\/05\/www.estelacamprubi.com900teknon2005-1-scaled-600x423.jpg 600w, https:\/\/urosassociats.com\/wp-content\/uploads\/2020\/05\/www.estelacamprubi.com900teknon2005-1-300x211.jpg 300w, https:\/\/urosassociats.com\/wp-content\/uploads\/2020\/05\/www.estelacamprubi.com900teknon2005-1-1024x721.jpg 1024w, https:\/\/urosassociats.com\/wp-content\/uploads\/2020\/05\/www.estelacamprubi.com900teknon2005-1-768x541.jpg 768w, https:\/\/urosassociats.com\/wp-content\/uploads\/2020\/05\/www.estelacamprubi.com900teknon2005-1-1536x1082.jpg 1536w, https:\/\/urosassociats.com\/wp-content\/uploads\/2020\/05\/www.estelacamprubi.com900teknon2005-1-2048x1442.jpg 2048w, https:\/\/urosassociats.com\/wp-content\/uploads\/2020\/05\/www.estelacamprubi.com900teknon2005-1-580x409.jpg 580w, https:\/\/urosassociats.com\/wp-content\/uploads\/2020\/05\/www.estelacamprubi.com900teknon2005-1-860x606.jpg 860w, https:\/\/urosassociats.com\/wp-content\/uploads\/2020\/05\/www.estelacamprubi.com900teknon2005-1-1160x817.jpg 1160w, https:\/\/urosassociats.com\/wp-content\/uploads\/2020\/05\/www.estelacamprubi.com900teknon2005-1-1320x930.jpg 1320w\" sizes=\"(max-width: 2560px) 100vw, 2560px\" \/><\/div><div class=\"cmsmasters_owl_slider_item cmsmasters_content_slider_item\"><img loading=\"lazy\" decoding=\"async\" width=\"2560\" height=\"1703\" src=\"https:\/\/urosassociats.com\/wp-content\/uploads\/2020\/05\/www.estelacamprubi.com89teknon2003-1-scaled.jpg\" class=\"attachment-full size-full\" alt=\"\" srcset=\"https:\/\/urosassociats.com\/wp-content\/uploads\/2020\/05\/www.estelacamprubi.com89teknon2003-1-scaled.jpg 2560w, https:\/\/urosassociats.com\/wp-content\/uploads\/2020\/05\/www.estelacamprubi.com89teknon2003-1-scaled-600x399.jpg 600w, https:\/\/urosassociats.com\/wp-content\/uploads\/2020\/05\/www.estelacamprubi.com89teknon2003-1-300x200.jpg 300w, https:\/\/urosassociats.com\/wp-content\/uploads\/2020\/05\/www.estelacamprubi.com89teknon2003-1-1024x681.jpg 1024w, https:\/\/urosassociats.com\/wp-content\/uploads\/2020\/05\/www.estelacamprubi.com89teknon2003-1-768x511.jpg 768w, https:\/\/urosassociats.com\/wp-content\/uploads\/2020\/05\/www.estelacamprubi.com89teknon2003-1-1536x1022.jpg 1536w, https:\/\/urosassociats.com\/wp-content\/uploads\/2020\/05\/www.estelacamprubi.com89teknon2003-1-2048x1363.jpg 2048w, https:\/\/urosassociats.com\/wp-content\/uploads\/2020\/05\/www.estelacamprubi.com89teknon2003-1-580x386.jpg 580w, https:\/\/urosassociats.com\/wp-content\/uploads\/2020\/05\/www.estelacamprubi.com89teknon2003-1-860x572.jpg 860w, https:\/\/urosassociats.com\/wp-content\/uploads\/2020\/05\/www.estelacamprubi.com89teknon2003-1-1160x772.jpg 1160w, https:\/\/urosassociats.com\/wp-content\/uploads\/2020\/05\/www.estelacamprubi.com89teknon2003-1-1320x878.jpg 1320w\" sizes=\"(max-width: 2560px) 100vw, 2560px\" \/><\/div><\/div>\n<\/div>\n<\/div><\/div>\n<\/div>\n<\/div>\n<\/div>\n<\/div>\n<\/div>\n<div id=\"cmsmasters_row_65e01d3167\" class=\"cmsmasters_row cmsmasters_color_scheme_default cmsmasters_row_top_default cmsmasters_row_bot_default cmsmasters_row_boxed\">\n<div class=\"cmsmasters_row_outer_parent\">\n<div class=\"cmsmasters_row_outer\">\n<div class=\"cmsmasters_row_inner\">\n<div class=\"cmsmasters_row_margin\">\n<div id=\"cmsmasters_column_d390e0d7a8\" class=\"cmsmasters_column one_first\">\n<div class=\"cmsmasters_column_inner\"><div id=\"cmsmasters_divider_c0e2c66bec\" class=\"cmsmasters_divider cmsmasters_divider_width_long cmsmasters_divider_pos_center\"><\/div>\n<\/div><\/div>\n<\/div>\n<\/div>\n<\/div>\n<\/div>\n<\/div>\n\n","protected":false},"excerpt":{"rendered":"","protected":false},"author":3,"featured_media":0,"parent":0,"menu_order":0,"comment_status":"closed","ping_status":"open","template":"","meta":{"footnotes":""},"class_list":["post-17530","page","type-page","status-publish","hentry"],"yoast_head":"<!-- This site is optimized with the Yoast SEO plugin v25.9 - https:\/\/yoast.com\/wordpress\/plugins\/seo\/ -->\n<title>Gallery &#8211; Uros Associats<\/title>\n<meta name=\"robots\" content=\"index, follow, max-snippet:-1, max-image-preview:large, max-video-preview:-1\" \/>\n<link rel=\"canonical\" href=\"https:\/\/urosassociats.com\/en\/gallery\/\" \/>\n<meta property=\"og:locale\" content=\"en_US\" \/>\n<meta property=\"og:type\" content=\"article\" \/>\n<meta property=\"og:title\" content=\"Gallery &#8211; Uros Associats\" \/>\n<meta property=\"og:url\" content=\"https:\/\/urosassociats.com\/en\/gallery\/\" \/>\n<meta property=\"og:site_name\" content=\"Uros Associats\" \/>\n<meta property=\"article:modified_time\" content=\"2023-01-12T08:56:03+00:00\" \/>\n<meta property=\"og:image\" content=\"https:\/\/urosassociats.com\/wp-content\/uploads\/2020\/05\/logo-principal.png\" \/>\n\t<meta property=\"og:image:width\" content=\"688\" \/>\n\t<meta property=\"og:image:height\" content=\"643\" \/>\n\t<meta property=\"og:image:type\" content=\"image\/png\" \/>\n<meta name=\"twitter:card\" content=\"summary_large_image\" \/>\n<meta name=\"twitter:site\" content=\"@uros_associats\" \/>\n<meta name=\"twitter:label1\" content=\"Est. reading time\" \/>\n\t<meta name=\"twitter:data1\" content=\"1 minute\" \/>\n<script type=\"application\/ld+json\" class=\"yoast-schema-graph\">{\"@context\":\"https:\/\/schema.org\",\"@graph\":[{\"@type\":\"WebPage\",\"@id\":\"https:\/\/urosassociats.com\/en\/gallery\/\",\"url\":\"https:\/\/urosassociats.com\/en\/gallery\/\",\"name\":\"Gallery &#8211; Uros Associats\",\"isPartOf\":{\"@id\":\"https:\/\/urosassociats.com\/#website\"},\"datePublished\":\"2020-05-29T13:34:40+00:00\",\"dateModified\":\"2023-01-12T08:56:03+00:00\",\"breadcrumb\":{\"@id\":\"https:\/\/urosassociats.com\/en\/gallery\/#breadcrumb\"},\"inLanguage\":\"en-US\",\"potentialAction\":[{\"@type\":\"ReadAction\",\"target\":[\"https:\/\/urosassociats.com\/en\/gallery\/\"]}]},{\"@type\":\"BreadcrumbList\",\"@id\":\"https:\/\/urosassociats.com\/en\/gallery\/#breadcrumb\",\"itemListElement\":[{\"@type\":\"ListItem\",\"position\":1,\"name\":\"Home\",\"item\":\"https:\/\/urosassociats.com\/en\/\"},{\"@type\":\"ListItem\",\"position\":2,\"name\":\"Gallery\"}]},{\"@type\":\"WebSite\",\"@id\":\"https:\/\/urosassociats.com\/#website\",\"url\":\"https:\/\/urosassociats.com\/\",\"name\":\"Uros Associats\",\"description\":\"Ur\u00f3logos en Barcelona y Tarragona. Expertos en todo tipo de tratamientos y patolog\u00edas de Urolog\u00eda | Androlog\u00eda, Chequeos, Cirug\u00eda, Oncolog\u00eda, Litiasis y m\u00e1s.\",\"publisher\":{\"@id\":\"https:\/\/urosassociats.com\/#organization\"},\"potentialAction\":[{\"@type\":\"SearchAction\",\"target\":{\"@type\":\"EntryPoint\",\"urlTemplate\":\"https:\/\/urosassociats.com\/?s={search_term_string}\"},\"query-input\":{\"@type\":\"PropertyValueSpecification\",\"valueRequired\":true,\"valueName\":\"search_term_string\"}}],\"inLanguage\":\"en-US\"},{\"@type\":\"Organization\",\"@id\":\"https:\/\/urosassociats.com\/#organization\",\"name\":\"Uros Associats\",\"url\":\"https:\/\/urosassociats.com\/\",\"logo\":{\"@type\":\"ImageObject\",\"inLanguage\":\"en-US\",\"@id\":\"https:\/\/urosassociats.com\/#\/schema\/logo\/image\/\",\"url\":\"https:\/\/urosassociats.com\/wp-content\/uploads\/2020\/05\/logo-principal.png\",\"contentUrl\":\"https:\/\/urosassociats.com\/wp-content\/uploads\/2020\/05\/logo-principal.png\",\"width\":688,\"height\":643,\"caption\":\"Uros Associats\"},\"image\":{\"@id\":\"https:\/\/urosassociats.com\/#\/schema\/logo\/image\/\"},\"sameAs\":[\"https:\/\/x.com\/uros_associats\",\"https:\/\/www.instagram.com\/urosassociats_\",\"https:\/\/www.linkedin.com\/company\/uros-associats\"]}]}<\/script>\n<!-- \/ Yoast SEO plugin. -->","yoast_head_json":{"title":"Gallery &#8211; Uros Associats","robots":{"index":"index","follow":"follow","max-snippet":"max-snippet:-1","max-image-preview":"max-image-preview:large","max-video-preview":"max-video-preview:-1"},"canonical":"https:\/\/urosassociats.com\/en\/gallery\/","og_locale":"en_US","og_type":"article","og_title":"Gallery &#8211; Uros Associats","og_url":"https:\/\/urosassociats.com\/en\/gallery\/","og_site_name":"Uros Associats","article_modified_time":"2023-01-12T08:56:03+00:00","og_image":[{"width":688,"height":643,"url":"https:\/\/urosassociats.com\/wp-content\/uploads\/2020\/05\/logo-principal.png","type":"image\/png"}],"twitter_card":"summary_large_image","twitter_site":"@uros_associats","twitter_misc":{"Est. reading time":"1 minute"},"schema":{"@context":"https:\/\/schema.org","@graph":[{"@type":"WebPage","@id":"https:\/\/urosassociats.com\/en\/gallery\/","url":"https:\/\/urosassociats.com\/en\/gallery\/","name":"Gallery &#8211; Uros Associats","isPartOf":{"@id":"https:\/\/urosassociats.com\/#website"},"datePublished":"2020-05-29T13:34:40+00:00","dateModified":"2023-01-12T08:56:03+00:00","breadcrumb":{"@id":"https:\/\/urosassociats.com\/en\/gallery\/#breadcrumb"},"inLanguage":"en-US","potentialAction":[{"@type":"ReadAction","target":["https:\/\/urosassociats.com\/en\/gallery\/"]}]},{"@type":"BreadcrumbList","@id":"https:\/\/urosassociats.com\/en\/gallery\/#breadcrumb","itemListElement":[{"@type":"ListItem","position":1,"name":"Home","item":"https:\/\/urosassociats.com\/en\/"},{"@type":"ListItem","position":2,"name":"Gallery"}]},{"@type":"WebSite","@id":"https:\/\/urosassociats.com\/#website","url":"https:\/\/urosassociats.com\/","name":"Uros Associats","description":"Ur\u00f3logos en Barcelona y Tarragona. Expertos en todo tipo de tratamientos y patolog\u00edas de Urolog\u00eda | Androlog\u00eda, Chequeos, Cirug\u00eda, Oncolog\u00eda, Litiasis y m\u00e1s.","publisher":{"@id":"https:\/\/urosassociats.com\/#organization"},"potentialAction":[{"@type":"SearchAction","target":{"@type":"EntryPoint","urlTemplate":"https:\/\/urosassociats.com\/?s={search_term_string}"},"query-input":{"@type":"PropertyValueSpecification","valueRequired":true,"valueName":"search_term_string"}}],"inLanguage":"en-US"},{"@type":"Organization","@id":"https:\/\/urosassociats.com\/#organization","name":"Uros Associats","url":"https:\/\/urosassociats.com\/","logo":{"@type":"ImageObject","inLanguage":"en-US","@id":"https:\/\/urosassociats.com\/#\/schema\/logo\/image\/","url":"https:\/\/urosassociats.com\/wp-content\/uploads\/2020\/05\/logo-principal.png","contentUrl":"https:\/\/urosassociats.com\/wp-content\/uploads\/2020\/05\/logo-principal.png","width":688,"height":643,"caption":"Uros Associats"},"image":{"@id":"https:\/\/urosassociats.com\/#\/schema\/logo\/image\/"},"sameAs":["https:\/\/x.com\/uros_associats","https:\/\/www.instagram.com\/urosassociats_","https:\/\/www.linkedin.com\/company\/uros-associats"]}]}},"_links":{"self":[{"href":"https:\/\/urosassociats.com\/en\/wp-json\/wp\/v2\/pages\/17530","targetHints":{"allow":["GET"]}}],"collection":[{"href":"https:\/\/urosassociats.com\/en\/wp-json\/wp\/v2\/pages"}],"about":[{"href":"https:\/\/urosassociats.com\/en\/wp-json\/wp\/v2\/types\/page"}],"author":[{"embeddable":true,"href":"https:\/\/urosassociats.com\/en\/wp-json\/wp\/v2\/users\/3"}],"replies":[{"embeddable":true,"href":"https:\/\/urosassociats.com\/en\/wp-json\/wp\/v2\/comments?post=17530"}],"version-history":[{"count":1,"href":"https:\/\/urosassociats.com\/en\/wp-json\/wp\/v2\/pages\/17530\/revisions"}],"predecessor-version":[{"id":17649,"href":"https:\/\/urosassociats.com\/en\/wp-json\/wp\/v2\/pages\/17530\/revisions\/17649"}],"wp:attachment":[{"href":"https:\/\/urosassociats.com\/en\/wp-json\/wp\/v2\/media?parent=17530"}],"curies":[{"name":"wp","href":"https:\/\/api.w.org\/{rel}","templated":true}]}}