{"id":20637,"date":"2023-10-30T08:15:19","date_gmt":"2023-10-30T08:15:19","guid":{"rendered":"https:\/\/urosassociats.com\/badalona-uros-associats\/"},"modified":"2026-04-10T06:18:26","modified_gmt":"2026-04-10T06:18:26","slug":"badalona-uros-associats","status":"publish","type":"page","link":"https:\/\/urosassociats.com\/en\/badalona-uros-associats\/","title":{"rendered":"Badalona Uros Associats"},"content":{"rendered":"<div id=\"cmsmasters_row_vh23rlrkol\" class=\"cmsmasters_row cmsmasters_color_scheme_default cmsmasters_row_top_default cmsmasters_row_bot_default cmsmasters_row_boxed\">\n<div class=\"cmsmasters_row_outer_parent\">\n<div class=\"cmsmasters_row_outer\">\n<div class=\"cmsmasters_row_inner\">\n<div class=\"cmsmasters_row_margin\">\n<div id=\"cmsmasters_column_4qyqigny0k\" class=\"cmsmasters_column one_first\">\n<div class=\"cmsmasters_column_inner\"><\/div><\/div>\n<\/div>\n<\/div>\n<\/div>\n<\/div>\n<\/div>\n<div id=\"cmsmasters_row_za7uprz95b\" class=\"cmsmasters_row cmsmasters_color_scheme_default cmsmasters_row_top_default cmsmasters_row_bot_default cmsmasters_row_boxed\">\n<div class=\"cmsmasters_row_outer_parent\">\n<div class=\"cmsmasters_row_outer\">\n<div class=\"cmsmasters_row_inner\">\n<div class=\"cmsmasters_row_margin\">\n<div id=\"cmsmasters_column_ut6z5aaz8n\" class=\"cmsmasters_column one_half\">\n<div class=\"cmsmasters_column_inner\"><div class=\"cmsmasters_text\">\n<h2 class=\"widgettitle\"><\/h2>\n<p><strong>Uros Associats joins as the UROLOGY team of the<\/strong><\/p>\n<\/div>\n<div class=\"cmsmasters_img  cmsmasters_image_n imgLogo-contacto-ibizaUros\"><img decoding=\"async\" src=\"https:\/\/urosassociats.com\/wp-content\/uploads\/2023\/10\/Hospital-QS-Badalona.png\" \/><\/div><div class=\"cmsmasters_text\">\n<\/div>\n\n<div class=\"cmsmasters_sidebar sidebar_layout_11 widget-contact\"><aside id=\"custom-contact-info-31\" class=\"widget widget_custom_contact_info_entries\"><h3 class=\"widgettitle\">To arrange a date:<\/h3><a class=\"adr adress_wrap cmsmasters_theme_icon_user_address\" href=\"https:\/\/www.google.com\/maps\/search\/?api=1&#038;query=Seu+d%E2%80%99Urgell+St.+77%2C+2nd+floor%2C+office+213+%E2%80%93+214%2C+08911+Badalona\" target=\"_blank\" rel=\"noopener\"><span class=\"street-address contact_widget_address\">Seu d\u2019Urgell St. 77, 2nd floor, office 213 \u2013 214, 08911 Badalona<\/span><\/a><span class=\"contact_widget_phone cmsmasters_theme_icon_user_phone\"><a class=\"tel\" href=\"tel:+34938689700\">+34 93 868 97 00<\/a><\/span><\/aside><div class=\"cl\"><\/div>\n<\/div>\n<div class=\"cmsmasters_content_slider_wrap\" style=\"max-width:px;\"><div id=\"cmsmasters_slider_5gxhrf3vb\" class=\"cmsmasters_owl_slider owl-carousel cmsmasters_content_slider\" data-auto-play=\"false\" data-stop-on-hover=\"false\" data-rewind-nav=\"false\" data-slide-speed=\"600\" data-pagination-speed=\"600\" data-rewind-speed=\"1000\" data-transition-style=\"false\" data-pagination=\"false\" data-navigation=\"false\" data-navigation-prev=\"<span><\/span>\" data-navigation-next=\"<span><\/span>\"><div class=\"cmsmasters_owl_slider_item cmsmasters_content_slider_item\"><img fetchpriority=\"high\" decoding=\"async\" width=\"2560\" height=\"1706\" src=\"https:\/\/urosassociats.com\/wp-content\/uploads\/2023\/10\/centro-badalona-1-scaled.jpg\" class=\"attachment-full size-full\" alt=\"\" srcset=\"https:\/\/urosassociats.com\/wp-content\/uploads\/2023\/10\/centro-badalona-1-scaled.jpg 2560w, https:\/\/urosassociats.com\/wp-content\/uploads\/2023\/10\/centro-badalona-1-300x200.jpg 300w, https:\/\/urosassociats.com\/wp-content\/uploads\/2023\/10\/centro-badalona-1-1024x682.jpg 1024w, https:\/\/urosassociats.com\/wp-content\/uploads\/2023\/10\/centro-badalona-1-768x512.jpg 768w, https:\/\/urosassociats.com\/wp-content\/uploads\/2023\/10\/centro-badalona-1-1536x1024.jpg 1536w, https:\/\/urosassociats.com\/wp-content\/uploads\/2023\/10\/centro-badalona-1-2048x1365.jpg 2048w, https:\/\/urosassociats.com\/wp-content\/uploads\/2023\/10\/centro-badalona-1-580x386.jpg 580w, https:\/\/urosassociats.com\/wp-content\/uploads\/2023\/10\/centro-badalona-1-860x573.jpg 860w, https:\/\/urosassociats.com\/wp-content\/uploads\/2023\/10\/centro-badalona-1-1160x773.jpg 1160w, https:\/\/urosassociats.com\/wp-content\/uploads\/2023\/10\/centro-badalona-1-600x400.jpg 600w\" sizes=\"(max-width: 2560px) 100vw, 2560px\" \/><\/div><\/div>\n<\/div>\n<\/div><\/div>\n<div id=\"cmsmasters_column_lbhiui67el\" class=\"cmsmasters_column one_half\">\n<div class=\"cmsmasters_column_inner\"><div id=\"cmsmasters_heading_7hhd38bnxo\" class=\"cmsmasters_heading_wrap cmsmasters_heading_align_left\">\n\t<h2 class=\"cmsmasters_heading\">Contact us<\/h2>\n<\/div>\n<div class=\"cmsmasters_contact_form\">\n<div class=\"wpcf7 no-js\" id=\"wpcf7-f41770-o1\" lang=\"en-US\" dir=\"ltr\" data-wpcf7-id=\"41770\">\n<div class=\"screen-reader-response\"><p role=\"status\" aria-live=\"polite\" aria-atomic=\"true\"><\/p> <ul><\/ul><\/div>\n<form action=\"\/en\/wp-json\/wp\/v2\/pages\/20637#wpcf7-f41770-o1\" method=\"post\" class=\"wpcf7-form init\" aria-label=\"Contact form\" novalidate=\"novalidate\" data-status=\"init\">\n<fieldset class=\"hidden-fields-container\"><input type=\"hidden\" name=\"_wpcf7\" value=\"41770\" \/><input type=\"hidden\" name=\"_wpcf7_version\" value=\"6.1.1\" \/><input type=\"hidden\" name=\"_wpcf7_locale\" value=\"en_US\" \/><input type=\"hidden\" name=\"_wpcf7_unit_tag\" value=\"wpcf7-f41770-o1\" \/><input type=\"hidden\" name=\"_wpcf7_container_post\" value=\"0\" \/><input type=\"hidden\" name=\"_wpcf7_posted_data_hash\" value=\"\" \/><input type=\"hidden\" name=\"_wpcf7_recaptcha_response\" value=\"\" \/>\n<\/fieldset>\n<p><span class=\"wpcf7-form-control-wrap\" data-name=\"your-name\"><input size=\"40\" maxlength=\"400\" class=\"wpcf7-form-control wpcf7-text wpcf7-validates-as-required\" aria-required=\"true\" aria-invalid=\"false\" placeholder=\"First and last name\" value=\"\" type=\"text\" name=\"your-name\" \/><\/span>\n<\/p>\n<p><span class=\"wpcf7-form-control-wrap\" data-name=\"phone\"><input size=\"40\" maxlength=\"400\" class=\"wpcf7-form-control wpcf7-tel wpcf7-validates-as-required wpcf7-text wpcf7-validates-as-tel\" aria-required=\"true\" aria-invalid=\"false\" placeholder=\"Phone\" value=\"\" type=\"tel\" name=\"phone\" \/><\/span>\n<\/p>\n<p><span class=\"wpcf7-form-control-wrap\" data-name=\"email-301\"><input size=\"40\" maxlength=\"400\" class=\"wpcf7-form-control wpcf7-email wpcf7-validates-as-required wpcf7-text wpcf7-validates-as-email\" aria-required=\"true\" aria-invalid=\"false\" placeholder=\"Email\" value=\"\" type=\"email\" name=\"email-301\" \/><\/span>\n<\/p>\n<p><span class=\"wpcf7-form-control-wrap\" data-name=\"textarea-753\"><textarea cols=\"40\" rows=\"3\" maxlength=\"2000\" class=\"wpcf7-form-control wpcf7-textarea wpcf7-validates-as-required\" aria-required=\"true\" aria-invalid=\"false\" placeholder=\"Message\" name=\"textarea-753\"><\/textarea><\/span>\n<\/p>\n<p><small>El Grupo Uros como responsable del tratamiento tratar\u00e1 sus datos con la finalidad de atender su consulta o petici\u00f3n. Puedes acceder, rectificar y suprimir tus datos, as\u00ed como ejercer otros derechos consultando la informaci\u00f3n adicional y detallada sobre protecci\u00f3n de datos en nuestra Pol\u00edtica de Privacidad.<\/small>\n<\/p>\n<p><span class=\"wpcf7-form-control-wrap\" data-name=\"acceptance-1\"><span class=\"wpcf7-form-control wpcf7-acceptance optional\"><span class=\"wpcf7-list-item\"><label><input type=\"checkbox\" name=\"acceptance-1\" value=\"1\" aria-invalid=\"false\" \/><span class=\"wpcf7-list-item-label\">I want to receive newsletters from Uros<\/span><\/label><\/span><\/span><\/span>\n<\/p>\n<p><span class=\"wpcf7-form-control-wrap\" data-name=\"acceptance-2\"><span class=\"wpcf7-form-control wpcf7-acceptance\"><span class=\"wpcf7-list-item\"><label><input type=\"checkbox\" name=\"acceptance-2\" value=\"1\" aria-invalid=\"false\" \/><span class=\"wpcf7-list-item-label\">I have read and agree to the <a href='https:\/\/urosassociats.com\/en\/privacy-policy\/' target='_blank'>Privacy Policy<\/a>.<\/span><\/label><\/span><\/span><\/span>\n<\/p>\n<span class=\"wpcf7-form-control-wrap recaptcha\" data-name=\"recaptcha\"><span data-sitekey=\"6LepheMfAAAAAJrUEy-IRirqel3mlJCyzGNnH1Ew\" class=\"wpcf7-form-control wpcf7-recaptcha g-recaptcha\"><\/span>\r\n<noscript>\r\n\t<div class=\"grecaptcha-noscript\">\r\n\t\t<iframe src=\"https:\/\/www.recaptcha.net\/recaptcha\/api\/fallback?k=6LepheMfAAAAAJrUEy-IRirqel3mlJCyzGNnH1Ew\" frameborder=\"0\" scrolling=\"no\" width=\"310\" height=\"430\">\r\n\t\t<\/iframe>\r\n\t\t<textarea name=\"g-recaptcha-response\" rows=\"3\" cols=\"40\" placeholder=\"reCaptcha Response Here\">\r\n\t\t<\/textarea>\r\n\t<\/div>\r\n<\/noscript>\r\n<\/span>\n<p><span id=\"wpcf7-69ea3f0c3c3f3-wrapper\" class=\"wpcf7-form-control-wrap email-228-wrap\" ><label for=\"wpcf7-69ea3f0c3c3f3-field\" class=\"hp-message\">Please leave this field empty.<\/label><input id=\"wpcf7-69ea3f0c3c3f3-field\"  class=\"wpcf7-form-control wpcf7-text\" type=\"text\" name=\"email-228\" value=\"\" size=\"40\" tabindex=\"-1\" autocomplete=\"new-password\" \/><\/span>\n<\/p>\n<p><input class=\"wpcf7-form-control wpcf7-submit has-spinner\" type=\"submit\" value=\"Send\" \/>\n<\/p><div class=\"wpcf7-response-output\" aria-hidden=\"true\"><\/div>\n<\/form>\n<\/div>\n<\/div>\n<\/div><\/div>\n<\/div>\n<\/div>\n<\/div>\n<\/div>\n<\/div>\n<div id=\"cmsmasters_row_9204gkphqs\" class=\"cmsmasters_row cmsmasters_color_scheme_default cmsmasters_row_top_default cmsmasters_row_bot_default cmsmasters_row_boxed\">\n<div class=\"cmsmasters_row_outer_parent\">\n<div class=\"cmsmasters_row_outer\">\n<div class=\"cmsmasters_row_inner\">\n<div class=\"cmsmasters_row_margin\">\n<div id=\"cmsmasters_column_ughk3fu99\" class=\"cmsmasters_column one_first\">\n<div class=\"cmsmasters_column_inner\"><div class=\"custom_html\">\n<iframe src=\"https:\/\/www.google.com\/maps\/embed?pb=!1m14!1m8!1m3!1d11960.852986831596!2d2.24992!3d41.45629!3m2!1i1024!2i768!4f13.1!3m3!1m2!1s0x12a4bb3d5cf4c98b%3A0x41d6555b3155d724!2sHospital%20Quir%C3%B3nsalud%20Badalona!5e0!3m2!1ses!2ses!4v1698653545381!5m2!1ses!2ses\" width=\"2600\" height=\"600\" style=\"border:0;\" allowfullscreen=\"\" loading=\"lazy\" referrerpolicy=\"no-referrer-when-downgrade\"><\/iframe>\n<\/div>\n<\/div><\/div>\n<\/div>\n<\/div>\n<\/div>\n<\/div>\n<\/div>\n<div id=\"cmsmasters_row_1t6rcgp6f\" class=\"cmsmasters_row cmsmasters_color_scheme_default cmsmasters_row_top_default cmsmasters_row_bot_default cmsmasters_row_boxed\">\n<div class=\"cmsmasters_row_outer_parent\">\n<div class=\"cmsmasters_row_outer\">\n<div class=\"cmsmasters_row_inner\">\n<div class=\"cmsmasters_row_margin\">\n<div id=\"cmsmasters_column_gpt64jbc69\" class=\"cmsmasters_column one_first\">\n<div class=\"cmsmasters_column_inner\"><div class=\"cmsmasters_text\">\n<p class=\"cmsmasters_heading\" style=\"font-size: 24px; font-weight: normal; display: inline-block; margin: 0; text-align: left; color: #222222; font-family: 'Open Sans', Arial, Helvetica, 'Nimbus Sans L', sans-serif; padding: 0; background: transparent; border: 0; vertical-align: baseline; outline: none; box-sizing: border-box; margin-bottom: -20px;\">Medical mutuals<\/p>\n<\/div>\n<div class=\"cmsmasters_clients_slider_wrap enable_slider_control\">\n<div id=\"cmsmasters_clients_cj78859h6u\" class=\"cmsmasters_owl_slider owl-carousel cmsmasters_clients_slider enable_slides_control\" data-items=\"5\" data-single-item=\"false\" data-auto-play=\"5000\" data-slide-speed=\"5000\" data-pagination-speed=\"5000\" data-pagination=\"true\" data-navigation=\"false\"><div class=\"cmsmasters_clients_item item cmsmasters_owl_slider_item\"><img decoding=\"async\" src=\"https:\/\/urosassociats.com\/wp-content\/uploads\/2020\/06\/1.-adelsas.jpg\" alt=\"Adeslas\" title=\"Adeslas\" \/><\/div><div class=\"cmsmasters_clients_item item cmsmasters_owl_slider_item\"><img decoding=\"async\" src=\"https:\/\/urosassociats.com\/wp-content\/uploads\/2020\/06\/3.-allianz.jpg\" alt=\"Allianz\" title=\"Allianz\" \/><\/div><div class=\"cmsmasters_clients_item item cmsmasters_owl_slider_item\"><img decoding=\"async\" src=\"https:\/\/urosassociats.com\/wp-content\/uploads\/2020\/06\/4.-asefa.jpg\" alt=\"Asefa\" title=\"Asefa\" \/><\/div><div class=\"cmsmasters_clients_item item cmsmasters_owl_slider_item\"><img decoding=\"async\" src=\"https:\/\/urosassociats.com\/wp-content\/uploads\/2020\/06\/5.-assistencia_sanitaria_collegial.jpg\" alt=\"Collegiate Health Assistance\" title=\"Collegiate Health Assistance\" \/><\/div><div class=\"cmsmasters_clients_item item cmsmasters_owl_slider_item\"><img decoding=\"async\" src=\"https:\/\/urosassociats.com\/wp-content\/uploads\/2020\/06\/6.-axa-winterthur-salud.jpg\" alt=\"AXA\" title=\"AXA\" \/><\/div><div class=\"cmsmasters_clients_item item cmsmasters_owl_slider_item\"><img decoding=\"async\" src=\"https:\/\/urosassociats.com\/wp-content\/uploads\/2020\/06\/7.-caser.jpg\" alt=\"Caser\" title=\"Caser\" \/><\/div><div class=\"cmsmasters_clients_item item cmsmasters_owl_slider_item\"><img decoding=\"async\" src=\"https:\/\/urosassociats.com\/wp-content\/uploads\/2020\/06\/8.-CIGNA-logo.jpg\" alt=\"Cigna\" title=\"Cigna\" \/><\/div><div class=\"cmsmasters_clients_item item cmsmasters_owl_slider_item\"><img decoding=\"async\" src=\"https:\/\/urosassociats.com\/wp-content\/uploads\/2020\/06\/9.-clinicum.jpg\" alt=\"Clinicum\" title=\"Clinicum\" \/><\/div><div class=\"cmsmasters_clients_item item cmsmasters_owl_slider_item\"><img decoding=\"async\" src=\"https:\/\/urosassociats.com\/wp-content\/uploads\/2020\/06\/10.-dkv.jpg\" alt=\"DKV\" title=\"DKV\" \/><\/div><div class=\"cmsmasters_clients_item item cmsmasters_owl_slider_item\"><img decoding=\"async\" src=\"https:\/\/urosassociats.com\/wp-content\/uploads\/2020\/06\/11.-latina.jpg\" alt=\"Latin\" title=\"Latin\" \/><\/div><div class=\"cmsmasters_clients_item item cmsmasters_owl_slider_item\"><img decoding=\"async\" src=\"https:\/\/urosassociats.com\/wp-content\/uploads\/2020\/06\/12.-MEDIFIATC.jpg\" alt=\"Medifiatc\" title=\"Medifiatc\" \/><\/div><div class=\"cmsmasters_clients_item item cmsmasters_owl_slider_item\"><img decoding=\"async\" src=\"https:\/\/urosassociats.com\/wp-content\/uploads\/2020\/06\/13.-generali.jpg\" alt=\"Generali\" title=\"Generali\" \/><\/div><div class=\"cmsmasters_clients_item item cmsmasters_owl_slider_item\"><img decoding=\"async\" src=\"https:\/\/urosassociats.com\/wp-content\/uploads\/2020\/06\/14.-groupama.jpg\" alt=\"Groupama\" title=\"Groupama\" \/><\/div><div class=\"cmsmasters_clients_item item cmsmasters_owl_slider_item\"><img decoding=\"async\" src=\"https:\/\/urosassociats.com\/wp-content\/uploads\/2020\/06\/15.-mapfre.jpg\" alt=\"Mapfre\" title=\"Mapfre\" \/><\/div><div class=\"cmsmasters_clients_item item cmsmasters_owl_slider_item\"><img decoding=\"async\" src=\"https:\/\/urosassociats.com\/wp-content\/uploads\/2020\/06\/16.-MUTUA-TRANSPORTE.jpg\" alt=\"Mutual Transport\" title=\"Mutual Transport\" \/><\/div><div class=\"cmsmasters_clients_item item cmsmasters_owl_slider_item\"><img decoding=\"async\" src=\"https:\/\/urosassociats.com\/wp-content\/uploads\/2020\/06\/17.-MUTUA-GRAL-CATALUNYA.jpg\" alt=\"Mutua General Catalunya\" title=\"Mutua General Catalunya\" \/><\/div><div class=\"cmsmasters_clients_item item cmsmasters_owl_slider_item\"><img decoding=\"async\" src=\"https:\/\/urosassociats.com\/wp-content\/uploads\/2020\/06\/18.-MUTUA-MANRESANA.jpg\" alt=\"Mutua Manresana\" title=\"Mutua Manresana\" \/><\/div><div class=\"cmsmasters_clients_item item cmsmasters_owl_slider_item\"><img decoding=\"async\" src=\"https:\/\/urosassociats.com\/wp-content\/uploads\/2020\/06\/19.-SANITAS.jpg\" alt=\"Sanitas\" title=\"Sanitas\" \/><\/div><div class=\"cmsmasters_clients_item item cmsmasters_owl_slider_item\"><img decoding=\"async\" src=\"https:\/\/urosassociats.com\/wp-content\/uploads\/2020\/06\/20.-cosalud.jpg\" alt=\"Cohealth\" title=\"Cohealth\" \/><\/div><\/div>\n<\/div>\n<\/div><\/div>\n<\/div>\n<\/div>\n<\/div>\n<\/div>\n<\/div>\n<div id=\"cmsmasters_row_mc5uzajudc\" class=\"cmsmasters_row cmsmasters_color_scheme_default cmsmasters_row_top_default cmsmasters_row_bot_default cmsmasters_row_boxed\">\n<div class=\"cmsmasters_row_outer_parent\">\n<div class=\"cmsmasters_row_outer\">\n<div class=\"cmsmasters_row_inner\">\n<div class=\"cmsmasters_row_margin\">\n<div id=\"cmsmasters_column_k5l4x7pkgr\" class=\"cmsmasters_column one_first\">\n<div class=\"cmsmasters_column_inner\"><\/div><\/div>\n<\/div>\n<\/div>\n<\/div>\n<\/div>\n<\/div>\n\n","protected":false},"excerpt":{"rendered":"","protected":false},"author":3,"featured_media":0,"parent":0,"menu_order":0,"comment_status":"closed","ping_status":"closed","template":"","meta":{"footnotes":""},"class_list":["post-20637","page","type-page","status-publish","hentry"],"yoast_head":"<!-- This site is optimized with the Yoast SEO plugin v25.9 - https:\/\/yoast.com\/wordpress\/plugins\/seo\/ -->\n<title>Urolog\u00eda en Badalona &#8211; Uros Associats<\/title>\n<meta name=\"description\" content=\"Urology consultation in Badalona with Uros Associats. Specialists, advanced diagnostics and treatments. Book an appointment easily online.\" \/>\n<meta name=\"robots\" content=\"index, follow, max-snippet:-1, max-image-preview:large, max-video-preview:-1\" \/>\n<link rel=\"canonical\" href=\"https:\/\/urosassociats.com\/en\/badalona-uros-associats\/\" \/>\n<meta property=\"og:locale\" content=\"en_US\" \/>\n<meta property=\"og:type\" content=\"article\" \/>\n<meta property=\"og:title\" content=\"Urolog\u00eda en Badalona &#8211; Uros Associats\" \/>\n<meta property=\"og:description\" content=\"Urology consultation in Badalona with Uros Associats. Specialists, advanced diagnostics and treatments. Book an appointment easily online.\" \/>\n<meta property=\"og:url\" content=\"https:\/\/urosassociats.com\/en\/badalona-uros-associats\/\" \/>\n<meta property=\"og:site_name\" content=\"Uros Associats\" \/>\n<meta property=\"article:modified_time\" content=\"2026-04-10T06:18:26+00:00\" \/>\n<meta property=\"og:image\" content=\"https:\/\/urosassociats.com\/wp-content\/uploads\/2020\/05\/logo-principal.png\" \/>\n\t<meta property=\"og:image:width\" content=\"688\" \/>\n\t<meta property=\"og:image:height\" content=\"643\" \/>\n\t<meta property=\"og:image:type\" content=\"image\/png\" \/>\n<meta name=\"twitter:card\" content=\"summary_large_image\" \/>\n<meta name=\"twitter:site\" content=\"@uros_associats\" \/>\n<meta name=\"twitter:label1\" content=\"Est. reading time\" \/>\n\t<meta name=\"twitter:data1\" content=\"2 minutes\" \/>\n<script type=\"application\/ld+json\" class=\"yoast-schema-graph\">{\"@context\":\"https:\/\/schema.org\",\"@graph\":[{\"@type\":\"WebPage\",\"@id\":\"https:\/\/urosassociats.com\/en\/badalona-uros-associats\/\",\"url\":\"https:\/\/urosassociats.com\/en\/badalona-uros-associats\/\",\"name\":\"Urolog\u00eda en Badalona &#8211; Uros Associats\",\"isPartOf\":{\"@id\":\"https:\/\/urosassociats.com\/#website\"},\"datePublished\":\"2023-10-30T08:15:19+00:00\",\"dateModified\":\"2026-04-10T06:18:26+00:00\",\"description\":\"Urology consultation in Badalona with Uros Associats. Specialists, advanced diagnostics and treatments. Book an appointment easily online.\",\"breadcrumb\":{\"@id\":\"https:\/\/urosassociats.com\/en\/badalona-uros-associats\/#breadcrumb\"},\"inLanguage\":\"en-US\",\"potentialAction\":[{\"@type\":\"ReadAction\",\"target\":[\"https:\/\/urosassociats.com\/en\/badalona-uros-associats\/\"]}]},{\"@type\":\"BreadcrumbList\",\"@id\":\"https:\/\/urosassociats.com\/en\/badalona-uros-associats\/#breadcrumb\",\"itemListElement\":[{\"@type\":\"ListItem\",\"position\":1,\"name\":\"Home\",\"item\":\"https:\/\/urosassociats.com\/en\/uros-associats\/\"},{\"@type\":\"ListItem\",\"position\":2,\"name\":\"Badalona Uros Associats\"}]},{\"@type\":\"WebSite\",\"@id\":\"https:\/\/urosassociats.com\/#website\",\"url\":\"https:\/\/urosassociats.com\/\",\"name\":\"Uros Associats\",\"description\":\"Ur\u00f3logos en Barcelona y Tarragona. Expertos en todo tipo de tratamientos y patolog\u00edas de Urolog\u00eda | Androlog\u00eda, Chequeos, Cirug\u00eda, Oncolog\u00eda, Litiasis y m\u00e1s.\",\"publisher\":{\"@id\":\"https:\/\/urosassociats.com\/#organization\"},\"potentialAction\":[{\"@type\":\"SearchAction\",\"target\":{\"@type\":\"EntryPoint\",\"urlTemplate\":\"https:\/\/urosassociats.com\/?s={search_term_string}\"},\"query-input\":{\"@type\":\"PropertyValueSpecification\",\"valueRequired\":true,\"valueName\":\"search_term_string\"}}],\"inLanguage\":\"en-US\"},{\"@type\":\"Organization\",\"@id\":\"https:\/\/urosassociats.com\/#organization\",\"name\":\"Uros Associats\",\"url\":\"https:\/\/urosassociats.com\/\",\"logo\":{\"@type\":\"ImageObject\",\"inLanguage\":\"en-US\",\"@id\":\"https:\/\/urosassociats.com\/#\/schema\/logo\/image\/\",\"url\":\"https:\/\/urosassociats.com\/wp-content\/uploads\/2020\/05\/logo-principal.png\",\"contentUrl\":\"https:\/\/urosassociats.com\/wp-content\/uploads\/2020\/05\/logo-principal.png\",\"width\":688,\"height\":643,\"caption\":\"Uros Associats\"},\"image\":{\"@id\":\"https:\/\/urosassociats.com\/#\/schema\/logo\/image\/\"},\"sameAs\":[\"https:\/\/x.com\/uros_associats\",\"https:\/\/www.instagram.com\/urosassociats_\",\"https:\/\/www.linkedin.com\/company\/uros-associats\"]}]}<\/script>\n<!-- \/ Yoast SEO plugin. -->","yoast_head_json":{"title":"Urolog\u00eda en Badalona &#8211; Uros Associats","description":"Urology consultation in Badalona with Uros Associats. Specialists, advanced diagnostics and treatments. Book an appointment easily online.","robots":{"index":"index","follow":"follow","max-snippet":"max-snippet:-1","max-image-preview":"max-image-preview:large","max-video-preview":"max-video-preview:-1"},"canonical":"https:\/\/urosassociats.com\/en\/badalona-uros-associats\/","og_locale":"en_US","og_type":"article","og_title":"Urolog\u00eda en Badalona &#8211; Uros Associats","og_description":"Urology consultation in Badalona with Uros Associats. Specialists, advanced diagnostics and treatments. Book an appointment easily online.","og_url":"https:\/\/urosassociats.com\/en\/badalona-uros-associats\/","og_site_name":"Uros Associats","article_modified_time":"2026-04-10T06:18:26+00:00","og_image":[{"width":688,"height":643,"url":"https:\/\/urosassociats.com\/wp-content\/uploads\/2020\/05\/logo-principal.png","type":"image\/png"}],"twitter_card":"summary_large_image","twitter_site":"@uros_associats","twitter_misc":{"Est. reading time":"2 minutes"},"schema":{"@context":"https:\/\/schema.org","@graph":[{"@type":"WebPage","@id":"https:\/\/urosassociats.com\/en\/badalona-uros-associats\/","url":"https:\/\/urosassociats.com\/en\/badalona-uros-associats\/","name":"Urolog\u00eda en Badalona &#8211; Uros Associats","isPartOf":{"@id":"https:\/\/urosassociats.com\/#website"},"datePublished":"2023-10-30T08:15:19+00:00","dateModified":"2026-04-10T06:18:26+00:00","description":"Urology consultation in Badalona with Uros Associats. Specialists, advanced diagnostics and treatments. Book an appointment easily online.","breadcrumb":{"@id":"https:\/\/urosassociats.com\/en\/badalona-uros-associats\/#breadcrumb"},"inLanguage":"en-US","potentialAction":[{"@type":"ReadAction","target":["https:\/\/urosassociats.com\/en\/badalona-uros-associats\/"]}]},{"@type":"BreadcrumbList","@id":"https:\/\/urosassociats.com\/en\/badalona-uros-associats\/#breadcrumb","itemListElement":[{"@type":"ListItem","position":1,"name":"Home","item":"https:\/\/urosassociats.com\/en\/uros-associats\/"},{"@type":"ListItem","position":2,"name":"Badalona Uros Associats"}]},{"@type":"WebSite","@id":"https:\/\/urosassociats.com\/#website","url":"https:\/\/urosassociats.com\/","name":"Uros Associats","description":"Ur\u00f3logos en Barcelona y Tarragona. Expertos en todo tipo de tratamientos y patolog\u00edas de Urolog\u00eda | Androlog\u00eda, Chequeos, Cirug\u00eda, Oncolog\u00eda, Litiasis y m\u00e1s.","publisher":{"@id":"https:\/\/urosassociats.com\/#organization"},"potentialAction":[{"@type":"SearchAction","target":{"@type":"EntryPoint","urlTemplate":"https:\/\/urosassociats.com\/?s={search_term_string}"},"query-input":{"@type":"PropertyValueSpecification","valueRequired":true,"valueName":"search_term_string"}}],"inLanguage":"en-US"},{"@type":"Organization","@id":"https:\/\/urosassociats.com\/#organization","name":"Uros Associats","url":"https:\/\/urosassociats.com\/","logo":{"@type":"ImageObject","inLanguage":"en-US","@id":"https:\/\/urosassociats.com\/#\/schema\/logo\/image\/","url":"https:\/\/urosassociats.com\/wp-content\/uploads\/2020\/05\/logo-principal.png","contentUrl":"https:\/\/urosassociats.com\/wp-content\/uploads\/2020\/05\/logo-principal.png","width":688,"height":643,"caption":"Uros Associats"},"image":{"@id":"https:\/\/urosassociats.com\/#\/schema\/logo\/image\/"},"sameAs":["https:\/\/x.com\/uros_associats","https:\/\/www.instagram.com\/urosassociats_","https:\/\/www.linkedin.com\/company\/uros-associats"]}]}},"_links":{"self":[{"href":"https:\/\/urosassociats.com\/en\/wp-json\/wp\/v2\/pages\/20637","targetHints":{"allow":["GET"]}}],"collection":[{"href":"https:\/\/urosassociats.com\/en\/wp-json\/wp\/v2\/pages"}],"about":[{"href":"https:\/\/urosassociats.com\/en\/wp-json\/wp\/v2\/types\/page"}],"author":[{"embeddable":true,"href":"https:\/\/urosassociats.com\/en\/wp-json\/wp\/v2\/users\/3"}],"replies":[{"embeddable":true,"href":"https:\/\/urosassociats.com\/en\/wp-json\/wp\/v2\/comments?post=20637"}],"version-history":[{"count":10,"href":"https:\/\/urosassociats.com\/en\/wp-json\/wp\/v2\/pages\/20637\/revisions"}],"predecessor-version":[{"id":42208,"href":"https:\/\/urosassociats.com\/en\/wp-json\/wp\/v2\/pages\/20637\/revisions\/42208"}],"wp:attachment":[{"href":"https:\/\/urosassociats.com\/en\/wp-json\/wp\/v2\/media?parent=20637"}],"curies":[{"name":"wp","href":"https:\/\/api.w.org\/{rel}","templated":true}]}}