{"id":21338,"date":"2023-11-29T15:42:52","date_gmt":"2023-11-29T15:42:52","guid":{"rendered":"https:\/\/urosassociats.com\/politica-de-redes\/"},"modified":"2023-12-01T11:30:14","modified_gmt":"2023-12-01T11:30:14","slug":"network-policy","status":"publish","type":"page","link":"https:\/\/urosassociats.com\/en\/network-policy\/","title":{"rendered":"Network policy"},"content":{"rendered":"<div id=\"cmsmasters_row_8lfyz259l\" class=\"cmsmasters_row cmsmasters_color_scheme_default cmsmasters_row_top_default cmsmasters_row_bot_default cmsmasters_row_boxed\">\n<div class=\"cmsmasters_row_outer_parent\">\n<div class=\"cmsmasters_row_outer\">\n<div class=\"cmsmasters_row_inner\">\n<div class=\"cmsmasters_row_margin\">\n\n<div id=\"cmsmasters_column_2810kfkyvb\" class=\"cmsmasters_column one_first\">\n<div class=\"cmsmasters_column_inner\"><div class=\"cmsmasters_text\">\n<p>In accordance with the provisions of the current and applicable regulations on the protection of personal data and the Ley 34\/2002, of 11 July, on Information Society Services and Electronic Commerce (LSSI-CE), CSF UROS ASSOCIATS SLP Y TK UROS ASSOCIATS SLP informs users that it has proceeded to create a profile on the Social Networks, Instagram, Twitter, LinkedIn and YouTube, with the main purpose of advertising its products and services.<\/p>\n<p>Information of CSF UROS ASSOCIATS SLP and TK UROS ASSOCIATS SLP:<\/p>\n<ul>\n<li>ID: B65211955 and B66490863<\/li>\n<li>ADDRESS: TORRES I PUJALT 11-29, 2.9 08022<\/li>\n<li>EMAIL ADDRESS: <a href=\"mailto:info@urosassociats.com\">info@urosassociats.com<\/a><\/li>\n<li>WEB DOMAIN: urosassociats.com<\/li>\n<\/ul>\n<p>The user has a profile on the same social network and has decided to join the page created by CSF UROS ASSOCIATS SLP AND TK UROS ASSOCIATS SLP, thus showing interest in the information published on the network. By joining our website, you give us your consent to process the personal data published in your profile.<\/p>\n<p>The user can access the privacy policies of the Social Network at any time, as well as configure their profile to guarantee their privacy.<\/p>\n<p>CSF UROS ASSOCIATS SLP AND TK UROS ASSOCIATS SLP has access to and processes public information about the user, in particular the user&#8217;s contact name. This data is only used within the Social Network itself. They are not incorporated into any processing system.<\/p>\n<\/div>\n\n<div class=\"cmsmasters_text\">\n<p><strong>Rights of data subjects<\/strong><\/p>\n<p>In relation to the rights of access, rectification, limitation of processing, deletion, portability and opposition to the processing of your personal data, which you have and which may be exercised before CSF UROS ASSOCIATS SLP AND TK UROS ASSOCIATS SLP, in accordance with the RGPD, you should bear in mind the following nuances:<\/p>\n<ul>\n<li><span style=\"text-decoration: underline;\"><strong>Right of Access:<\/strong><\/span> This is the user&#8217;s right to obtain information about their specific personal data and the processing that has been or is being carried out, as well as the information available about the origin of said data and the communications made or planned for said data.<\/li>\n<li><span style=\"text-decoration: underline;\"><strong>Right of rectification:<\/strong><\/span> This is the right of the data subject to have data that proves to be inaccurate or incomplete amended. This right may only be exercised in relation to information that is under the control of CSF UROS ASSOCIATS SLP AND TK UROS ASSOCIATS SLP, for example, deleting comments published on the website itself, images or web content containing the user&#8217;s personal data.<\/li>\n<li><span style=\"text-decoration: underline;\"><strong>Right to the Limitation of processing:<\/strong><\/span> This is the right to limit the purposes of the processing originally foreseen by the data controller.<\/li>\n<li><span style=\"text-decoration: underline;\"><strong>Right of Deletion:<\/strong><\/span> This is the right to delete the user&#8217;s personal data, with the exception of the provisions of the GDPR itself or other applicable regulations that determine the obligatory nature of the conservation of the same, in due time and in accordance with the provisions of the GDPR.<\/li>\n<li><span style=\"text-decoration: underline;\"><strong>Right of portability:<\/strong><\/span> The right to receive the personal data provided by the user, in a structured, commonly used and machine-readable format, and to transmit them to another.<\/li>\n<li><span style=\"text-decoration: underline;\"><strong>Right of Opposition:<\/strong><\/span> This is the user&#8217;s right not to have their personal data processed or to have the processing of such data by CSF UROS ASSOCIATS SLP AND TK UROS ASSOCIATS SLP ceased.<\/li>\n<\/ul>\n<p>CSF UROS ASSOCIATS SLP AND TK UROS ASSOCIATS SLP will carry out the following actions:<\/p>\n<ul>\n<li>Publication on the user&#8217;s profile of all information already published on the CSF UROS ASSOCIATS<br \/>\nSLP and TK UROS ASSOCIATS SLP website.<\/li>\n<li>Sending personal and individual messages through the web channels.<\/li>\n<li>Updates on the status of the website<\/li>\n<\/ul>\n<p>You can always control your connections, delete content that no longer interests you and restrict who you share your connections with by accessing your privacy settings.<\/p>\n<p><strong>Publications<\/strong><\/p>\n<p>Once users have joined the CSF UROS ASSOCIATS SLP AND TK UROS ASSOCIATS SLP website, they may post comments, links, images or photographs or any other type of multimedia content supported by the Social Network on the latter. The user, in all cases, must be the owner of the same, hold the copyright and intellectual property rights or have the consent of the third parties concerned. Any publication on the site, whether texts, graphics, photographs, videos, etc., which infringe or are likely to infringe morals, ethics, good taste or decorum, and\/or which infringe, violate or violate intellectual or industrial property rights, the right to image or the law, is expressly prohibited. In such cases, CSF UROS ASSOCIATS SLP AND TK UROS ASSOCIATS SLP reserve the right to immediately remove the content and may request the permanent blocking of the user.<\/p>\n<p>CSF UROS ASSOCIATS SLP AND TK UROS ASSOCIATS SLP will not be held responsible for the contents freely published by a user.<\/p>\n<p>Users should be aware that their posts will be known to other users, so they are primarily responsible for their own privacy.<\/p>\n<p>The images that may be published on the website will not be stored in any processing system by CSF UROS ASSOCIATS SLP AND TK UROS ASSOCIATS SLP, but they will remain on the Social Network.<\/p>\n<p><strong>Advertising<\/strong><\/p>\n<p align=\"justify\">CSF UROS ASSOCIATS SLP Y TK UROS ASSOCIATS SLP will use the Social Network to advertise its products and services. In any case, if it decides to use your contact details to carry out direct commercial prospecting actions, it will always be in compliance with the legal requirements of the RGPD and the LSSI-CE.<\/p>\n<p align=\"justify\">Recommending the CSF UROS ASSOCIATS SLP AND TK UROS ASSOCIATS SLP website to other users so that they too can take advantage of promotions or be informed of its activities shall not be considered advertising.<\/p>\n<p align=\"justify\">Below is the link to the privacy policy of the Social Network:<\/p>\n<ul>\n<li>Twitter: <a href=\"https:\/\/twitter.com\/settings\/privacy_and_safety\">https:\/\/twitter.com\/settings\/privacy_and_safety&#8221;<\/a><\/li>\n<li>Instagram: <a href=\"http:\/\/instagram.com\/about\/legal\/privacy\/\">http:\/\/instagram.com\/about\/legal\/privacy\/<\/a><\/li>\n<li>YouTube: <a href=\"https:\/\/www.youtube.com\/intl\/es\/about\/policies\/#community-guidelines\">https:\/\/www.youtube.com\/intl\/es\/about\/policies\/#community-guidelines<\/a><\/li>\n<li>LinkedIn: <a href=\"https:\/\/es.linkedin.com\/legal\/privacy-policy\">https:\/\/es.linkedin.com\/legal\/privacy-policy<\/a><\/li>\n<\/ul>\n<\/div>\n\n<div class=\"cmsmasters_text\">\n<p><span style=\"text-decoration: underline;\"><strong>LAST UPDATE:<\/strong><\/span> 29\/11\/2023<\/p>\n<\/div>\n<\/div><\/div>\n\n<\/div>\n<\/div>\n<\/div>\n<\/div>\n<\/div>\n\n","protected":false},"excerpt":{"rendered":"","protected":false},"author":3,"featured_media":0,"parent":0,"menu_order":0,"comment_status":"closed","ping_status":"closed","template":"","meta":{"footnotes":""},"class_list":["post-21338","page","type-page","status-publish","hentry"],"yoast_head":"<!-- This site is optimized with the Yoast SEO plugin v25.9 - https:\/\/yoast.com\/wordpress\/plugins\/seo\/ -->\n<title>Network policy &#8211; Uros Associats<\/title>\n<meta name=\"robots\" content=\"index, follow, max-snippet:-1, max-image-preview:large, max-video-preview:-1\" \/>\n<link rel=\"canonical\" href=\"https:\/\/urosassociats.com\/en\/network-policy\/\" \/>\n<meta property=\"og:locale\" content=\"en_US\" \/>\n<meta property=\"og:type\" content=\"article\" \/>\n<meta property=\"og:title\" content=\"Network policy &#8211; Uros Associats\" \/>\n<meta property=\"og:url\" content=\"https:\/\/urosassociats.com\/en\/network-policy\/\" \/>\n<meta property=\"og:site_name\" content=\"Uros Associats\" \/>\n<meta property=\"article:modified_time\" content=\"2023-12-01T11:30:14+00:00\" \/>\n<meta property=\"og:image\" content=\"https:\/\/urosassociats.com\/wp-content\/uploads\/2020\/05\/logo-principal.png\" \/>\n\t<meta property=\"og:image:width\" content=\"688\" \/>\n\t<meta property=\"og:image:height\" content=\"643\" \/>\n\t<meta property=\"og:image:type\" content=\"image\/png\" \/>\n<meta name=\"twitter:card\" content=\"summary_large_image\" \/>\n<meta name=\"twitter:site\" content=\"@uros_associats\" \/>\n<meta name=\"twitter:label1\" content=\"Est. reading time\" \/>\n\t<meta name=\"twitter:data1\" content=\"5 minutes\" \/>\n<script type=\"application\/ld+json\" class=\"yoast-schema-graph\">{\"@context\":\"https:\/\/schema.org\",\"@graph\":[{\"@type\":\"WebPage\",\"@id\":\"https:\/\/urosassociats.com\/en\/network-policy\/\",\"url\":\"https:\/\/urosassociats.com\/en\/network-policy\/\",\"name\":\"Network policy &#8211; Uros Associats\",\"isPartOf\":{\"@id\":\"https:\/\/urosassociats.com\/#website\"},\"datePublished\":\"2023-11-29T15:42:52+00:00\",\"dateModified\":\"2023-12-01T11:30:14+00:00\",\"breadcrumb\":{\"@id\":\"https:\/\/urosassociats.com\/en\/network-policy\/#breadcrumb\"},\"inLanguage\":\"en-US\",\"potentialAction\":[{\"@type\":\"ReadAction\",\"target\":[\"https:\/\/urosassociats.com\/en\/network-policy\/\"]}]},{\"@type\":\"BreadcrumbList\",\"@id\":\"https:\/\/urosassociats.com\/en\/network-policy\/#breadcrumb\",\"itemListElement\":[{\"@type\":\"ListItem\",\"position\":1,\"name\":\"Home\",\"item\":\"https:\/\/urosassociats.com\/en\/\"},{\"@type\":\"ListItem\",\"position\":2,\"name\":\"Network policy\"}]},{\"@type\":\"WebSite\",\"@id\":\"https:\/\/urosassociats.com\/#website\",\"url\":\"https:\/\/urosassociats.com\/\",\"name\":\"Uros Associats\",\"description\":\"Ur\u00f3logos en Barcelona y Tarragona. Expertos en todo tipo de tratamientos y patolog\u00edas de Urolog\u00eda | Androlog\u00eda, Chequeos, Cirug\u00eda, Oncolog\u00eda, Litiasis y m\u00e1s.\",\"publisher\":{\"@id\":\"https:\/\/urosassociats.com\/#organization\"},\"potentialAction\":[{\"@type\":\"SearchAction\",\"target\":{\"@type\":\"EntryPoint\",\"urlTemplate\":\"https:\/\/urosassociats.com\/?s={search_term_string}\"},\"query-input\":{\"@type\":\"PropertyValueSpecification\",\"valueRequired\":true,\"valueName\":\"search_term_string\"}}],\"inLanguage\":\"en-US\"},{\"@type\":\"Organization\",\"@id\":\"https:\/\/urosassociats.com\/#organization\",\"name\":\"Uros Associats\",\"url\":\"https:\/\/urosassociats.com\/\",\"logo\":{\"@type\":\"ImageObject\",\"inLanguage\":\"en-US\",\"@id\":\"https:\/\/urosassociats.com\/#\/schema\/logo\/image\/\",\"url\":\"https:\/\/urosassociats.com\/wp-content\/uploads\/2020\/05\/logo-principal.png\",\"contentUrl\":\"https:\/\/urosassociats.com\/wp-content\/uploads\/2020\/05\/logo-principal.png\",\"width\":688,\"height\":643,\"caption\":\"Uros Associats\"},\"image\":{\"@id\":\"https:\/\/urosassociats.com\/#\/schema\/logo\/image\/\"},\"sameAs\":[\"https:\/\/x.com\/uros_associats\",\"https:\/\/www.instagram.com\/urosassociats_\",\"https:\/\/www.linkedin.com\/company\/uros-associats\"]}]}<\/script>\n<!-- \/ Yoast SEO plugin. -->","yoast_head_json":{"title":"Network policy &#8211; Uros Associats","robots":{"index":"index","follow":"follow","max-snippet":"max-snippet:-1","max-image-preview":"max-image-preview:large","max-video-preview":"max-video-preview:-1"},"canonical":"https:\/\/urosassociats.com\/en\/network-policy\/","og_locale":"en_US","og_type":"article","og_title":"Network policy &#8211; Uros Associats","og_url":"https:\/\/urosassociats.com\/en\/network-policy\/","og_site_name":"Uros Associats","article_modified_time":"2023-12-01T11:30:14+00:00","og_image":[{"width":688,"height":643,"url":"https:\/\/urosassociats.com\/wp-content\/uploads\/2020\/05\/logo-principal.png","type":"image\/png"}],"twitter_card":"summary_large_image","twitter_site":"@uros_associats","twitter_misc":{"Est. reading time":"5 minutes"},"schema":{"@context":"https:\/\/schema.org","@graph":[{"@type":"WebPage","@id":"https:\/\/urosassociats.com\/en\/network-policy\/","url":"https:\/\/urosassociats.com\/en\/network-policy\/","name":"Network policy &#8211; Uros Associats","isPartOf":{"@id":"https:\/\/urosassociats.com\/#website"},"datePublished":"2023-11-29T15:42:52+00:00","dateModified":"2023-12-01T11:30:14+00:00","breadcrumb":{"@id":"https:\/\/urosassociats.com\/en\/network-policy\/#breadcrumb"},"inLanguage":"en-US","potentialAction":[{"@type":"ReadAction","target":["https:\/\/urosassociats.com\/en\/network-policy\/"]}]},{"@type":"BreadcrumbList","@id":"https:\/\/urosassociats.com\/en\/network-policy\/#breadcrumb","itemListElement":[{"@type":"ListItem","position":1,"name":"Home","item":"https:\/\/urosassociats.com\/en\/"},{"@type":"ListItem","position":2,"name":"Network policy"}]},{"@type":"WebSite","@id":"https:\/\/urosassociats.com\/#website","url":"https:\/\/urosassociats.com\/","name":"Uros Associats","description":"Ur\u00f3logos en Barcelona y Tarragona. Expertos en todo tipo de tratamientos y patolog\u00edas de Urolog\u00eda | Androlog\u00eda, Chequeos, Cirug\u00eda, Oncolog\u00eda, Litiasis y m\u00e1s.","publisher":{"@id":"https:\/\/urosassociats.com\/#organization"},"potentialAction":[{"@type":"SearchAction","target":{"@type":"EntryPoint","urlTemplate":"https:\/\/urosassociats.com\/?s={search_term_string}"},"query-input":{"@type":"PropertyValueSpecification","valueRequired":true,"valueName":"search_term_string"}}],"inLanguage":"en-US"},{"@type":"Organization","@id":"https:\/\/urosassociats.com\/#organization","name":"Uros Associats","url":"https:\/\/urosassociats.com\/","logo":{"@type":"ImageObject","inLanguage":"en-US","@id":"https:\/\/urosassociats.com\/#\/schema\/logo\/image\/","url":"https:\/\/urosassociats.com\/wp-content\/uploads\/2020\/05\/logo-principal.png","contentUrl":"https:\/\/urosassociats.com\/wp-content\/uploads\/2020\/05\/logo-principal.png","width":688,"height":643,"caption":"Uros Associats"},"image":{"@id":"https:\/\/urosassociats.com\/#\/schema\/logo\/image\/"},"sameAs":["https:\/\/x.com\/uros_associats","https:\/\/www.instagram.com\/urosassociats_","https:\/\/www.linkedin.com\/company\/uros-associats"]}]}},"_links":{"self":[{"href":"https:\/\/urosassociats.com\/en\/wp-json\/wp\/v2\/pages\/21338","targetHints":{"allow":["GET"]}}],"collection":[{"href":"https:\/\/urosassociats.com\/en\/wp-json\/wp\/v2\/pages"}],"about":[{"href":"https:\/\/urosassociats.com\/en\/wp-json\/wp\/v2\/types\/page"}],"author":[{"embeddable":true,"href":"https:\/\/urosassociats.com\/en\/wp-json\/wp\/v2\/users\/3"}],"replies":[{"embeddable":true,"href":"https:\/\/urosassociats.com\/en\/wp-json\/wp\/v2\/comments?post=21338"}],"version-history":[{"count":5,"href":"https:\/\/urosassociats.com\/en\/wp-json\/wp\/v2\/pages\/21338\/revisions"}],"predecessor-version":[{"id":21403,"href":"https:\/\/urosassociats.com\/en\/wp-json\/wp\/v2\/pages\/21338\/revisions\/21403"}],"wp:attachment":[{"href":"https:\/\/urosassociats.com\/en\/wp-json\/wp\/v2\/media?parent=21338"}],"curies":[{"name":"wp","href":"https:\/\/api.w.org\/{rel}","templated":true}]}}