{"id":22395,"date":"2024-01-31T14:26:28","date_gmt":"2024-01-31T14:26:28","guid":{"rendered":"https:\/\/urosassociats.com\/management-team-2\/"},"modified":"2024-01-31T15:42:56","modified_gmt":"2024-01-31T15:42:56","slug":"professional-area-management-team","status":"publish","type":"page","link":"https:\/\/urosassociats.com\/en\/professional-area-management-team\/","title":{"rendered":"Management Team"},"content":{"rendered":"<div id=\"cmsmasters_row_ipnapwweqp\" class=\"cmsmasters_row cmsmasters_color_scheme_default cmsmasters_row_top_default cmsmasters_row_bot_default cmsmasters_row_boxed\">\n<div class=\"cmsmasters_row_outer_parent\">\n<div class=\"cmsmasters_row_outer\">\n<div class=\"cmsmasters_row_inner cmsmasters_row_no_margin\">\n<div class=\"cmsmasters_row_margin\">\n\n<div id=\"cmsmasters_column_kzv63j544q\" class=\"cmsmasters_column one_first\">\n<div class=\"cmsmasters_column_inner\"><div class=\"cmsmasters_text\">\n<p style=\"padding: 20px;\"><span style=\"font-size: 21px; font-weight: bold; color: #ffffff;\">MISSION<\/span><\/p>\n<\/div>\n<\/div><\/div>\n\n<\/div>\n<\/div>\n<\/div>\n<\/div>\n<\/div>\n\n<div id=\"cmsmasters_row_lacp9fvva\" class=\"cmsmasters_row cmsmasters_color_scheme_default cmsmasters_row_top_default cmsmasters_row_bot_default cmsmasters_row_boxed\">\n<div class=\"cmsmasters_row_outer_parent\">\n<div class=\"cmsmasters_row_outer\">\n<div class=\"cmsmasters_row_inner\">\n<div class=\"cmsmasters_row_margin\">\n\n<div id=\"cmsmasters_column_5phmjnt3d\" class=\"cmsmasters_column one_first\">\n<div class=\"cmsmasters_column_inner\"><div class=\"cmsmasters_text\">\n<p style=\"font-size: 16px;\"><span style=\"color: #000000;\">To provide our patients with excellent medical care. The patient comes first.<\/span><\/p>\n<\/div>\n<\/div><\/div>\n\n<\/div>\n<\/div>\n<\/div>\n<\/div>\n<\/div>\n\n<div id=\"cmsmasters_row_xdi5n1hsji\" class=\"cmsmasters_row cmsmasters_color_scheme_default cmsmasters_row_top_default cmsmasters_row_bot_default cmsmasters_row_boxed\">\n<div class=\"cmsmasters_row_outer_parent\">\n<div class=\"cmsmasters_row_outer\">\n<div class=\"cmsmasters_row_inner cmsmasters_row_no_margin\">\n<div class=\"cmsmasters_row_margin\">\n\n<div id=\"cmsmasters_column_bte8os2hfn\" class=\"cmsmasters_column one_first\">\n<div class=\"cmsmasters_column_inner\"><div class=\"cmsmasters_text\">\n<p style=\"padding: 20px;\"><span style=\"font-size: 21px; font-weight: bold; color: #ffffff;\">OUR VISION<\/span><\/p>\n<\/div>\n<\/div><\/div>\n\n<\/div>\n<\/div>\n<\/div>\n<\/div>\n<\/div>\n\n<div id=\"cmsmasters_row_gdtns98lh\" class=\"cmsmasters_row cmsmasters_color_scheme_default cmsmasters_row_top_default cmsmasters_row_bot_default cmsmasters_row_boxed\">\n<div class=\"cmsmasters_row_outer_parent\">\n<div class=\"cmsmasters_row_outer\">\n<div class=\"cmsmasters_row_inner\">\n<div class=\"cmsmasters_row_margin\">\n\n<div id=\"cmsmasters_column_17n9r1jy7g\" class=\"cmsmasters_column one_first\">\n<div class=\"cmsmasters_column_inner\"><div class=\"cmsmasters_text\">\n<p style=\"font-size: 16px;\"><span style=\"color: #000000;\">To continue to expand as a result of the recognition of our patients, not only for our quality but also for our humanity. To increase our presence in scientific forums and to be recognized in scientific societies according to the volume and quality of the care we provide.<\/span><\/p>\n<\/div>\n<\/div><\/div>\n\n<\/div>\n<\/div>\n<\/div>\n<\/div>\n<\/div>\n\n<div id=\"cmsmasters_row_3bsjt7eji\" class=\"cmsmasters_row cmsmasters_color_scheme_default cmsmasters_row_top_default cmsmasters_row_bot_default cmsmasters_row_boxed\">\n<div class=\"cmsmasters_row_outer_parent\">\n<div class=\"cmsmasters_row_outer\">\n<div class=\"cmsmasters_row_inner cmsmasters_row_no_margin\">\n<div class=\"cmsmasters_row_margin\">\n\n<div id=\"cmsmasters_column_6syaoihfk\" class=\"cmsmasters_column one_first\">\n<div class=\"cmsmasters_column_inner\"><div class=\"cmsmasters_text\">\n<p style=\"padding: 20px;\"><span style=\"font-size: 21px; font-weight: bold; color: #ffffff;\">VALUES<\/span><\/p>\n<\/div>\n<\/div><\/div>\n\n<\/div>\n<\/div>\n<\/div>\n<\/div>\n<\/div>\n\n<div id=\"cmsmasters_row_vmj584fga\" class=\"cmsmasters_row cmsmasters_color_scheme_default cmsmasters_row_top_default cmsmasters_row_bot_default cmsmasters_row_boxed\">\n<div id=\"list-anim\" class=\"cmsmasters_row_outer_parent\">\n<div class=\"cmsmasters_row_outer\">\n<div class=\"cmsmasters_row_inner\">\n<div class=\"cmsmasters_row_margin\">\n\n<div id=\"cmsmasters_column_b79ydunjen\" class=\"cmsmasters_column one_first\">\n<div class=\"cmsmasters_column_inner\"><div class=\"cmsmasters_text\">\n<ol style=\"font-size: 16px; color: #000000;\">\n<li><span style=\"color: #000000;\"><strong>Humane treatment:<\/strong> We always put people at the center of everything.<\/span><\/li>\n<li><span style=\"color: #000000;\"><strong>Excellence:<\/strong> We make it a standard to review all surgical cases and complicated cases are reviewed in our daily clinical sessions. In addition, we do not neglect attending congresses and courses to continue offering quality and innovative medical care.<\/span><\/li>\n<li><span style=\"color: #000000;\"><strong>Commitment:<\/strong> We have the ability to deliver on our promise, help you.<\/span><\/li>\n<li><span style=\"color: #000000;\"><strong>Professionalism:<\/strong> We carry out our work as a personal challenge, our self-demand and passion guides us to achieve our mission.<\/span><\/li>\n<li><span style=\"color: #000000;\"><strong>Humility:<\/strong> We put ourselves in the place of the person in front of us.<\/span><\/li>\n<li><span style=\"color: #000000;\"><strong>Common Sense:<\/strong> It is a fundamental tool that we use in all our decisions.<\/span><\/li>\n<li><span style=\"color: #000000;\"><strong>Respect:<\/strong> We promote an inclusive environment that values each person&#8217;s abilities and contributions.<\/span><\/li>\n<\/ol>\n<\/div>\n<\/div><\/div>\n\n<\/div>\n<\/div>\n<\/div>\n<\/div>\n<\/div>\n\n<div id=\"cmsmasters_row_vsstpsdfd7\" class=\"cmsmasters_row cmsmasters_color_scheme_default equipo-admin-images cmsmasters_row_top_default cmsmasters_row_bot_default cmsmasters_row_boxed\">\n<div class=\"cmsmasters_row_outer_parent\">\n<div class=\"cmsmasters_row_outer\">\n<div class=\"cmsmasters_row_inner\">\n<div class=\"cmsmasters_row_margin\">\n\n<div id=\"cmsmasters_column_b9gr9ae2na\" class=\"cmsmasters_column one_half\">\n<div class=\"cmsmasters_column_inner\"><div class=\"cmsmasters_img  cmsmasters_image_n\"><img decoding=\"async\" src=\"https:\/\/urosassociats.com\/wp-content\/uploads\/2024\/01\/01.webp\" \/><\/div><div class=\"cmsmasters_img  cmsmasters_image_n\"><img decoding=\"async\" src=\"https:\/\/urosassociats.com\/wp-content\/uploads\/2024\/01\/IMG-2199-scaled.webp\" \/><\/div>\n<\/div><\/div>\n\n<div id=\"cmsmasters_column_xq6glf2gtv\" class=\"cmsmasters_column one_half\">\n<div class=\"cmsmasters_column_inner\"><div class=\"cmsmasters_img  cmsmasters_image_n\"><img decoding=\"async\" src=\"https:\/\/urosassociats.com\/wp-content\/uploads\/2024\/01\/TEKNON-2.webp\" \/><\/div><div class=\"cmsmasters_img  cmsmasters_image_n\"><img decoding=\"async\" src=\"https:\/\/urosassociats.com\/wp-content\/uploads\/2024\/01\/TARRAGONA-scaled.webp\" \/><\/div>\n<\/div><\/div>\n\n<\/div>\n<\/div>\n<\/div>\n<\/div>\n<\/div>\n\n<div id=\"cmsmasters_row_5he014ba2\" class=\"cmsmasters_row cmsmasters_color_scheme_default cmsmasters_row_top_default cmsmasters_row_bot_default cmsmasters_row_boxed\">\n<div class=\"cmsmasters_row_outer_parent\">\n<div class=\"cmsmasters_row_outer\">\n<div class=\"cmsmasters_row_inner\">\n<div class=\"cmsmasters_row_margin\">\n\n<div id=\"cmsmasters_column_7yu47e3vfw\" class=\"cmsmasters_column one_first\">\n<div class=\"cmsmasters_column_inner\"><div class=\"cmsmasters_text\">\n<p style=\"text-align: center; font-size: 16px;\"><span style=\"color: #000000;\">If you are interested in working with us, send us your CV to the following email:<\/span><\/p>\n<p style=\"text-align: center; font-size: 16px;\"><a style=\"font-size: 16px;\" href=\"mailto:people@urosassociats.com\">people@urosassociats.com<\/a><\/p>\n<p style=\"text-align: center; font-size: 16px;\"><span style=\"color: #000000;\">We look forward to meeting you!<\/span><\/p>\n<\/div>\n<\/div><\/div>\n\n<\/div>\n<\/div>\n<\/div>\n<\/div>\n<\/div>\n\n<div id=\"cmsmasters_row_s2zwmrnio9\" class=\"cmsmasters_row cmsmasters_color_scheme_default cmsmasters_row_top_default cmsmasters_row_bot_default cmsmasters_row_boxed\">\n<div class=\"cmsmasters_row_outer_parent\">\n<div class=\"cmsmasters_row_outer\">\n<div class=\"cmsmasters_row_inner\">\n<div class=\"cmsmasters_row_margin\">\n\n<div id=\"cmsmasters_column_q4a5qjf0p\" class=\"cmsmasters_column one_first\">\n<div class=\"cmsmasters_column_inner\"><div class=\"cmsmasters_text\">\n<p style=\"text-align: center; font-size: 16px;\"><span style=\"color: #000000;\">You can also keep up to date with our job offers on our<\/span> <a style=\"font-size: 16px;\" href=\"https:\/\/www.linkedin.com\/company\/uros-associats\/?originalSubdomain=es\">LinkedIn<\/a> <span style=\"color: #000000;\">profile, within the<\/span> <a style=\"font-size: 16px;\" href=\"https:\/\/www.scurologia.cat\/agenda\/not%C3%ADcies\/ofertes-de-treball\/\">SOCIETAT CATALANA UROLOGIA (SCU)<\/a> <span style=\"color: #000000;\">and the<\/span> <a style=\"font-size: 16px;\" href=\"https:\/\/aeu.es\/OfertasEmpleo.aspx\">ASOCIACION ESPA\u00d1OLA UROLOGIA (AEU)<\/a><\/p>\n<\/div>\n<\/div><\/div>\n\n<\/div>\n<\/div>\n<\/div>\n<\/div>\n<\/div>\n\n<div id=\"cmsmasters_row_3pi024u9bb\" class=\"cmsmasters_row cmsmasters_color_scheme_default cmsmasters_row_top_default cmsmasters_row_bot_default cmsmasters_row_boxed\">\n<div class=\"cmsmasters_row_outer_parent\">\n<div class=\"cmsmasters_row_outer\">\n<div class=\"cmsmasters_row_inner\">\n<div class=\"cmsmasters_row_margin\">\n\n<div id=\"cmsmasters_column_x321u8h9b\" class=\"cmsmasters_column one_first\">\n<div class=\"cmsmasters_column_inner\"><\/div><\/div>\n\n<\/div>\n<\/div>\n<\/div>\n<\/div>\n<\/div>\n\n","protected":false},"excerpt":{"rendered":"","protected":false},"author":3,"featured_media":0,"parent":0,"menu_order":0,"comment_status":"closed","ping_status":"closed","template":"","meta":{"footnotes":""},"class_list":["post-22395","page","type-page","status-publish","hentry"],"yoast_head":"<!-- This site is optimized with the Yoast SEO plugin v25.9 - https:\/\/yoast.com\/wordpress\/plugins\/seo\/ -->\n<title>Management Team &#8211; Uros Associats<\/title>\n<meta name=\"robots\" content=\"index, follow, max-snippet:-1, max-image-preview:large, max-video-preview:-1\" \/>\n<link rel=\"canonical\" href=\"https:\/\/urosassociats.com\/en\/professional-area-management-team\/\" \/>\n<meta property=\"og:locale\" content=\"en_US\" \/>\n<meta property=\"og:type\" content=\"article\" \/>\n<meta property=\"og:title\" content=\"Management Team &#8211; Uros Associats\" \/>\n<meta property=\"og:url\" content=\"https:\/\/urosassociats.com\/en\/professional-area-management-team\/\" \/>\n<meta property=\"og:site_name\" content=\"Uros Associats\" \/>\n<meta property=\"article:modified_time\" content=\"2024-01-31T15:42:56+00:00\" \/>\n<meta property=\"og:image\" content=\"https:\/\/urosassociats.com\/wp-content\/uploads\/2020\/05\/logo-principal.png\" \/>\n\t<meta property=\"og:image:width\" content=\"688\" \/>\n\t<meta property=\"og:image:height\" content=\"643\" \/>\n\t<meta property=\"og:image:type\" content=\"image\/png\" \/>\n<meta name=\"twitter:card\" content=\"summary_large_image\" \/>\n<meta name=\"twitter:site\" content=\"@uros_associats\" \/>\n<meta name=\"twitter:label1\" content=\"Est. reading time\" \/>\n\t<meta name=\"twitter:data1\" content=\"3 minutes\" \/>\n<script type=\"application\/ld+json\" class=\"yoast-schema-graph\">{\"@context\":\"https:\/\/schema.org\",\"@graph\":[{\"@type\":\"WebPage\",\"@id\":\"https:\/\/urosassociats.com\/en\/professional-area-management-team\/\",\"url\":\"https:\/\/urosassociats.com\/en\/professional-area-management-team\/\",\"name\":\"Management Team &#8211; Uros Associats\",\"isPartOf\":{\"@id\":\"https:\/\/urosassociats.com\/#website\"},\"datePublished\":\"2024-01-31T14:26:28+00:00\",\"dateModified\":\"2024-01-31T15:42:56+00:00\",\"breadcrumb\":{\"@id\":\"https:\/\/urosassociats.com\/en\/professional-area-management-team\/#breadcrumb\"},\"inLanguage\":\"en-US\",\"potentialAction\":[{\"@type\":\"ReadAction\",\"target\":[\"https:\/\/urosassociats.com\/en\/professional-area-management-team\/\"]}]},{\"@type\":\"BreadcrumbList\",\"@id\":\"https:\/\/urosassociats.com\/en\/professional-area-management-team\/#breadcrumb\",\"itemListElement\":[{\"@type\":\"ListItem\",\"position\":1,\"name\":\"Home\",\"item\":\"https:\/\/urosassociats.com\/en\/\"},{\"@type\":\"ListItem\",\"position\":2,\"name\":\"Management Team\"}]},{\"@type\":\"WebSite\",\"@id\":\"https:\/\/urosassociats.com\/#website\",\"url\":\"https:\/\/urosassociats.com\/\",\"name\":\"Uros Associats\",\"description\":\"Ur\u00f3logos en Barcelona y Tarragona. Expertos en todo tipo de tratamientos y patolog\u00edas de Urolog\u00eda | Androlog\u00eda, Chequeos, Cirug\u00eda, Oncolog\u00eda, Litiasis y m\u00e1s.\",\"publisher\":{\"@id\":\"https:\/\/urosassociats.com\/#organization\"},\"potentialAction\":[{\"@type\":\"SearchAction\",\"target\":{\"@type\":\"EntryPoint\",\"urlTemplate\":\"https:\/\/urosassociats.com\/?s={search_term_string}\"},\"query-input\":{\"@type\":\"PropertyValueSpecification\",\"valueRequired\":true,\"valueName\":\"search_term_string\"}}],\"inLanguage\":\"en-US\"},{\"@type\":\"Organization\",\"@id\":\"https:\/\/urosassociats.com\/#organization\",\"name\":\"Uros Associats\",\"url\":\"https:\/\/urosassociats.com\/\",\"logo\":{\"@type\":\"ImageObject\",\"inLanguage\":\"en-US\",\"@id\":\"https:\/\/urosassociats.com\/#\/schema\/logo\/image\/\",\"url\":\"https:\/\/urosassociats.com\/wp-content\/uploads\/2020\/05\/logo-principal.png\",\"contentUrl\":\"https:\/\/urosassociats.com\/wp-content\/uploads\/2020\/05\/logo-principal.png\",\"width\":688,\"height\":643,\"caption\":\"Uros Associats\"},\"image\":{\"@id\":\"https:\/\/urosassociats.com\/#\/schema\/logo\/image\/\"},\"sameAs\":[\"https:\/\/x.com\/uros_associats\",\"https:\/\/www.instagram.com\/urosassociats_\",\"https:\/\/www.linkedin.com\/company\/uros-associats\"]}]}<\/script>\n<!-- \/ Yoast SEO plugin. -->","yoast_head_json":{"title":"Management Team &#8211; Uros Associats","robots":{"index":"index","follow":"follow","max-snippet":"max-snippet:-1","max-image-preview":"max-image-preview:large","max-video-preview":"max-video-preview:-1"},"canonical":"https:\/\/urosassociats.com\/en\/professional-area-management-team\/","og_locale":"en_US","og_type":"article","og_title":"Management Team &#8211; Uros Associats","og_url":"https:\/\/urosassociats.com\/en\/professional-area-management-team\/","og_site_name":"Uros Associats","article_modified_time":"2024-01-31T15:42:56+00:00","og_image":[{"width":688,"height":643,"url":"https:\/\/urosassociats.com\/wp-content\/uploads\/2020\/05\/logo-principal.png","type":"image\/png"}],"twitter_card":"summary_large_image","twitter_site":"@uros_associats","twitter_misc":{"Est. reading time":"3 minutes"},"schema":{"@context":"https:\/\/schema.org","@graph":[{"@type":"WebPage","@id":"https:\/\/urosassociats.com\/en\/professional-area-management-team\/","url":"https:\/\/urosassociats.com\/en\/professional-area-management-team\/","name":"Management Team &#8211; Uros Associats","isPartOf":{"@id":"https:\/\/urosassociats.com\/#website"},"datePublished":"2024-01-31T14:26:28+00:00","dateModified":"2024-01-31T15:42:56+00:00","breadcrumb":{"@id":"https:\/\/urosassociats.com\/en\/professional-area-management-team\/#breadcrumb"},"inLanguage":"en-US","potentialAction":[{"@type":"ReadAction","target":["https:\/\/urosassociats.com\/en\/professional-area-management-team\/"]}]},{"@type":"BreadcrumbList","@id":"https:\/\/urosassociats.com\/en\/professional-area-management-team\/#breadcrumb","itemListElement":[{"@type":"ListItem","position":1,"name":"Home","item":"https:\/\/urosassociats.com\/en\/"},{"@type":"ListItem","position":2,"name":"Management Team"}]},{"@type":"WebSite","@id":"https:\/\/urosassociats.com\/#website","url":"https:\/\/urosassociats.com\/","name":"Uros Associats","description":"Ur\u00f3logos en Barcelona y Tarragona. Expertos en todo tipo de tratamientos y patolog\u00edas de Urolog\u00eda | Androlog\u00eda, Chequeos, Cirug\u00eda, Oncolog\u00eda, Litiasis y m\u00e1s.","publisher":{"@id":"https:\/\/urosassociats.com\/#organization"},"potentialAction":[{"@type":"SearchAction","target":{"@type":"EntryPoint","urlTemplate":"https:\/\/urosassociats.com\/?s={search_term_string}"},"query-input":{"@type":"PropertyValueSpecification","valueRequired":true,"valueName":"search_term_string"}}],"inLanguage":"en-US"},{"@type":"Organization","@id":"https:\/\/urosassociats.com\/#organization","name":"Uros Associats","url":"https:\/\/urosassociats.com\/","logo":{"@type":"ImageObject","inLanguage":"en-US","@id":"https:\/\/urosassociats.com\/#\/schema\/logo\/image\/","url":"https:\/\/urosassociats.com\/wp-content\/uploads\/2020\/05\/logo-principal.png","contentUrl":"https:\/\/urosassociats.com\/wp-content\/uploads\/2020\/05\/logo-principal.png","width":688,"height":643,"caption":"Uros Associats"},"image":{"@id":"https:\/\/urosassociats.com\/#\/schema\/logo\/image\/"},"sameAs":["https:\/\/x.com\/uros_associats","https:\/\/www.instagram.com\/urosassociats_","https:\/\/www.linkedin.com\/company\/uros-associats"]}]}},"_links":{"self":[{"href":"https:\/\/urosassociats.com\/en\/wp-json\/wp\/v2\/pages\/22395","targetHints":{"allow":["GET"]}}],"collection":[{"href":"https:\/\/urosassociats.com\/en\/wp-json\/wp\/v2\/pages"}],"about":[{"href":"https:\/\/urosassociats.com\/en\/wp-json\/wp\/v2\/types\/page"}],"author":[{"embeddable":true,"href":"https:\/\/urosassociats.com\/en\/wp-json\/wp\/v2\/users\/3"}],"replies":[{"embeddable":true,"href":"https:\/\/urosassociats.com\/en\/wp-json\/wp\/v2\/comments?post=22395"}],"version-history":[{"count":2,"href":"https:\/\/urosassociats.com\/en\/wp-json\/wp\/v2\/pages\/22395\/revisions"}],"predecessor-version":[{"id":22404,"href":"https:\/\/urosassociats.com\/en\/wp-json\/wp\/v2\/pages\/22395\/revisions\/22404"}],"wp:attachment":[{"href":"https:\/\/urosassociats.com\/en\/wp-json\/wp\/v2\/media?parent=22395"}],"curies":[{"name":"wp","href":"https:\/\/api.w.org\/{rel}","templated":true}]}}